{"id":11981,"date":"2022-01-31T10:50:28","date_gmt":"2022-01-31T09:50:28","guid":{"rendered":"https:\/\/wp.fuso.meelogic.hosting\/?page_id=11981"},"modified":"2023-04-05T13:10:27","modified_gmt":"2023-04-05T11:10:27","slug":"dienstleistungen","status":"publish","type":"page","link":"https:\/\/www.fuso-trucks.be\/de\/dienstleistungen\/","title":{"rendered":"Dienstleistungen"},"content":{"rendered":"<div class=\"wpb-content-wrapper\"><p>[vc_row][vc_column]\n                <div class=\"fusoeurope-text-image wpb_content_element  item--image--top  bigger centered\" >\n                    <div class=\"item item--text wpb_text_column\">\n                        <h2>\u00dcBERZEUGENDES ANGEBOT. DIE FUSO DIENSTLEISTUNGEN.<\/h2>\n\n                    <\/div>\n                <\/div>[\/vc_column][vc_column]\n    <div class=\"wpb_content_element tiles fusoeurope-tiles\" ><div class=\"wpb_text_column\">\n            <ul class=\"tiles__list no_slick flex-3\">\n                <li class=\"wpb_content_element  bg--grey tiles__list__element\" ><div class=\"tiles__list__element__image\"><a href=\"https:\/\/www.fuso-trucks.be\/de\/dienstleistungen\/finanzierung\/\"><img decoding=\"async\" class=\"layout-cover\" src=\"https:\/\/www.fuso-trucks.be\/wp-content\/uploads\/sites\/22\/2022\/08\/dienst_finanzierung.jpg\" alt=\"\" \/><\/a><\/div><div class=\"tiles__list__element__text wpb_text_column\"><h3 class=\"tiles__list__element__subtitle\">GUTES GESCH\u00c4FT.<br \/>\nDIE FUSO FINANZIERUNGEN.<\/h3><div class=\"tiles__list__element__description\"><p>Die Daimler Truck Financial Services Group versteht die Bed\u00fcrfnisse ihrer Kunden und bietet f\u00fcr den FUSO Canter interessante Alternativen zum Barkauf an. Ausf\u00fchrliche Beratung zu den verschiedenen Finanzierungs-Produkten und die Erstellung eines individuellen Angebots erhalten Kunden bei ihrem FUSO H\u00e4ndler.<\/p>\n<\/div>\n                <div class=\"tiles__list__element__link-container\">\n                    <a href=\"https:\/\/www.fuso-trucks.be\/de\/dienstleistungen\/finanzierung\/\" class=\"tiles__list__element__link\">MEHR ERFAHREN<\/a>\n                <\/div><\/div><\/li><li class=\"wpb_content_element  bg--grey tiles__list__element\" ><div class=\"tiles__list__element__image\"><a href=\"https:\/\/www.fuso-trucks.be\/de\/dienstleistungen\/leasing\/\"><img decoding=\"async\" class=\"layout-cover\" src=\"https:\/\/www.fuso-trucks.be\/wp-content\/uploads\/sites\/22\/2022\/08\/dienst_leasing.jpg\" alt=\"\" \/><\/a><\/div><div class=\"tiles__list__element__text wpb_text_column\"><h3 class=\"tiles__list__element__subtitle\">HALBE MIETE.<br \/>\nDAS FUSO LEASING.<\/h3><div class=\"tiles__list__element__description\"><p>F\u00fcr eine wirtschaftliche Anschaffung eines neuen FUSO Canter bietet die Daimler Truck Financial Services Group attraktive Leasingl\u00f6sungen an &#8211; perfekt zugeschnitten auf die Anforderungen des jeweiligen Kunden. Individuelle Leasingangebot nach Wunsch erhalten Kunden bei ihrem FUSO H\u00e4ndler.<\/p>\n<\/div>\n                <div class=\"tiles__list__element__link-container\">\n                    <a href=\"https:\/\/www.fuso-trucks.be\/de\/dienstleistungen\/leasing\/\" class=\"tiles__list__element__link\">MEHR ERFAHREN<\/a>\n                <\/div><\/div><\/li><li class=\"wpb_content_element  bg--grey tiles__list__element\" ><div class=\"tiles__list__element__image\"><a href=\"https:\/\/www.fuso-trucks.be\/de\/dienstleistungen\/versicherungen\/\"><img decoding=\"async\" class=\"layout-cover\" src=\"https:\/\/www.fuso-trucks.be\/wp-content\/uploads\/sites\/22\/2022\/08\/dienst_versicherung.jpg\" alt=\"\" \/><\/a><\/div><div class=\"tiles__list__element__text wpb_text_column\"><h3 class=\"tiles__list__element__subtitle\">AUS GR\u00dcNDEN.<br \/>\nDIE FUSO VERSICHERUNG.<\/h3><div class=\"tiles__list__element__description\"><p>Der FUSO Canter \u00fcberzeugt in Punkto Sicherheit. Aber trotzdem gilt: Vorsicht ist besser als Nachsicht. Mit der Lkw-Versicherung setzen FUSO Kunden in jedem Fall auf ein Produkt, dessen Leistungsumfang ebenfalls \u00fcberzeugt. Die Produktberatung und der Verkauf erfolgt durch die FUSO H\u00e4ndler.<\/p>\n<\/div>\n                <div class=\"tiles__list__element__link-container\">\n                    <a href=\"https:\/\/www.fuso-trucks.be\/de\/dienstleistungen\/versicherungen\/\" class=\"tiles__list__element__link\">MEHR ERFAHREN<\/a>\n                <\/div><\/div><\/li>\n            <\/ul>\n        <\/div>\n    <\/div>\n[\/vc_column][\/vc_row][vc_row][vc_column]\n                <div class=\"fusoeurope-text-image wpb_content_element bg--grey item--image--left \" >\n                    <div class=\"item item--image\">\n                        <img decoding=\"async\" class=\"layout-cover\" src=\"https:\/\/www.fuso-trucks.be\/wp-content\/uploads\/sites\/22\/2022\/09\/4-25t_e_hero-1400x933.jpg\" alt=\"\" \/>\n                    <\/div>\n                    <div class=\"item item--text wpb_text_column\">\n                        <h2>Financial Services.<\/h2>\n<ul>\n<li>Daimler Truck Financial Services (DTFS) verf\u00fcgt \u00fcber mehr als 35 Jahre Erfahrung im Leasinggesch\u00e4ft in Belgien.<\/li>\n<li>Entsprechend der Kundenbed\u00fcrfnisse k\u00f6nnen wir 2 verschiedene Leasingformen anbieten. Zum einen ein Financial Lease und zum anderen die Renting Pro Formel.<\/li>\n<li>Welche Formel passt am besten? Ihr offizieller H\u00e4ndler wird gerne \u00fcber die verschiedenen M\u00f6glichkeiten informieren und kann ein ma\u00dfgeschneidertes Angebot unterbreiten.<\/li>\n<\/ul>\n\n                    <\/div>\n                <\/div>[\/vc_column][\/vc_row][vc_row disable_element=&#8221;yes&#8221;][vc_column]\n                <div class=\"fusoeurope-text-image wpb_content_element  item--image--top \" >\n                    <div class=\"item item--text wpb_text_column\">\n                        <h2>CANTER ALTERNATIV.<br \/>\nMIETE UND TOP-GEBRAUCHTE.<\/h2>\n\n                    <\/div>\n                <\/div>\n    <div class=\"wpb_content_element tiles fusoeurope-tiles\" ><div class=\"wpb_text_column\">\n            <ul class=\"tiles__list no_slick flex-2\">\n                <li class=\"wpb_content_element  bg--grey tiles__list__element\" ><div class=\"tiles__list__element__image\"><a href=\"https:\/\/www.mercedes-benz-trucks.com\/de_DE\/buy\/charterway.html\"><img decoding=\"async\" class=\"layout-cover\" src=\"https:\/\/www.fuso-trucks.be\/wp-content\/uploads\/sites\/22\/2022\/08\/dienst_charterway.jpg\" alt=\"\" \/><\/a><\/div><div class=\"tiles__list__element__text wpb_text_column\"><h3 class=\"tiles__list__element__subtitle\">MERCEDES-BENZ CHARTERWAY.<br \/>\nCANTER EINFACH MIETEN.<\/h3><div class=\"tiles__list__element__description\"><p>Den Canter mieten und sofort loslegen &#8211; mit CharterWay. CharterWay bietet seinen Kunden individuell kombinierbare Dienstleistungsbausteine, vom Service \u00fcber die Miete bis zum Leasing. Sie k\u00f6nnen aus einem \u00fcber 8.000 Fahrzeuge umfassenden Mietfuhrpark die f\u00fcr sie passende L\u00f6sung w\u00e4hlen. Alternativ bietet das CharterWay ServiceLeasing individuell kombinierbare Dienstleistungen und transparenten Kosten zur Sicherung der Mobilit\u00e4t. So sind CharterWay Kunden rundum gut versorgt \u2013 vom ersten bis zum letzten Kilometer.<\/p>\n<\/div>\n                <div class=\"tiles__list__element__link-container\">\n                    <a href=\"https:\/\/www.mercedes-benz-trucks.com\/de_DE\/buy\/charterway.html\" class=\"tiles__list__element__link\">Zu CharterWay<\/a>\n                <\/div><\/div><\/li><li class=\"wpb_content_element  bg--grey tiles__list__element\" ><div class=\"tiles__list__element__image\"><a href=\"https:\/\/www.truckstore.com\/BE\/en\/?pk_campaign=HPA-NAMC-DETS\"><img decoding=\"async\" class=\"layout-cover\" src=\"https:\/\/www.fuso-trucks.be\/wp-content\/uploads\/sites\/22\/2022\/08\/dienst_zu-truckstore.jpg\" alt=\"\" \/><\/a><\/div><div class=\"tiles__list__element__text wpb_text_column\"><h3 class=\"tiles__list__element__subtitle\">TRUCKSTORE.<br \/>\nCANTER TOP-GEBRAUCHT KAUFEN.<\/h3><div class=\"tiles__list__element__description\"><p>TruckStore ist Europas erste Adresse f\u00fcr den An- und Verkauf von gebrauchten Lkw. Nat\u00fcrlich gibt es im TruckStore auch junge gebrauchte Nutzfahrzeuge von FUSO. Komplett mit dem ben\u00f6tigten Aufbau, f\u00fcr den sofortigen Einsatz. Im TruckStore arbeiten Menschen, die die Branche und die individuellen Anforderungen ihrer Kunden verstehen. Sie helfen den Kunden dabei, das richtige Fahrzeug sowie die beste Servicekomponente f\u00fcr diese Anforderungen zu finden. Von der Pritsche bis zum K\u00fchlkoffer. Von der Finanzierung bis zum Buyback. Mit umfassendem Garantieschutz.<\/p>\n<\/div>\n                <div class=\"tiles__list__element__link-container\">\n                    <a href=\"https:\/\/www.truckstore.com\/BE\/en\/?pk_campaign=HPA-NAMC-DETS\" class=\"tiles__list__element__link\">Zu Truckstore<\/a>\n                <\/div><\/div><\/li>\n            <\/ul>\n        <\/div>\n    <\/div>\n[\/vc_column][\/vc_row][vc_row][vc_column]\n    <div class=\"wpb_content_element fusoeurope-hero \" >\n        <div class=\"hero hero\u2014-image full-screen-width\">\n            <picture class=\"hero__list__element__picture\"><source media=\"(min-width: 1025px)\" srcset=\"https:\/\/www.fuso-trucks.be\/wp-content\/uploads\/sites\/22\/2022\/08\/dienst_altfahrzeug.jpg\"><source media=\"(min-width: 768px)\" srcset=\"https:\/\/www.fuso-trucks.be\/wp-content\/uploads\/sites\/22\/2022\/08\/dienst_altfahrzeug.jpg\"><source media=\"(min-width: 576px)\" srcset=\"https:\/\/www.fuso-trucks.be\/wp-content\/uploads\/sites\/22\/2022\/08\/dienst_altfahrzeug.jpg\"><img decoding=\"async\" class=\"\" src=\"https:\/\/www.fuso-trucks.be\/wp-content\/uploads\/sites\/22\/2022\/08\/dienst_altfahrzeug-700x461.jpg\" alt=\"\"><\/picture>\n        <\/div>\n    <\/div>\n[\/vc_column][\/vc_row][vc_row][vc_column]\n                <div class=\"fusoeurope-text-image wpb_content_element  item--image--top \" >\n                    <div class=\"item item--text wpb_text_column\">\n                        <h2><b>GEREGELTER ABLAUF.\u00a0<\/b><b>DIE FUSO ALTFAHRZEUGR\u00dcCKNAHME.<\/b><\/h2>\n<h3>ALTFAHRZEUGR\u00dcCKNAHME BIS 3,5 t zGG.<\/h3>\n<p>Seit Inkrafttreten des ELV-Gesetzes* haben Kunden die M\u00f6glichkeit, ihr altes Fahrzeug unter folgenden Umst\u00e4nden an den Hersteller zur\u00fcckzugeben:<\/p>\n<ul>\n<li>Es handelt sich um ein Kraftfahrzeug bis zu 3,5t.<\/li>\n<li>Alle wesentlichen Bestandteile wie Antrieb (Motor, Getriebe etc.), Fahrwerk, Karosserie, Katalysator oder elektronische Steuerger\u00e4te sind im Fahrzeug vorhanden.<\/li>\n<li>Es befindet sich kein Abfall im Fahrzeug.<\/li>\n<li>Das Fahrzeug ist oder war vor der Stilllegung mindestens einen Monat in einem Land der Europ\u00e4ischen Union zugelassen.<\/li>\n<li>Die Zulassungsdokumente werden mit \u00fcbergeben.<\/li>\n<\/ul>\n<p>&nbsp;<\/p>\n<p>*<em>Richtlinie f\u00fcr Altfahrzeuge \u2013 die EU-Richtlinie 2000\/53\/EG regelt die Demontage und das Recycling von Kraftfahrzeugen innerhalb der Europ\u00e4ischen Union. Ziel der Richtlinie ist die Reduzierung von Fahrzeugabf\u00e4llen. Diese Richtlinie verpflichtet die EU-Mitgliedsstaaten dazu, R\u00fccknahmesysteme f\u00fcr Altfahrzeuge zu organisieren. Die Umsetzung der Richtlinie erfolgte in Deutschland am 1.Juli 2002, als die Altfahrzeug-Verordnung in Kraft trat.<\/em><\/p>\n\n                    <\/div>\n                <\/div>\n    <div class=\"wpb_content_element fusoeurope-collapsible\" >\n        <div class=\"fusoeurope-collapsible__content\">\n            \n                <div class=\"fusoeurope-text-image wpb_content_element  item--image--top \" >\n                    <div class=\"item item--text wpb_text_column\">\n                        <p><!--more--><\/p>\n<h3>VERWERTUNGSNACHWEIS<\/h3>\n<p>Zur Abmeldung eines Altfahrzeuges ist ein sogenannter Verwertungsnachweis n\u00f6tig. Dieser Verwertungsnachweis best\u00e4tigt, die ordnungsgem\u00e4\u00dfe Entsorgung des Fahrzeugs. Diesen Verwertungsnachweis d\u00fcrfen nur zertifizierte Demontagebetriebe, zertifizierte und autorisierte Annahmestellen oder vom Hersteller benannte R\u00fccknahmestellen ausstellen.<\/p>\n<h3>R\u00dcCKNAHMESTELLEN<\/h3>\n<p>Um Kunden eine einfache Entsorgung ihres Altfahrzeuges zu erm\u00f6glichen, unterh\u00e4lt die Daimler Truck AG ein fl\u00e4chendeckendes Netz aus R\u00fccknahmestellen, die das alte Fahrzeug kostenlos zur\u00fccknehmen. Die vertraglich gebundenen Demontagebetriebe sind von unabh\u00e4ngigen Sachverst\u00e4ndigen nach der Altfahrzeug-Verordnung zertifiziert und erf\u00fcllen alle gesetzlichen Forderungen. Zus\u00e4tzlich werden sie nach den Qualit\u00e4tskriterien der Daimler Truck AG auditiert und \u00fcberwacht.<\/p>\n<p>Kunden, die ihr FUSO Altfahrzeug kostenlos zur\u00fcckgeben m\u00f6chten, k\u00f6nnen den daf\u00fcr zust\u00e4ndigen R\u00fccknahme-Netzbetreiber Callparts Recycling GmbH unter der Nummer: 033233 70-911 (Erreichbarkeit: Mo-Do von 8:00 bis 16:30 Uhr und Freitag von 8:00 bis 15:00 Uhr) kontaktieren.<\/p>\n<h3>VERWERTUNG<\/h3>\n<p>Zuerst wird das Fahrzeug pflichtgem\u00e4\u00df trockengelegt, indem s\u00e4mtliche Betriebsfl\u00fcssigkeiten (wie z.B. \u00d6l, Bremsfl\u00fcssigkeit) des Fahrzeugs entfernt und wiederverwertet werden. Anschlie\u00dfend werden wieder verwendbare Teile sowie verwertbare Materialien demontiert. Diese Materialien wie beispielsweise Glas, Reifen und gro\u00dfe Kunststoffteile werden in gesonderten Recyclingwegen aufbereitet. Die Restkarosserie wird geschreddert, in die unterschiedlichen Fraktionen getrennt und diese werden dann weitestgehend in den Stoffkreislauf zur\u00fcckgef\u00fchrt.<\/p>\n<h3>UMWELTSCHUTZ<\/h3>\n<p>Mehr wiederverwenden, hei\u00dft weniger entsorgen. Der Umweltschutz geh\u00f6rt zu den wesentlichen Unternehmenszielen der Daimler Truck AG. Das bedeutet sparsamer Umgang mit nat\u00fcrlichen Ressourcen. Bereits bei der Entwicklung der Fahrzeuge hat eine umwelt- und recyclinggerechte Konstruktion einen hohen Stellenwert. Ein gutes Beispiel daf\u00fcr ist der Einsatz von sortenreinen Materialien bei Sto\u00dff\u00e4ngern und Unterbodenverkleidungen. Diese erlauben eine einfache Demontage und ein hochwertiges, stoffliches Recycling. Dar\u00fcber hinaus finden nachwachsende Rohstoffe wie Kokosfasern oder Sisal Verwendung. Die Vorteile liegen auf der Hand: umweltschonend und recyclingf\u00e4hig. In ihren Umweltleitlinien verpflichtet sich die Daimler Truck AG zur st\u00e4ndigen Verbesserung der Umweltvertr\u00e4glichkeit ihrer Produkte. Dieser Ma\u00dfstab ist die t\u00e4gliche Orientierung, um die Umweltbilanz der Fahrzeuge weiter zu optimieren.<\/p>\n\n                    <\/div>\n                <\/div>\n        <\/div>\n        <div class=\"fusoeurope-collapsible__button\">\n            <button type=\"button\">\n                <span class=\"fusoeurope-collapsible__button__more\">\n                    <span>MEHR ANZEIGEN<\/span>\n                    <i class=\"icon-chevron-down\"><\/i>\n                <\/span>\n                <span class=\"fusoeurope-collapsible__button__less\">\n                    <span>WENIGER ANZEIGEN<\/span>\n                    <i class=\"icon-chevron-up\"><\/i>\n                <\/span>\n            <\/button>\n        <\/div>\n    <\/div>\n[\/vc_column][\/vc_row]<\/p>\n<\/div>","protected":false},"excerpt":{"rendered":"<\/p>\n","protected":false},"author":44,"featured_media":0,"parent":0,"menu_order":0,"comment_status":"closed","ping_status":"closed","template":"templates\/template-default-hero.php","meta":{"_acf_changed":false,"footnotes":""},"class_list":["post-11981","page","type-page","status-publish","hentry"],"acf":[],"yoast_head":"<!-- This site is optimized with the Yoast SEO plugin v27.5 - https:\/\/yoast.com\/product\/yoast-seo-wordpress\/ -->\n<title>FUSO \u2013 Dienstleistungen<\/title>\n<meta name=\"description\" content=\"Dienstleistungen von FUSO \u2713 FUSO Finanzierung \u2713 FUSO Mieten \u2713 FUSO Versicherungen \u2713 Attraktive Angebote der Mercedes-Benz Bank \u2713\" \/>\n<meta name=\"robots\" content=\"index, follow, max-snippet:-1, max-image-preview:large, max-video-preview:-1\" \/>\n<link rel=\"canonical\" href=\"https:\/\/www.fuso-trucks.be\/de\/dienstleistungen\/\" \/>\n<meta property=\"og:locale\" content=\"de_DE\" \/>\n<meta property=\"og:type\" content=\"article\" \/>\n<meta property=\"og:title\" content=\"FUSO \u2013 Dienstleistungen\" \/>\n<meta property=\"og:description\" content=\"Dienstleistungen von FUSO \u2713 FUSO Finanzierung \u2713 FUSO Mieten \u2713 FUSO Versicherungen \u2713 Attraktive Angebote der Mercedes-Benz Bank \u2713\" \/>\n<meta property=\"og:url\" content=\"https:\/\/www.fuso-trucks.be\/de\/dienstleistungen\/\" \/>\n<meta property=\"og:site_name\" content=\"FUSO Trucks BE\" \/>\n<meta property=\"article:modified_time\" content=\"2023-04-05T11:10:27+00:00\" \/>\n<meta name=\"twitter:card\" content=\"summary_large_image\" \/>\n<meta name=\"twitter:label1\" content=\"Est. reading time\" \/>\n\t<meta name=\"twitter:data1\" content=\"4 minutes\" \/>\n<script type=\"application\/ld+json\" class=\"yoast-schema-graph\">{\"@context\":\"https:\\\/\\\/schema.org\",\"@graph\":[{\"@type\":\"WebPage\",\"@id\":\"https:\\\/\\\/www.fuso-trucks.be\\\/de\\\/dienstleistungen\\\/\",\"url\":\"https:\\\/\\\/www.fuso-trucks.be\\\/de\\\/dienstleistungen\\\/\",\"name\":\"FUSO \u2013 Dienstleistungen\",\"isPartOf\":{\"@id\":\"https:\\\/\\\/www.fuso-trucks.be\\\/de\\\/#website\"},\"datePublished\":\"2022-01-31T09:50:28+00:00\",\"dateModified\":\"2023-04-05T11:10:27+00:00\",\"description\":\"Dienstleistungen von FUSO \u2713 FUSO Finanzierung \u2713 FUSO Mieten \u2713 FUSO Versicherungen \u2713 Attraktive Angebote der Mercedes-Benz Bank \u2713\",\"breadcrumb\":{\"@id\":\"https:\\\/\\\/www.fuso-trucks.be\\\/de\\\/dienstleistungen\\\/#breadcrumb\"},\"inLanguage\":\"de-BE\",\"potentialAction\":[{\"@type\":\"ReadAction\",\"target\":[\"https:\\\/\\\/www.fuso-trucks.be\\\/de\\\/dienstleistungen\\\/\"]}]},{\"@type\":\"BreadcrumbList\",\"@id\":\"https:\\\/\\\/www.fuso-trucks.be\\\/de\\\/dienstleistungen\\\/#breadcrumb\",\"itemListElement\":[{\"@type\":\"ListItem\",\"position\":1,\"name\":\"Home\",\"item\":\"https:\\\/\\\/www.fuso-trucks.be\\\/de\\\/\"},{\"@type\":\"ListItem\",\"position\":2,\"name\":\"Dienstleistungen\"}]},{\"@type\":\"WebSite\",\"@id\":\"https:\\\/\\\/www.fuso-trucks.be\\\/de\\\/#website\",\"url\":\"https:\\\/\\\/www.fuso-trucks.be\\\/de\\\/\",\"name\":\"FUSO Trucks BE\",\"description\":\"Mitsubishi Fuso Truck and Bus Corporation\",\"potentialAction\":[{\"@type\":\"SearchAction\",\"target\":{\"@type\":\"EntryPoint\",\"urlTemplate\":\"https:\\\/\\\/www.fuso-trucks.be\\\/de\\\/?s={search_term_string}\"},\"query-input\":{\"@type\":\"PropertyValueSpecification\",\"valueRequired\":true,\"valueName\":\"search_term_string\"}}],\"inLanguage\":\"de-BE\"}]}<\/script>\n<!-- \/ Yoast SEO plugin. -->","yoast_head_json":{"title":"FUSO \u2013 Dienstleistungen","description":"Dienstleistungen von FUSO \u2713 FUSO Finanzierung \u2713 FUSO Mieten \u2713 FUSO Versicherungen \u2713 Attraktive Angebote der Mercedes-Benz Bank \u2713","robots":{"index":"index","follow":"follow","max-snippet":"max-snippet:-1","max-image-preview":"max-image-preview:large","max-video-preview":"max-video-preview:-1"},"canonical":"https:\/\/www.fuso-trucks.be\/de\/dienstleistungen\/","og_locale":"de_DE","og_type":"article","og_title":"FUSO \u2013 Dienstleistungen","og_description":"Dienstleistungen von FUSO \u2713 FUSO Finanzierung \u2713 FUSO Mieten \u2713 FUSO Versicherungen \u2713 Attraktive Angebote der Mercedes-Benz Bank \u2713","og_url":"https:\/\/www.fuso-trucks.be\/de\/dienstleistungen\/","og_site_name":"FUSO Trucks BE","article_modified_time":"2023-04-05T11:10:27+00:00","twitter_card":"summary_large_image","twitter_misc":{"Est. reading time":"4 minutes"},"schema":{"@context":"https:\/\/schema.org","@graph":[{"@type":"WebPage","@id":"https:\/\/www.fuso-trucks.be\/de\/dienstleistungen\/","url":"https:\/\/www.fuso-trucks.be\/de\/dienstleistungen\/","name":"FUSO \u2013 Dienstleistungen","isPartOf":{"@id":"https:\/\/www.fuso-trucks.be\/de\/#website"},"datePublished":"2022-01-31T09:50:28+00:00","dateModified":"2023-04-05T11:10:27+00:00","description":"Dienstleistungen von FUSO \u2713 FUSO Finanzierung \u2713 FUSO Mieten \u2713 FUSO Versicherungen \u2713 Attraktive Angebote der Mercedes-Benz Bank \u2713","breadcrumb":{"@id":"https:\/\/www.fuso-trucks.be\/de\/dienstleistungen\/#breadcrumb"},"inLanguage":"de-BE","potentialAction":[{"@type":"ReadAction","target":["https:\/\/www.fuso-trucks.be\/de\/dienstleistungen\/"]}]},{"@type":"BreadcrumbList","@id":"https:\/\/www.fuso-trucks.be\/de\/dienstleistungen\/#breadcrumb","itemListElement":[{"@type":"ListItem","position":1,"name":"Home","item":"https:\/\/www.fuso-trucks.be\/de\/"},{"@type":"ListItem","position":2,"name":"Dienstleistungen"}]},{"@type":"WebSite","@id":"https:\/\/www.fuso-trucks.be\/de\/#website","url":"https:\/\/www.fuso-trucks.be\/de\/","name":"FUSO Trucks BE","description":"Mitsubishi Fuso Truck and Bus Corporation","potentialAction":[{"@type":"SearchAction","target":{"@type":"EntryPoint","urlTemplate":"https:\/\/www.fuso-trucks.be\/de\/?s={search_term_string}"},"query-input":{"@type":"PropertyValueSpecification","valueRequired":true,"valueName":"search_term_string"}}],"inLanguage":"de-BE"}]}},"_links":{"self":[{"href":"https:\/\/www.fuso-trucks.be\/de\/wp-json\/wp\/v2\/pages\/11981","targetHints":{"allow":["GET"]}}],"collection":[{"href":"https:\/\/www.fuso-trucks.be\/de\/wp-json\/wp\/v2\/pages"}],"about":[{"href":"https:\/\/www.fuso-trucks.be\/de\/wp-json\/wp\/v2\/types\/page"}],"author":[{"embeddable":true,"href":"https:\/\/www.fuso-trucks.be\/de\/wp-json\/wp\/v2\/users\/44"}],"replies":[{"embeddable":true,"href":"https:\/\/www.fuso-trucks.be\/de\/wp-json\/wp\/v2\/comments?post=11981"}],"version-history":[{"count":75,"href":"https:\/\/www.fuso-trucks.be\/de\/wp-json\/wp\/v2\/pages\/11981\/revisions"}],"predecessor-version":[{"id":27725,"href":"https:\/\/www.fuso-trucks.be\/de\/wp-json\/wp\/v2\/pages\/11981\/revisions\/27725"}],"wp:attachment":[{"href":"https:\/\/www.fuso-trucks.be\/de\/wp-json\/wp\/v2\/media?parent=11981"}],"curies":[{"name":"wp","href":"https:\/\/api.w.org\/{rel}","templated":true}]}}