{"id":11985,"date":"2022-01-31T10:52:06","date_gmt":"2022-01-31T09:52:06","guid":{"rendered":"https:\/\/wp.fuso.meelogic.hosting\/?page_id=11985"},"modified":"2025-11-05T10:41:44","modified_gmt":"2025-11-05T09:41:44","slug":"branchen","status":"publish","type":"page","link":"https:\/\/www.fuso-trucks.be\/de\/branchen\/","title":{"rendered":"Branchen"},"content":{"rendered":"<div class=\"wpb-content-wrapper\"><p>[vc_row][vc_column][vc_column_text el_class=&#8221;bigger centered&#8221;]<\/p>\n<h2>BESTE WAHL. DIE CANTER BRANCHENL\u00d6SUNGEN.<\/h2>\n<p>[\/vc_column_text][\/vc_column][\/vc_row][vc_row][vc_column]\n                <div class=\"fusoeurope-text-image wpb_content_element  item--image--left \" >\n                    <div class=\"item item--image\">\n                        <img decoding=\"async\" class=\"layout-cover\" src=\"https:\/\/www.fuso-trucks.be\/wp-content\/uploads\/sites\/22\/2022\/08\/branches_transport.png\" alt=\"\" \/>\n                    <\/div>\n                    <div class=\"item item--text wpb_text_column\">\n                        <h3 class=\"styles__Root-sc-15iyh5a-0 ezamoy sc-bwzfXH ilZGwB styles__Root-sc-1myek4t-0 llcYES\">AGIL UND KOMFORTABEL.<br \/>\nDER FUSO CANTER IM VERTEILERVERKEHR.<\/h3>\n<p><span style=\"font-weight: 400;\">Seine kompakten Abmessungen machen den Canter ideal f\u00fcr Belieferung und Dienstleistung in der Stadt und im urbanen Umfeld. Als Canter 3,5 t bietet er einen in seiner Klasse ungeschlagen kleinen Wendekreis von 10,2 m. Gleichzeitig kann er, abh\u00e4ngig vom jeweiligen Aufbau, mit einem hohen Ladevolumen dienen.\u00a0<\/span><\/p>\n<p><span style=\"font-weight: 400;\">Seine Praxisn\u00e4he zeigt der Canter zum Beispiel durch das vorteilhafte Innenraumkonzept, das eine gro\u00dfe Durchstiegsbreite erm\u00f6glicht. Mit modernen Assistenz- und Sicherheitssystemen tr\u00e4gt der Canter au\u00dferdem zu mehr Verkehrssicherheit bei. F\u00fcr eine lokal emissionsfreie City-Logistik, die in mehr und mehr Bereichen gefragt ist, steht der vollelektrische FUSO eCanter zur Wahl.<\/span><\/p>\n\n                        <div class=\"link-container link-as-button\">\n                            <a href=\"https:\/\/www.fuso-trucks.be\/de\/branchen\/verteilerverkehr\/\" class=\"read_more_link\">DER CANTER KANN NOCH MEHR<\/a>\n                        <\/div>\n                    <\/div>\n                <\/div>\n    <div class=\"wpb_content_element tiles fusoeurope-tiles\" ><div class=\"wpb_text_column\">\n            <ul class=\"tiles__list no_slick flex-2\">\n                \n            <\/ul>\n        <\/div>\n    <\/div>\n[\/vc_column][\/vc_row][vc_row][vc_column]\n                <div class=\"fusoeurope-text-image wpb_content_element  item--image--right \" >\n                    <div class=\"item item--image\">\n                        <img decoding=\"async\" class=\"layout-cover\" src=\"https:\/\/www.fuso-trucks.be\/wp-content\/uploads\/sites\/22\/2022\/08\/branches_construction.png\" alt=\"\" \/>\n                    <\/div>\n                    <div class=\"item item--text wpb_text_column\">\n                        <h3 class=\"styles__Root-sc-15iyh5a-0 ezamoy sc-bwzfXH ilZGwB styles__Root-sc-1myek4t-0 llcYES\">ROBUST UND EFFIZIENT.<br \/>\nDER FUSO CANTER IN DER BAUBRANCHE.<\/h3>\n<p><span style=\"font-weight: 400;\">Der Canter f\u00fcr den Baustelleneinsatz ist hart im Nehmen, daf\u00fcr sorgt sein verwindungssteifer Stahl-Leiterrahmen. Er teilt aber auch problemlos jede Menge aus, dank seiner besonders hohen Fahrgestelltragf\u00e4higkeit als Canter 7,5 t und Canter 8,55 t.<\/span><\/p>\n<p><span style=\"font-weight: 400;\">Mit drei verschieden gro\u00dfen Kabinenvarianten, die abh\u00e4ngig von der Tonnage zur Wahl stehen, lassen sich mit dem Canter besonders kompakte Au\u00dfenma\u00dfe ebenso realisieren wie ein erh\u00f6hter Bedarf an Sitzpl\u00e4tzen. Direkt hinter der Kabine bieten die FUSO Werksaufbauten f\u00fcr Pritschen und Kipper auf Wunsch eine unkomplizierte Gesamtfahrzeugl\u00f6sung. <\/span><\/p>\n\n                        <div class=\"link-container link-as-button\">\n                            <a href=\"https:\/\/www.fuso-trucks.be\/de\/branchen\/bauverkehr\/\" class=\"read_more_link\">DER CANTER KANN NOCH MEHR<\/a>\n                        <\/div>\n                    <\/div>\n                <\/div>[\/vc_column][\/vc_row][vc_row][vc_column]\n                <div class=\"fusoeurope-text-image wpb_content_element  item--image--left \" >\n                    <div class=\"item item--image\">\n                        <img decoding=\"async\" class=\"layout-cover\" src=\"https:\/\/www.fuso-trucks.be\/wp-content\/uploads\/sites\/22\/2022\/08\/branches_landscaping.png\" alt=\"\" \/>\n                    <\/div>\n                    <div class=\"item item--text wpb_text_column\">\n                        <h3 class=\"styles__Root-sc-15iyh5a-0 ezamoy sc-bwzfXH ilZGwB styles__Root-sc-1myek4t-0 llcYES\">PRAKTISCH UND FLEXIBEL.<br \/>\nDER FUSO CANTER IM GARTEN- UND LANDSCHAFTSBAU.<\/h3>\n<p><span style=\"font-weight: 400;\">Egal ob auf dem schmalen Parkweg oder mit einer bis zu siebenk\u00f6pfigen Mannschaft an Bord, der Canter ist dabei. Drei verschiedene, abh\u00e4ngig von der Tonnage w\u00e4hlbare, Kabinenvarianten bieten eine bedarfsgerechte L\u00f6sung. Im Canter 3,5 t vermittelt die Einzelradaufh\u00e4ngung dabei allen Insassen ein extra dynamisches und sicheres Fahrgef\u00fchl.<\/span><\/p>\n<p><span style=\"font-weight: 400;\">Dank seines robusten C-Profil-Stahlleiterrahmens macht der Canter au\u00dferdem fast alles mit und bis zu 3,5 Tonnen Anh\u00e4ngelast sorgen f\u00fcr noch mehr Flexibilit\u00e4t bei der Planung von Transporten. Der Canter ist dar\u00fcber hinaus ein ideales Tr\u00e4gerfahrzeug f\u00fcr Krane und erm\u00f6glicht dadurch sogar bei schwereren G\u00fctern unabh\u00e4ngiges Be- und Entladen direkt vor Ort.<\/span><\/p>\n\n                        <div class=\"link-container link-as-button\">\n                            <a href=\"https:\/\/www.fuso-trucks.be\/de\/branchen\/garten-und-landschaftsbau\/\" class=\"read_more_link\">DER CANTER KANN NOCH MEHR<\/a>\n                        <\/div>\n                    <\/div>\n                <\/div>[\/vc_column][\/vc_row][vc_row][vc_column]\n                <div class=\"fusoeurope-text-image wpb_content_element  item--image--right \" >\n                    <div class=\"item item--image\">\n                        <img decoding=\"async\" class=\"layout-cover\" src=\"https:\/\/www.fuso-trucks.be\/wp-content\/uploads\/sites\/22\/2022\/08\/branches_municipal.png\" alt=\"\" \/>\n                    <\/div>\n                    <div class=\"item item--text wpb_text_column\">\n                        <h3 class=\"styles__Root-sc-15iyh5a-0 ezamoy sc-bwzfXH ilZGwB styles__Root-sc-1myek4t-0 llcYES\">VIELSEITIG UND ZUVERL\u00c4SSIG.<br \/>\nDER FUSO CANTER IM KOMMUNALEINSATZ.<\/h3>\n<p><span style=\"font-weight: 400;\">Die enorme Vielseitigkeit des Canter \u00fcber alle Tonnagen und Modelle hinweg ist die beste Voraussetzung f\u00fcr die vielf\u00e4ltigen Transportaufgaben, die in einer Kommune sommers wie winters anfallen. In der 4&#215;4-Variante mit zuschaltbarem Allradantrieb vereint der Canter ganz besonders bedarfsorientierte Flexibilit\u00e4t und verbrauchsorientierte Wirtschaftlichkeit. Mit seinen drei, je nach Tonnage, unterschiedlichen Kabinenvarianten kombiniert er ideales Raumangebot mit kompakten Au\u00dfenma\u00dfen.\u00a0<\/span><\/p>\n<p><span style=\"font-weight: 400;\">Der Canter bietet bereits ab Werk individuell anpassbare Komfortfunktionen f\u00fcr den Fahrer und hat weitere Ausstattungsoptionen im Angebot. Zudem unterst\u00fctzen moderne Assistenz- und Sicherheitssysteme im Canter den Fahrer und tragen zu mehr Sicherheit f\u00fcr andere Verkehrsteilnehmer bei.<\/span><\/p>\n\n                        <div class=\"link-container link-as-button\">\n                            <a href=\"https:\/\/www.fuso-trucks.be\/de\/branchen\/kommunaleinsatz\/\" class=\"read_more_link\">DER CANTER KANN NOCH MEHR<\/a>\n                        <\/div>\n                    <\/div>\n                <\/div>[\/vc_column][\/vc_row][vc_row full_width=&#8221;stretch_row&#8221; el_class=&#8221;dealermap&#8221;][vc_column][vc_column_text]<\/p>\n<h2><b>ERSTE ADRESSE.<br \/>\n<\/b><b>DAS CANTER H\u00c4NDLER- UND WERKSTATTNETZWERK.<\/b><\/h2>\n<p>Der FUSO Canter ist ein Produkt der Daimler Truck AG und in 32 europ\u00e4ischen L\u00e4ndern verf\u00fcgbar.<br \/>\nEuropaweit \u00fcber 800 St\u00fctzpunkte des Mercedes-Benz Servicenetzwerks bieten mit Beratung,<br \/>\nVerkauf, Wartung und Reparatur alle Services rund um den Canter in h\u00f6chster Qualit\u00e4t.[\/vc_column_text][vc_column_text]\r\n            \r\n            \r\n            \r\n            <a name='map1'><\/a>\r\n            <div class='wpgmza-marker-listing-category-filter' data-map-id='1' id='wpgmza_filter_1' style='text-align:left; margin-bottom:0px;'><span>Filter by<\/span><select mid=\"1\" id=\"wpgmza_filter_select\" name=\"wpgmza_filter_select\"><option value=\"0\">Leistung<\/option><option value=\"1\">&nbsp;Sales Canter<\/option><option value=\"5\">&nbsp;Sales eCanter<\/option><option value=\"2\">&nbsp;Service Canter<\/option><option value=\"4\">&nbsp;Service eCanter<\/option><\/select><\/div>\r\n            \r\n            <div class=\"wpgmza-store-locator wpgmza_sl_main_div\" data-id=\"1\">\r\n\t<div class=\"wpgmza-address-container wpgmza-form-field wpgmza_sl_query_div\">\r\n\t\t<label class=\"wpgmza-address wpgmza-form-field__label wpgmza-form-field__label--float\" data-name=\"addressLabel\" for=\"addressInput_1\">ZIP \/ Address:<\/label>\r\n\t\t<input class=\"wpgmza-address addressInput\" type=\"text\" placeholder=\"PLZ oder Stadt\" autocomplete=\"off\" data-name=\"defaultAddress\" value=\"\" id=\"addressInput_1\" size=\"20\" aria-label=\"ZIP \/ Address:\">\r\n\t<\/div>\r\n\t\r\n\t<div class=\"wpgmza-radius-container wpgmza-form-field wpgmza_sl_radius_div wpgmza-clearfix\">\r\n\t\t<label class=\"wpgmza-radius wpgmza-form-field__label wpgmza-form-field__label--float\" for=\"radiusSelect_1\">\r\n\t\t\tRadius:\t\t<\/label>\r\n\t\t<select class=\"wpgmza-radius wpgmza-form-field__input wpgmza_sl_radius_select\" id=\"radiusSelect_1\" aria-label=\"Radius:\"><option class=\"wpgmza-radius wpgmza_sl_select_option\" value=\"1\">1km<\/option><option class=\"wpgmza-radius wpgmza_sl_select_option\" value=\"5\">5km<\/option><option class=\"wpgmza-radius wpgmza_sl_select_option\" value=\"10\" selected>10km<\/option><option class=\"wpgmza-radius wpgmza_sl_select_option\" value=\"25\">25km<\/option><option class=\"wpgmza-radius wpgmza_sl_select_option\" value=\"50\">50km<\/option><option class=\"wpgmza-radius wpgmza_sl_select_option\" value=\"75\">75km<\/option><option class=\"wpgmza-radius wpgmza_sl_select_option\" value=\"100\">100km<\/option><option class=\"wpgmza-radius wpgmza_sl_select_option\" value=\"150\">150km<\/option><option class=\"wpgmza-radius wpgmza_sl_select_option\" value=\"200\">200km<\/option><option class=\"wpgmza-radius wpgmza_sl_select_option\" value=\"300\">300km<\/option><\/select>\r\n\t<\/div>\r\n\t\r\n\t<div class=\"wpgmza-search wpgmza_sl_search_button_div\"><input class=\"wpgmza-search wpgmza_sl_search_button_1\" value=\"Suchen\" type=\"button\" onclick=\"searchLocations(1)\" mid=\"1\"><\/div>\r\n\t\r\n\t<div class=\"wpgmza-reset wpgmza_sl_reset_button_div\">\r\n\t<input class=\"wpgmza-reset wpgmza_sl_reset_button_1\" type=\"button\" value=\"Reset\" mid=\"1\" onclick=\"resetLocations(1)\">\r\n<\/div><div class=\"wpgmza-no-results wpgmza-not-found-msg js-not-found-msg\" style=\"display: none;\">\r\n\t\t<p data-name=\"notFoundMessage\">No results found in this location. Please try again.<\/p>\r\n\t<\/div>\r\n<\/div>\r\n            \r\n            <div class=\"wpgmza_map \"  id=\"wpgmza_map_1\" style=\"display:block; overflow:auto; width:100%; height:600px; float:left;\" data-settings='{\"id\":\"1\",\"map_title\":\"Belgi\\u00eb\",\"map_width\":\"100\",\"map_height\":\"600\",\"map_start_lat\":\"50.57754375804764\",\"map_start_lng\":\"4.514311845543744\",\"map_start_location\":\"45.950464398418106,-109.81550500000003\",\"map_start_zoom\":\"7\",\"default_marker\":\"\",\"type\":\"1\",\"alignment\":\"4\",\"directions_enabled\":\"0\",\"styling_enabled\":\"0\",\"styling_json\":\"\",\"active\":\"0\",\"kml\":\"\",\"bicycle\":\"0\",\"traffic\":\"0\",\"dbox\":\"1\",\"dbox_width\":\"\",\"listmarkers\":\"0\",\"listmarkers_advanced\":\"0\",\"filterbycat\":\"1\",\"ugm_enabled\":\"0\",\"ugm_category_enabled\":\"0\",\"fusion\":\"\",\"map_width_type\":\"%\",\"map_height_type\":\"px\",\"mass_marker_support\":\"2\",\"ugm_access\":\"0\",\"order_markers_by\":\"7\",\"order_markers_choice\":\"1\",\"show_user_location\":\"0\",\"default_to\":\"\",\"other_settings\":{\"map_type\":1,\"sl_stroke_color\":\"#000000\",\"sl_fill_color\":\"#000000\",\"sl_stroke_opacity\":\"\",\"sl_fill_opacity\":\"\",\"transport_layer\":false,\"action\":\"wpgmza_save_map\",\"redirect_to\":\"\\\/wp-admin\\\/admin-post.php\",\"map_id\":\"1\",\"http_referer\":\"\\\/wp-admin\\\/admin.php?page=wp-google-maps-menu&amp;amp;action=edit&amp;amp;map_id=1\",\"wpgmza_id\":\"1\",\"wpgmza_start_location\":\"50.57754375804764,4.514311845543744\",\"wpgmza_start_zoom\":\"7\",\"store_locator_enabled\":true,\"store_locator_search_area\":\"radial\",\"wpgmza_store_locator_radius_style\":\"legacy\",\"wpgmza_store_locator_default_radius\":\"100\",\"store_locator_auto_area_max_zoom\":\"\",\"store_locator_distance\":false,\"wpgmza_store_locator_position\":false,\"store_locator_show_distance\":false,\"store_locator_category\":false,\"wpgmza_store_locator_use_their_location\":false,\"wpgmza_store_locator_bounce\":false,\"wpgmza_sl_animation\":\"0\",\"wpgmza_store_locator_hide_before_search\":false,\"store_locator_query_string\":\"\",\"store_locator_default_address\":\"\",\"store_locator_name_search\":false,\"store_locator_name_string\":\"\",\"store_locator_not_found_message\":\"\",\"wpgmza_map_align\":\"1\",\"jump_to_nearest_marker_on_initialization\":false,\"automatically_pan_to_users_location\":false,\"override_users_location_zoom_level\":false,\"override_users_location_zoom_levels\":\"\",\"show_distance_from_location\":false,\"map_max_zoom\":\"21\",\"map_min_zoom\":\"0\",\"click_open_link\":false,\"fit_maps_bounds_to_markers\":false,\"fit_maps_bounds_to_markers_after_filtering\":false,\"hide_point_of_interest\":true,\"wpgmza_zoom_on_marker_click\":false,\"wpgmza_zoom_on_marker_click_slider\":\"\",\"close_infowindow_on_map_click\":false,\"disable_lightbox_images\":false,\"use_Raw_Jpeg_Coordinates\":false,\"disable_polygon_info_windows\":false,\"enable_marker_ratings\":false,\"only_load_markers_within_viewport\":false,\"iw_primary_color\":\"#000000\",\"iw_accent_color\":\"#000000\",\"iw_text_color\":\"#000000\",\"wpgmza_listmarkers_by\":\"4\",\"wpgmza_marker_listing_position\":false,\"zoom_level_on_marker_listing_override\":false,\"zoom_level_on_marker_listing_click\":\"\",\"datatable_no_result_message\":\"\",\"remove_search_box_datables\":false,\"dataTable_pagination_style\":\"default\",\"datatable_search_string\":\"\",\"datatable_result_start\":\"\",\"datatable_result_of\":\"\",\"datatable_result_to\":\"\",\"datatable_result_total\":\"\",\"datatable_result_show\":\"\",\"datatable_result_entries\":\"\",\"wpgmza_savemap\":\"Save Map \\u00bb\",\"wpgmza_dbox_width_type\":\"%\",\"default_from\":\"\",\"directions_behaviour\":\"default\",\"force_google_directions_app\":false,\"directions_route_origin_icon\":\"https:\\\/\\\/wpint.fuso.meelogic.hosting\\\/wp-content\\\/plugins\\\/wp-google-maps\\\/images\\\/spotlight-poi2.png\",\"directions_origin_retina\":false,\"directions_route_destination_icon\":\"https:\\\/\\\/wpint.fuso.meelogic.hosting\\\/wp-content\\\/plugins\\\/wp-google-maps\\\/images\\\/spotlight-poi2.png\",\"directions_destination_retina\":false,\"directions_route_stroke_color\":\"#4f8df5\",\"directions_route_stroke_weight\":\"4\",\"directions_route_stroke_opacity\":\"0.8\",\"directions_fit_bounds_to_route\":false,\"wpgmza_store_locator_restrict\":\"\",\"upload_default_sl_marker\":\"\",\"upload_default_sl_marker_retina\":false,\"retina\":false,\"upload_default_ul_marker\":\"\",\"upload_default_ul_marker_retina\":false,\"enable_advanced_custom_fields_integration\":false,\"enable_toolset_woocommerce_integration\":false,\"shortcodeAttributes\":{\"id\":\"1\"},\"wpgmza_theme\":\"3\",\"wpgmza_theme_data\":\"[{\\\"featureType\\\":\\\"landscape.man_made\\\",\\\"elementType\\\":\\\"geometry\\\",\\\"stylers\\\":[{\\\"color\\\":\\\"#f7f1df\\\"}]},{\\\"featureType\\\":\\\"landscape.natural\\\",\\\"elementType\\\":\\\"geometry\\\",\\\"stylers\\\":[{\\\"color\\\":\\\"#d0e3b4\\\"}]},{\\\"featureType\\\":\\\"landscape.natural.terrain\\\",\\\"elementType\\\":\\\"geometry\\\",\\\"stylers\\\":[{\\\"visibility\\\":\\\"off\\\"}]},{\\\"featureType\\\":\\\"poi\\\",\\\"elementType\\\":\\\"labels\\\",\\\"stylers\\\":[{\\\"visibility\\\":\\\"off\\\"}]},{\\\"featureType\\\":\\\"poi.business\\\",\\\"elementType\\\":\\\"all\\\",\\\"stylers\\\":[{\\\"visibility\\\":\\\"off\\\"}]},{\\\"featureType\\\":\\\"poi.medical\\\",\\\"elementType\\\":\\\"geometry\\\",\\\"stylers\\\":[{\\\"color\\\":\\\"#fbd3da\\\"}]},{\\\"featureType\\\":\\\"poi.park\\\",\\\"elementType\\\":\\\"geometry\\\",\\\"stylers\\\":[{\\\"color\\\":\\\"#bde6ab\\\"}]},{\\\"featureType\\\":\\\"road\\\",\\\"elementType\\\":\\\"geometry.stroke\\\",\\\"stylers\\\":[{\\\"visibility\\\":\\\"off\\\"}]},{\\\"featureType\\\":\\\"road\\\",\\\"elementType\\\":\\\"labels\\\",\\\"stylers\\\":[{\\\"visibility\\\":\\\"off\\\"}]},{\\\"featureType\\\":\\\"road.highway\\\",\\\"elementType\\\":\\\"geometry.fill\\\",\\\"stylers\\\":[{\\\"color\\\":\\\"#ffe15f\\\"}]},{\\\"featureType\\\":\\\"road.highway\\\",\\\"elementType\\\":\\\"geometry.stroke\\\",\\\"stylers\\\":[{\\\"color\\\":\\\"#efd151\\\"}]},{\\\"featureType\\\":\\\"road.arterial\\\",\\\"elementType\\\":\\\"geometry.fill\\\",\\\"stylers\\\":[{\\\"color\\\":\\\"#ffffff\\\"}]},{\\\"featureType\\\":\\\"road.local\\\",\\\"elementType\\\":\\\"geometry.fill\\\",\\\"stylers\\\":[{\\\"color\\\":\\\"black\\\"}]},{\\\"featureType\\\":\\\"transit.station.airport\\\",\\\"elementType\\\":\\\"geometry.fill\\\",\\\"stylers\\\":[{\\\"color\\\":\\\"#cfb2db\\\"}]},{\\\"featureType\\\":\\\"water\\\",\\\"elementType\\\":\\\"geometry\\\",\\\"stylers\\\":[{\\\"color\\\":\\\"#a2daf2\\\"}]}]\",\"polygon_labels\":false,\"wpgmza_push_in_map\":true,\"wpgmza_push_in_map_placement\":\"4\",\"wpgmza_push_in_map_width\":\"30%\",\"wpgmza_push_in_map_height\":\"80%\",\"wpgmza_iw_type\":\"0\",\"marker_listing_component_anchor\":10,\"enable_advanced_custom_fields_integration_type\":\"\",\"enable_woo_product_integration\":false,\"store_locator_location_placeholder\":\"\",\"marker_listing_disable_zoom\":false,\"enable_filter_custom_field_1\":false,\"enable_filter_custom_field_2\":false,\"enable_filter_custom_field_3\":false,\"enable_marker_labels\":false,\"zoom_level_mobile_override_enabled\":false,\"zoom_level_mobile_override\":\"\"}}' data-map-id='1' data-shortcode-attributes='{\"id\":\"1\"}'> <\/div>\r\n            \r\n            <div data-wpgmza-table data-wpgmza-php-class=\"WPGMZA\\MarkerListing\\BasicList\" data-wpgmza-rest-api-route=\"\/marker-listing\/\" data-wpgmza-marker-listing=\"true\" class=\"wpgmza_marker_list_class\" style=\"width:100%;\" data-wpgmza-ajax-parameters='{\"map_id\":\"1\"}' id=\"wpgmza_marker_list_1\"><\/div>   \r\n        [\/vc_column_text][\/vc_column][\/vc_row][vc_row][vc_column]\n    <div class=\"wpb_content_element tiles fusoeurope-tiles\" ><div class=\"wpb_text_column\"><h2 class=\"tiles__title\">WEITERE INFOS. MEHR VOM CANTER.<\/h2><\/div><div class=\"wpb_text_column\">\n            <ul class=\"tiles__list no_slick flex-3\">\n                [fusoeurope_linked_image_element title=&#8221;NACHHALTIGE BIERDOSE. DER FUSO eCANTER ALS SPEZIAL-TANKWAGEN F\u00dcR DIE HEINEKEN BRAUEREI.&#8221; image=&#8221;13438&#8243; link=&#8221;url:https%3A%2F%2Fwww.fuso-trucks.be%2Fde%2Fblog%2Fnachhaltige-bierdose%2F|title:MEHR%20ERFAHREN&#8221;][fusoeurope_linked_image_element title=&#8221;LETZTE MEILE. POSTNL BAUT MIT FUSO eCANTER EMISSIONSFREIE CITY LOGISTIK AUS.&#8221; image=&#8221;13447&#8243; link=&#8221;url:https%3A%2F%2Fwww.fuso-trucks.be%2Fde%2Fblog%2Fletzte-meile%2F|title:MEHR%20ERFAHREN&#8221;][fusoeurope_linked_image_element title=&#8221;ERSTE VOLLELEKTRISCHE eCANTER F\u00dcR LOGISTIKER DHL, DB SCHENKER, RHENUS UND DACHSER.&#8221; image=&#8221;13382&#8243; link=&#8221;url:https%3A%2F%2Fwww.fuso-trucks.be%2Fde%2Fblog%2Fzukunft-schon-heute%2F|title:ZUKUNFT%20SCHON%20HEUTE&#8221;]\n            <\/ul>\n        <\/div>\n    <\/div>\n[\/vc_column][\/vc_row]<\/p>\n<\/div>","protected":false},"excerpt":{"rendered":"<\/p>\n","protected":false},"author":44,"featured_media":0,"parent":0,"menu_order":0,"comment_status":"closed","ping_status":"closed","template":"templates\/template-default-hero.php","meta":{"_acf_changed":false,"footnotes":""},"class_list":["post-11985","page","type-page","status-publish","hentry"],"acf":[],"yoast_head":"<!-- This site is optimized with the Yoast SEO plugin v27.5 - https:\/\/yoast.com\/product\/yoast-seo-wordpress\/ -->\n<title>FUSO \u2013 Branchenl\u00f6sung<\/title>\n<meta name=\"description\" content=\"FUSO Branchenl\u00f6sungen \u2713 Ein Canter f\u00fcr (fast) alles \u2713 Canter &amp; eCanter \u2713 Transportl\u00f6sungen von FUSO \u2713 \u25b6\ufe0e Jetzt mehr erfahren!\" \/>\n<meta name=\"robots\" content=\"index, follow, max-snippet:-1, max-image-preview:large, max-video-preview:-1\" \/>\n<link rel=\"canonical\" href=\"https:\/\/www.fuso-trucks.be\/de\/branchen\/\" \/>\n<meta property=\"og:locale\" content=\"de_DE\" \/>\n<meta property=\"og:type\" content=\"article\" \/>\n<meta property=\"og:title\" content=\"FUSO \u2013 Branchenl\u00f6sung\" \/>\n<meta property=\"og:description\" content=\"FUSO Branchenl\u00f6sungen \u2713 Ein Canter f\u00fcr (fast) alles \u2713 Canter &amp; eCanter \u2713 Transportl\u00f6sungen von FUSO \u2713 \u25b6\ufe0e Jetzt mehr erfahren!\" \/>\n<meta property=\"og:url\" content=\"https:\/\/www.fuso-trucks.be\/de\/branchen\/\" \/>\n<meta property=\"og:site_name\" content=\"FUSO Trucks BE\" \/>\n<meta property=\"article:modified_time\" content=\"2025-11-05T09:41:44+00:00\" \/>\n<meta name=\"twitter:card\" content=\"summary_large_image\" \/>\n<meta name=\"twitter:label1\" content=\"Est. reading time\" \/>\n\t<meta name=\"twitter:data1\" content=\"3 minutes\" \/>\n<script type=\"application\/ld+json\" class=\"yoast-schema-graph\">{\"@context\":\"https:\\\/\\\/schema.org\",\"@graph\":[{\"@type\":\"WebPage\",\"@id\":\"https:\\\/\\\/www.fuso-trucks.be\\\/de\\\/branchen\\\/\",\"url\":\"https:\\\/\\\/www.fuso-trucks.be\\\/de\\\/branchen\\\/\",\"name\":\"FUSO \u2013 Branchenl\u00f6sung\",\"isPartOf\":{\"@id\":\"https:\\\/\\\/www.fuso-trucks.be\\\/de\\\/#website\"},\"datePublished\":\"2022-01-31T09:52:06+00:00\",\"dateModified\":\"2025-11-05T09:41:44+00:00\",\"description\":\"FUSO Branchenl\u00f6sungen \u2713 Ein Canter f\u00fcr (fast) alles \u2713 Canter & eCanter \u2713 Transportl\u00f6sungen von FUSO \u2713 \u25b6\ufe0e Jetzt mehr erfahren!\",\"breadcrumb\":{\"@id\":\"https:\\\/\\\/www.fuso-trucks.be\\\/de\\\/branchen\\\/#breadcrumb\"},\"inLanguage\":\"de-BE\",\"potentialAction\":[{\"@type\":\"ReadAction\",\"target\":[\"https:\\\/\\\/www.fuso-trucks.be\\\/de\\\/branchen\\\/\"]}]},{\"@type\":\"BreadcrumbList\",\"@id\":\"https:\\\/\\\/www.fuso-trucks.be\\\/de\\\/branchen\\\/#breadcrumb\",\"itemListElement\":[{\"@type\":\"ListItem\",\"position\":1,\"name\":\"Home\",\"item\":\"https:\\\/\\\/www.fuso-trucks.be\\\/de\\\/\"},{\"@type\":\"ListItem\",\"position\":2,\"name\":\"Branchen\"}]},{\"@type\":\"WebSite\",\"@id\":\"https:\\\/\\\/www.fuso-trucks.be\\\/de\\\/#website\",\"url\":\"https:\\\/\\\/www.fuso-trucks.be\\\/de\\\/\",\"name\":\"FUSO Trucks BE\",\"description\":\"Mitsubishi Fuso Truck and Bus Corporation\",\"potentialAction\":[{\"@type\":\"SearchAction\",\"target\":{\"@type\":\"EntryPoint\",\"urlTemplate\":\"https:\\\/\\\/www.fuso-trucks.be\\\/de\\\/?s={search_term_string}\"},\"query-input\":{\"@type\":\"PropertyValueSpecification\",\"valueRequired\":true,\"valueName\":\"search_term_string\"}}],\"inLanguage\":\"de-BE\"}]}<\/script>\n<!-- \/ Yoast SEO plugin. -->","yoast_head_json":{"title":"FUSO \u2013 Branchenl\u00f6sung","description":"FUSO Branchenl\u00f6sungen \u2713 Ein Canter f\u00fcr (fast) alles \u2713 Canter & eCanter \u2713 Transportl\u00f6sungen von FUSO \u2713 \u25b6\ufe0e Jetzt mehr erfahren!","robots":{"index":"index","follow":"follow","max-snippet":"max-snippet:-1","max-image-preview":"max-image-preview:large","max-video-preview":"max-video-preview:-1"},"canonical":"https:\/\/www.fuso-trucks.be\/de\/branchen\/","og_locale":"de_DE","og_type":"article","og_title":"FUSO \u2013 Branchenl\u00f6sung","og_description":"FUSO Branchenl\u00f6sungen \u2713 Ein Canter f\u00fcr (fast) alles \u2713 Canter & eCanter \u2713 Transportl\u00f6sungen von FUSO \u2713 \u25b6\ufe0e Jetzt mehr erfahren!","og_url":"https:\/\/www.fuso-trucks.be\/de\/branchen\/","og_site_name":"FUSO Trucks BE","article_modified_time":"2025-11-05T09:41:44+00:00","twitter_card":"summary_large_image","twitter_misc":{"Est. reading time":"3 minutes"},"schema":{"@context":"https:\/\/schema.org","@graph":[{"@type":"WebPage","@id":"https:\/\/www.fuso-trucks.be\/de\/branchen\/","url":"https:\/\/www.fuso-trucks.be\/de\/branchen\/","name":"FUSO \u2013 Branchenl\u00f6sung","isPartOf":{"@id":"https:\/\/www.fuso-trucks.be\/de\/#website"},"datePublished":"2022-01-31T09:52:06+00:00","dateModified":"2025-11-05T09:41:44+00:00","description":"FUSO Branchenl\u00f6sungen \u2713 Ein Canter f\u00fcr (fast) alles \u2713 Canter & eCanter \u2713 Transportl\u00f6sungen von FUSO \u2713 \u25b6\ufe0e Jetzt mehr erfahren!","breadcrumb":{"@id":"https:\/\/www.fuso-trucks.be\/de\/branchen\/#breadcrumb"},"inLanguage":"de-BE","potentialAction":[{"@type":"ReadAction","target":["https:\/\/www.fuso-trucks.be\/de\/branchen\/"]}]},{"@type":"BreadcrumbList","@id":"https:\/\/www.fuso-trucks.be\/de\/branchen\/#breadcrumb","itemListElement":[{"@type":"ListItem","position":1,"name":"Home","item":"https:\/\/www.fuso-trucks.be\/de\/"},{"@type":"ListItem","position":2,"name":"Branchen"}]},{"@type":"WebSite","@id":"https:\/\/www.fuso-trucks.be\/de\/#website","url":"https:\/\/www.fuso-trucks.be\/de\/","name":"FUSO Trucks BE","description":"Mitsubishi Fuso Truck and Bus Corporation","potentialAction":[{"@type":"SearchAction","target":{"@type":"EntryPoint","urlTemplate":"https:\/\/www.fuso-trucks.be\/de\/?s={search_term_string}"},"query-input":{"@type":"PropertyValueSpecification","valueRequired":true,"valueName":"search_term_string"}}],"inLanguage":"de-BE"}]}},"_links":{"self":[{"href":"https:\/\/www.fuso-trucks.be\/de\/wp-json\/wp\/v2\/pages\/11985","targetHints":{"allow":["GET"]}}],"collection":[{"href":"https:\/\/www.fuso-trucks.be\/de\/wp-json\/wp\/v2\/pages"}],"about":[{"href":"https:\/\/www.fuso-trucks.be\/de\/wp-json\/wp\/v2\/types\/page"}],"author":[{"embeddable":true,"href":"https:\/\/www.fuso-trucks.be\/de\/wp-json\/wp\/v2\/users\/44"}],"replies":[{"embeddable":true,"href":"https:\/\/www.fuso-trucks.be\/de\/wp-json\/wp\/v2\/comments?post=11985"}],"version-history":[{"count":50,"href":"https:\/\/www.fuso-trucks.be\/de\/wp-json\/wp\/v2\/pages\/11985\/revisions"}],"predecessor-version":[{"id":28300,"href":"https:\/\/www.fuso-trucks.be\/de\/wp-json\/wp\/v2\/pages\/11985\/revisions\/28300"}],"wp:attachment":[{"href":"https:\/\/www.fuso-trucks.be\/de\/wp-json\/wp\/v2\/media?parent=11985"}],"curies":[{"name":"wp","href":"https:\/\/api.w.org\/{rel}","templated":true}]}}