{"id":12427,"date":"2022-02-04T17:42:13","date_gmt":"2022-02-04T16:42:13","guid":{"rendered":"https:\/\/wp.fuso.meelogic.hosting\/?page_id=12427"},"modified":"2022-09-28T07:48:41","modified_gmt":"2022-09-28T05:48:41","slug":"finanzierung","status":"publish","type":"page","link":"https:\/\/www.fuso-trucks.be\/de\/dienstleistungen\/finanzierung\/","title":{"rendered":"Finanzierung"},"content":{"rendered":"<div class=\"wpb-content-wrapper\"><p>[vc_row][vc_column][vc_column_text el_class=&#8221;bigger centered&#8221;]<\/p>\n<h2 style=\"text-align: center\"><b>GUTES GESCH\u00c4FT. DIE FUSO FINANZIERUNGEN.<\/b><\/h2>\n<p>[\/vc_column_text][vc_empty_space height=&#8221;60px&#8221;]\n    <div class=\"wpb_content_element tiles fusoeurope-tiles\" ><div class=\"wpb_text_column\">\n            <ul class=\"tiles__list no_slick flex-2\">\n                <li class=\"wpb_content_element   tiles__list__element\" ><div class=\"tiles__list__element__image\"><img decoding=\"async\" class=\"layout-contain\" src=\"https:\/\/www.fuso-trucks.be\/wp-content\/uploads\/sites\/22\/2022\/08\/service_fi_standard.png\" alt=\"\" \/><\/div><div class=\"tiles__list__element__text wpb_text_column\"><h2 class=\"tiles__list__element__title\">STANDARD-FINANZIERUNG.<\/h2><h3 class=\"tiles__list__element__subtitle\">DIE ALTERNATIVE ZUM BARKAUF.<\/h3><div class=\"tiles__list__element__description\"><p>Eine Standard-Finanzierung \u00fcber die Daimler Truck Financial Services Group bietet attraktive Konditionen und Laufzeiten orientiert an den Vorgaben des Kunden. Die H\u00f6he der Anzahlung und die gew\u00fcnschte Vertragslaufzeit legt er gemeinsam mit dem FUSO H\u00e4ndler fest. Zusammen mit dem Kaufpreis des neuen FUSO Canter bestimmen diese beiden Faktoren die H\u00f6he der monatlichen Raten. Mit Zahlung der letzten Rate geht der FUSO Canter in das Eigentum des Kunden \u00fcber.<\/p>\n<\/div><\/div><\/li><li class=\"wpb_content_element   tiles__list__element\" ><div class=\"tiles__list__element__image\"><img decoding=\"async\" class=\"layout-contain\" src=\"https:\/\/www.fuso-trucks.be\/wp-content\/uploads\/sites\/22\/2022\/08\/service_fi_schlussraten.png\" alt=\"\" \/><\/div><div class=\"tiles__list__element__text wpb_text_column\"><h2 class=\"tiles__list__element__title\">SCHLUSSRATEN-FINANZIERUNG.<\/h2><h3 class=\"tiles__list__element__subtitle\">FINANZIELLEN SPIELRAUM NUTZEN.<\/h3><div class=\"tiles__list__element__description\"><p>Die Schlussraten-Finanzierung bietet gr\u00f6\u00dferen Freiraum dank geringeren monatlichen Raten. Der Kunde vereinbart im Finanzierungsvertrag eine h\u00f6here Schlussrate, die er am Vertragsende tilgt. W\u00e4hrend der Vertragslaufzeit profitieren er indes von niedrigeren Raten und verschafft sich so mehr finanziellen Spielraum.<\/p>\n<\/div><\/div><\/li>\n            <\/ul>\n        <\/div>\n    <\/div>\n[\/vc_column][\/vc_row][vc_row][vc_column]\n    <div class=\"wpb_content_element tiles fusoeurope-tiles\" ><div class=\"wpb_text_column\">\n            <ul class=\"tiles__list no_slick flex-2\">\n                <li class=\"wpb_content_element   tiles__list__element\" ><div class=\"tiles__list__element__image\"><img decoding=\"async\" class=\"layout-contain\" src=\"https:\/\/www.fuso-trucks.be\/wp-content\/uploads\/sites\/22\/2022\/08\/service_fi_plus3.png\" alt=\"\" \/><\/div><div class=\"tiles__list__element__text wpb_text_column\"><h2 class=\"tiles__list__element__title\">PLUS3-FINANZIERUNG.<\/h2><h3 class=\"tiles__list__element__subtitle\">FLEXIBILIT\u00c4T INDIVIDUELL KALKULIERT.<\/h3><div class=\"tiles__list__element__description\"><p>Die Plus3-Finanzierung bietet am Vertragsende die Wahl zwischen drei Optionen, wie es mit dem FUSO Canter weitergehen soll.<\/p>\n<p>Der Kunde entscheidet, ob er<\/p>\n<ul>\n<li>seinen FUSO Canter nach Zahlung der Schlussrate behalten,<\/li>\n<li>eine Anschlussfinanzierung zur Tilgung der Schlussrate abschlie\u00dfen oder<\/li>\n<li>seinen FUSO Canter zum garantierten Restwert zur\u00fcckgeben\u00b9 m\u00f6chte.<\/li>\n<\/ul>\n<\/div><\/div><\/li><li class=\"wpb_content_element   tiles__list__element\" ><div class=\"tiles__list__element__image\"><img decoding=\"async\" class=\"layout-contain\" src=\"https:\/\/www.fuso-trucks.be\/wp-content\/uploads\/sites\/22\/2022\/08\/service_fi_saisonraten.png\" alt=\"\" \/><\/div><div class=\"tiles__list__element__text wpb_text_column\"><h2 class=\"tiles__list__element__title\">SAISONRATEN-FINANZIERUNG.<\/h2><h3 class=\"tiles__list__element__subtitle\">SAISONALE SCHWANKUNGEN FINANZIELL AUSGLEICHEN.<\/h3><div class=\"tiles__list__element__description\"><p>Viele Branchen sind von Wetter und Jahreszeiten abh\u00e4ngig. Dem passt FUSO sich an: Mit der Saisonraten-Finanzierung richtet sich der Vertrag nach den Auftragsb\u00fcchern des Kunden. Die H\u00f6he der monatlichen Raten passt sich and den Gesch\u00e4ftsverlauf an. Damit bleibt der Kunde bei allen Auftragslagen liquide und genie\u00dft auch bei schlechtem Wetter beste Aussichten.<\/p>\n<\/div><\/div><\/li>\n            <\/ul>\n        <\/div>\n    <\/div>\n[vc_column_text el_class=&#8221;footnote&#8221;]<em>\u00b9 Die R\u00fcckgabeoption beruht auf einer Zusatzvereinbarung zum Plus3-Finanzierungsvertrag, welche direkt zwischen Kunde und H\u00e4ndler geschlossen wird. Hierf\u00fcr gelten die darin vereinbarten R\u00fcckkaufbedingungen.<\/em>[\/vc_column_text][\/vc_column][\/vc_row][vc_row][vc_column]\n    <div class=\"wpb_content_element tiles fusoeurope-tiles\" ><div class=\"wpb_text_column\">\n            <ul class=\"tiles__list no_slick flex-2\">\n                <li class=\"wpb_content_element  bg--grey tiles__list__element\" ><div class=\"tiles__list__element__image\"><a href=\"https:\/\/www.fuso-trucks.be\/de\/dienstleistungen\/versicherungen\/\"><img decoding=\"async\" class=\"layout-cover\" src=\"https:\/\/www.fuso-trucks.be\/wp-content\/uploads\/sites\/22\/2022\/08\/dienst_versicherung.jpg\" alt=\"\" \/><\/a><\/div><div class=\"tiles__list__element__text wpb_text_column\"><h3 class=\"tiles__list__element__subtitle\">AUS GR\u00dcNDEN.<br \/>\nDIE FUSO VERSICHERUNG.<\/h3><div class=\"tiles__list__element__description\"><p>Der FUSO Canter \u00fcberzeugt in Punkto Sicherheit. Aber trotzdem gilt: Vorsicht ist besser als Nachsicht. Mit der Lkw-Versicherung setzen FUSO Kunden in jedem Fall auf ein Produkt, dessen Leistungsumfang ebenfalls \u00fcberzeugt. Die Produktberatung und der Verkauf erfolgt durch die FUSO H\u00e4ndler.<\/p>\n<\/div>\n                <div class=\"tiles__list__element__link-container\">\n                    <a href=\"https:\/\/www.fuso-trucks.be\/de\/dienstleistungen\/versicherungen\/\" class=\"tiles__list__element__link\">MEHR ERFAHREN<\/a>\n                <\/div><\/div><\/li><li class=\"wpb_content_element  bg--grey tiles__list__element\" ><div class=\"tiles__list__element__image\"><a href=\"https:\/\/www.fuso-trucks.be\/de\/dienstleistungen\/leasing\/\"><img decoding=\"async\" class=\"layout-cover\" src=\"https:\/\/www.fuso-trucks.be\/wp-content\/uploads\/sites\/22\/2022\/08\/dienst_leasing.jpg\" alt=\"\" \/><\/a><\/div><div class=\"tiles__list__element__text wpb_text_column\"><h3 class=\"tiles__list__element__subtitle\">HALBE MIETE.<br \/>\nDAS FUSO LEASING.<\/h3><div class=\"tiles__list__element__description\"><p>F\u00fcr eine wirtschaftliche Anschaffung eines neuen FUSO Canter bietet die Daimler Truck Financial Services Group attraktive Leasingl\u00f6sungen an &#8211; perfekt zugeschnitten auf die Anforderungen des jeweiligen Kunden. Individuelle Leasingangebot nach Wunsch erhalten Kunden bei ihrem FUSO H\u00e4ndler.<\/p>\n<\/div>\n                <div class=\"tiles__list__element__link-container\">\n                    <a href=\"https:\/\/www.fuso-trucks.be\/de\/dienstleistungen\/leasing\/\" class=\"tiles__list__element__link\">MEHR ERFAHREN<\/a>\n                <\/div><\/div><\/li>\n            <\/ul>\n        <\/div>\n    <\/div>\n[\/vc_column][\/vc_row][vc_row][vc_column][\/vc_column][\/vc_row]<\/p>\n<\/div>","protected":false},"excerpt":{"rendered":"<\/p>\n","protected":false},"author":44,"featured_media":0,"parent":11981,"menu_order":0,"comment_status":"closed","ping_status":"closed","template":"templates\/template-default-hero.php","meta":{"_acf_changed":false,"footnotes":""},"class_list":["post-12427","page","type-page","status-publish","hentry"],"acf":[],"yoast_head":"<!-- This site is optimized with the Yoast SEO plugin v27.5 - https:\/\/yoast.com\/product\/yoast-seo-wordpress\/ -->\n<title>FUSO \u2013 Finanzierung<\/title>\n<meta name=\"description\" content=\"Dienstleistungen von FUSO \u2713 FUSO Finanzierung \u2713 Attraktive Angebote der Mercedes-Benz Bank \u2713 \u25b6\ufe0e Jetzt unser flexible Finanzierung entdecken!\" \/>\n<meta name=\"robots\" content=\"index, follow, max-snippet:-1, max-image-preview:large, max-video-preview:-1\" \/>\n<link rel=\"canonical\" href=\"https:\/\/www.fuso-trucks.be\/de\/dienstleistungen\/finanzierung\/\" \/>\n<meta property=\"og:locale\" content=\"de_DE\" \/>\n<meta property=\"og:type\" content=\"article\" \/>\n<meta property=\"og:title\" content=\"FUSO \u2013 Finanzierung\" \/>\n<meta property=\"og:description\" content=\"Dienstleistungen von FUSO \u2713 FUSO Finanzierung \u2713 Attraktive Angebote der Mercedes-Benz Bank \u2713 \u25b6\ufe0e Jetzt unser flexible Finanzierung entdecken!\" \/>\n<meta property=\"og:url\" content=\"https:\/\/www.fuso-trucks.be\/de\/dienstleistungen\/finanzierung\/\" \/>\n<meta property=\"og:site_name\" content=\"FUSO Trucks BE\" \/>\n<meta property=\"article:modified_time\" content=\"2022-09-28T05:48:41+00:00\" \/>\n<meta name=\"twitter:card\" content=\"summary_large_image\" \/>\n<meta name=\"twitter:label1\" content=\"Est. reading time\" \/>\n\t<meta name=\"twitter:data1\" content=\"2 minutes\" \/>\n<script type=\"application\/ld+json\" class=\"yoast-schema-graph\">{\"@context\":\"https:\\\/\\\/schema.org\",\"@graph\":[{\"@type\":\"WebPage\",\"@id\":\"https:\\\/\\\/www.fuso-trucks.be\\\/de\\\/dienstleistungen\\\/finanzierung\\\/\",\"url\":\"https:\\\/\\\/www.fuso-trucks.be\\\/de\\\/dienstleistungen\\\/finanzierung\\\/\",\"name\":\"FUSO \u2013 Finanzierung\",\"isPartOf\":{\"@id\":\"https:\\\/\\\/www.fuso-trucks.be\\\/de\\\/#website\"},\"datePublished\":\"2022-02-04T16:42:13+00:00\",\"dateModified\":\"2022-09-28T05:48:41+00:00\",\"description\":\"Dienstleistungen von FUSO \u2713 FUSO Finanzierung \u2713 Attraktive Angebote der Mercedes-Benz Bank \u2713 \u25b6\ufe0e Jetzt unser flexible Finanzierung entdecken!\",\"breadcrumb\":{\"@id\":\"https:\\\/\\\/www.fuso-trucks.be\\\/de\\\/dienstleistungen\\\/finanzierung\\\/#breadcrumb\"},\"inLanguage\":\"de-BE\",\"potentialAction\":[{\"@type\":\"ReadAction\",\"target\":[\"https:\\\/\\\/www.fuso-trucks.be\\\/de\\\/dienstleistungen\\\/finanzierung\\\/\"]}]},{\"@type\":\"BreadcrumbList\",\"@id\":\"https:\\\/\\\/www.fuso-trucks.be\\\/de\\\/dienstleistungen\\\/finanzierung\\\/#breadcrumb\",\"itemListElement\":[{\"@type\":\"ListItem\",\"position\":1,\"name\":\"Home\",\"item\":\"https:\\\/\\\/www.fuso-trucks.be\\\/de\\\/\"},{\"@type\":\"ListItem\",\"position\":2,\"name\":\"Dienstleistungen\",\"item\":\"https:\\\/\\\/www.fuso-trucks.be\\\/de\\\/dienstleistungen\\\/\"},{\"@type\":\"ListItem\",\"position\":3,\"name\":\"Finanzierung\"}]},{\"@type\":\"WebSite\",\"@id\":\"https:\\\/\\\/www.fuso-trucks.be\\\/de\\\/#website\",\"url\":\"https:\\\/\\\/www.fuso-trucks.be\\\/de\\\/\",\"name\":\"FUSO Trucks BE\",\"description\":\"Mitsubishi Fuso Truck and Bus Corporation\",\"potentialAction\":[{\"@type\":\"SearchAction\",\"target\":{\"@type\":\"EntryPoint\",\"urlTemplate\":\"https:\\\/\\\/www.fuso-trucks.be\\\/de\\\/?s={search_term_string}\"},\"query-input\":{\"@type\":\"PropertyValueSpecification\",\"valueRequired\":true,\"valueName\":\"search_term_string\"}}],\"inLanguage\":\"de-BE\"}]}<\/script>\n<!-- \/ Yoast SEO plugin. -->","yoast_head_json":{"title":"FUSO \u2013 Finanzierung","description":"Dienstleistungen von FUSO \u2713 FUSO Finanzierung \u2713 Attraktive Angebote der Mercedes-Benz Bank \u2713 \u25b6\ufe0e Jetzt unser flexible Finanzierung entdecken!","robots":{"index":"index","follow":"follow","max-snippet":"max-snippet:-1","max-image-preview":"max-image-preview:large","max-video-preview":"max-video-preview:-1"},"canonical":"https:\/\/www.fuso-trucks.be\/de\/dienstleistungen\/finanzierung\/","og_locale":"de_DE","og_type":"article","og_title":"FUSO \u2013 Finanzierung","og_description":"Dienstleistungen von FUSO \u2713 FUSO Finanzierung \u2713 Attraktive Angebote der Mercedes-Benz Bank \u2713 \u25b6\ufe0e Jetzt unser flexible Finanzierung entdecken!","og_url":"https:\/\/www.fuso-trucks.be\/de\/dienstleistungen\/finanzierung\/","og_site_name":"FUSO Trucks BE","article_modified_time":"2022-09-28T05:48:41+00:00","twitter_card":"summary_large_image","twitter_misc":{"Est. reading time":"2 minutes"},"schema":{"@context":"https:\/\/schema.org","@graph":[{"@type":"WebPage","@id":"https:\/\/www.fuso-trucks.be\/de\/dienstleistungen\/finanzierung\/","url":"https:\/\/www.fuso-trucks.be\/de\/dienstleistungen\/finanzierung\/","name":"FUSO \u2013 Finanzierung","isPartOf":{"@id":"https:\/\/www.fuso-trucks.be\/de\/#website"},"datePublished":"2022-02-04T16:42:13+00:00","dateModified":"2022-09-28T05:48:41+00:00","description":"Dienstleistungen von FUSO \u2713 FUSO Finanzierung \u2713 Attraktive Angebote der Mercedes-Benz Bank \u2713 \u25b6\ufe0e Jetzt unser flexible Finanzierung entdecken!","breadcrumb":{"@id":"https:\/\/www.fuso-trucks.be\/de\/dienstleistungen\/finanzierung\/#breadcrumb"},"inLanguage":"de-BE","potentialAction":[{"@type":"ReadAction","target":["https:\/\/www.fuso-trucks.be\/de\/dienstleistungen\/finanzierung\/"]}]},{"@type":"BreadcrumbList","@id":"https:\/\/www.fuso-trucks.be\/de\/dienstleistungen\/finanzierung\/#breadcrumb","itemListElement":[{"@type":"ListItem","position":1,"name":"Home","item":"https:\/\/www.fuso-trucks.be\/de\/"},{"@type":"ListItem","position":2,"name":"Dienstleistungen","item":"https:\/\/www.fuso-trucks.be\/de\/dienstleistungen\/"},{"@type":"ListItem","position":3,"name":"Finanzierung"}]},{"@type":"WebSite","@id":"https:\/\/www.fuso-trucks.be\/de\/#website","url":"https:\/\/www.fuso-trucks.be\/de\/","name":"FUSO Trucks BE","description":"Mitsubishi Fuso Truck and Bus Corporation","potentialAction":[{"@type":"SearchAction","target":{"@type":"EntryPoint","urlTemplate":"https:\/\/www.fuso-trucks.be\/de\/?s={search_term_string}"},"query-input":{"@type":"PropertyValueSpecification","valueRequired":true,"valueName":"search_term_string"}}],"inLanguage":"de-BE"}]}},"_links":{"self":[{"href":"https:\/\/www.fuso-trucks.be\/de\/wp-json\/wp\/v2\/pages\/12427","targetHints":{"allow":["GET"]}}],"collection":[{"href":"https:\/\/www.fuso-trucks.be\/de\/wp-json\/wp\/v2\/pages"}],"about":[{"href":"https:\/\/www.fuso-trucks.be\/de\/wp-json\/wp\/v2\/types\/page"}],"author":[{"embeddable":true,"href":"https:\/\/www.fuso-trucks.be\/de\/wp-json\/wp\/v2\/users\/44"}],"replies":[{"embeddable":true,"href":"https:\/\/www.fuso-trucks.be\/de\/wp-json\/wp\/v2\/comments?post=12427"}],"version-history":[{"count":44,"href":"https:\/\/www.fuso-trucks.be\/de\/wp-json\/wp\/v2\/pages\/12427\/revisions"}],"predecessor-version":[{"id":14172,"href":"https:\/\/www.fuso-trucks.be\/de\/wp-json\/wp\/v2\/pages\/12427\/revisions\/14172"}],"up":[{"embeddable":true,"href":"https:\/\/www.fuso-trucks.be\/de\/wp-json\/wp\/v2\/pages\/11981"}],"wp:attachment":[{"href":"https:\/\/www.fuso-trucks.be\/de\/wp-json\/wp\/v2\/media?parent=12427"}],"curies":[{"name":"wp","href":"https:\/\/api.w.org\/{rel}","templated":true}]}}