{"id":12474,"date":"2022-02-09T09:18:45","date_gmt":"2022-02-09T08:18:45","guid":{"rendered":"https:\/\/wp.fuso.meelogic.hosting\/?page_id=12474"},"modified":"2022-09-28T07:53:07","modified_gmt":"2022-09-28T05:53:07","slug":"leasing","status":"publish","type":"page","link":"https:\/\/www.fuso-trucks.be\/de\/dienstleistungen\/leasing\/","title":{"rendered":"Leasing"},"content":{"rendered":"<div class=\"wpb-content-wrapper\"><p>[vc_row][vc_column][vc_column_text el_class=&#8221;bigger centered&#8221;]<\/p>\n<h2 style=\"text-align: center\"><b>HALBE MIETE. DAS FUSO LEASING.<\/b><\/h2>\n<p>[\/vc_column_text][\/vc_column][\/vc_row][vc_row][vc_column]\n                <div class=\"fusoeurope-text-image wpb_content_element  item--image--left \" >\n                    <div class=\"item item--image\">\n                        <img decoding=\"async\" class=\"layout-none\" src=\"https:\/\/www.fuso-trucks.be\/wp-content\/uploads\/sites\/22\/2022\/08\/dienst_ls_leasing-klassisch.png\" alt=\"\" \/>\n                    <\/div>\n                    <div class=\"item item--text wpb_text_column\">\n                        <h2>KLASSISCHES LEASING.<\/h2>\n<h3>NUTZUNG AUF ZEIT.<\/h3>\n<p>Beim Leasing zahlt der Kunde f\u00fcr seinen FUSO Canter nur das, was er w\u00e4hrend der vereinbarten Vertragslaufzeit und im Rahmen der im Vertrag festgelegten Kilometerlaufleistung tats\u00e4chlich nutzt. Das rechnet sich gleich doppelt: Die Konditionen bei der Daimler Truck Financial Services Group sind attraktiv und die Leasingrate ist bei gewerblicher Nutzung des FUSO Canters in der Regel als Betriebsausgabe steuerlich absetzbar. Nach Ablauf des Vertrags gibt der Kunde den FUSO Canter einfach zum garantierten Restwert an seinen H\u00e4ndler zur\u00fcck \u2013 und steigt auf Wunsch auf ein neues Modell um.<\/p>\n\n                    <\/div>\n                <\/div>[\/vc_column][\/vc_row][vc_row][vc_column]\n                <div class=\"fusoeurope-text-image wpb_content_element  item--image--right \" >\n                    <div class=\"item item--image\">\n                        <img decoding=\"async\" class=\"layout-none\" src=\"https:\/\/www.fuso-trucks.be\/wp-content\/uploads\/sites\/22\/2022\/08\/dienst_ls_leasing-service.png\" alt=\"\" \/>\n                    <\/div>\n                    <div class=\"item item--text wpb_text_column\">\n                        <h2>CHARTERWAY SERVICELEASING.<\/h2>\n<h3>LEASING UND SERVICE IN NUR EINEM VERTRAG.<\/h3>\n<p>Kapital und Kapazit\u00e4ten schonen mit nur einem Vertrag \u2013 CharterWay ServiceLeasing verbindet die Vorz\u00fcge zweier Produkte, n\u00e4mlich Leasing und Service. Die monatlichen Raten decken nicht nur die Nutzung des Fahrzeugs, sondern auch die gew\u00fcnschten Serviceleistungen ab. Fahrzeug, Service und Management nach Wahl inklusive GAP-Unterdeckungsschutz \u2013 alles zu einem monatlichen Fixpreis. So k\u00f6nnen Kunden den wesentlichen Teil ihrer Fuhrparkkosten regeln und dabei sparen.<\/p>\n\n                    <\/div>\n                <\/div>\n                <div class=\"fusoeurope-text-image wpb_content_element  item--image--top \" >\n                    <div class=\"item item--text wpb_text_column\">\n                        \n                    <\/div>\n                <\/div>[\/vc_column][\/vc_row][vc_row][vc_column]\n                <div class=\"fusoeurope-text-image wpb_content_element  item--image--left \" >\n                    <div class=\"item item--image\">\n                        <img decoding=\"async\" class=\"layout-cover\" src=\"https:\/\/www.fuso-trucks.be\/wp-content\/uploads\/sites\/22\/2022\/08\/branch_km_galerie-4.jpg\" alt=\"\" \/>\n                    <\/div>\n                    <div class=\"item item--text wpb_text_column\">\n                        <h2>KOMMUNAL-LEASING.<\/h2>\n<h3>FUHRPARK NACH MA\u00df.<\/h3>\n<p>Die kommunalen Haushaltsbudgets sind h\u00e4ufig eng. Das Kommunal-Leasing der Daimler Truck Financial Services Group bietet daher eine gelungene Alternative zur Anschaffung. F\u00fcr welche Aufgaben der vielseitige FUSO Canter auch eingesetzt wird, w\u00e4hrend der Vertragslaufzeit zahlen Kunden nur f\u00fcr die Nutzung des Leasingfahrzeugs. Bei regelm\u00e4\u00dfigem Fahrzeugtausch am Vertragsende k\u00f6nnen die Kommunen so stets auf einen Fuhrpark gem\u00e4\u00df ihrer aktuellen Anforderungen und mit modernster Fahrzeugtechnik zur\u00fcckgreifen.<\/p>\n\n                    <\/div>\n                <\/div>[\/vc_column][\/vc_row][vc_row][vc_column]\n                <div class=\"fusoeurope-text-image wpb_content_element  item--image--right \" >\n                    <div class=\"item item--image\">\n                        <img decoding=\"async\" class=\"layout-cover\" src=\"https:\/\/www.fuso-trucks.be\/wp-content\/uploads\/sites\/22\/2022\/08\/dienst_ls_gap-unterdeckungsschutz.jpg\" alt=\"\" \/>\n                    <\/div>\n                    <div class=\"item item--text wpb_text_column\">\n                        <h2>GAP-UNTERDECKUNGSSCHUTZ.<\/h2>\n<h3><b>IN ALLEN LEASINGPRODUKTEN ENTHALTEN.<\/b><\/h3>\n<p>Die Daimler Truck Financial Services Group sichert bei Diebstahl oder wirtschaftlich anerkanntem Totalschaden bei allen Leasing- und CharterWay ServiceLeasing-Vertr\u00e4gen das sogenannte GAP-Risiko ohne Aufpreis f\u00fcr ihr Kunden ab.<\/p>\n<p>Mit GAP ist die L\u00fccke (englisch \u201egap\u201c) gemeint, die bei Eintrittspflicht der Kaskoversicherung zwischen dem Abrechnungswert des Leasingvertrags und der Erstattung der Versicherungsleistung entstehen kann. Dank des integrierten Unterdeckungsschutzes k\u00f6nnen Kunden die Vorteile des Leasings ganz entspannt nutzen.<\/p>\n\n                    <\/div>\n                <\/div>[\/vc_column][\/vc_row][vc_row][vc_column]\n    <div class=\"wpb_content_element tiles fusoeurope-tiles\" ><div class=\"wpb_text_column\">\n            <ul class=\"tiles__list no_slick flex-2\">\n                <li class=\"wpb_content_element  bg--grey tiles__list__element\" ><div class=\"tiles__list__element__image\"><a href=\"https:\/\/www.fuso-trucks.be\/de\/dienstleistungen\/versicherungen\/\"><img decoding=\"async\" class=\"layout-cover\" src=\"https:\/\/www.fuso-trucks.be\/wp-content\/uploads\/sites\/22\/2022\/08\/dienst_versicherung.jpg\" alt=\"\" \/><\/a><\/div><div class=\"tiles__list__element__text wpb_text_column\"><h3 class=\"tiles__list__element__subtitle\">AUS GR\u00dcNDEN.<br \/>\nDIE FUSO VERSICHERUNG.<\/h3><div class=\"tiles__list__element__description\"><p>Der FUSO Canter \u00fcberzeugt in Punkto Sicherheit. Aber trotzdem gilt: Vorsicht ist besser als Nachsicht. Mit der Lkw-Versicherung setzen FUSO Kunden in jedem Fall auf ein Produkt, dessen Leistungsumfang ebenfalls \u00fcberzeugt. Die Produktberatung und der Verkauf erfolgt durch die FUSO H\u00e4ndler.<\/p>\n<\/div>\n                <div class=\"tiles__list__element__link-container\">\n                    <a href=\"https:\/\/www.fuso-trucks.be\/de\/dienstleistungen\/versicherungen\/\" class=\"tiles__list__element__link\">MEHR ERFAHREN<\/a>\n                <\/div><\/div><\/li><li class=\"wpb_content_element  bg--grey tiles__list__element\" ><div class=\"tiles__list__element__image\"><a href=\"https:\/\/www.fuso-trucks.be\/de\/dienstleistungen\/finanzierung\/\"><img decoding=\"async\" class=\"layout-cover\" src=\"https:\/\/www.fuso-trucks.be\/wp-content\/uploads\/sites\/22\/2022\/08\/dienst_finanzierung.jpg\" alt=\"\" \/><\/a><\/div><div class=\"tiles__list__element__text wpb_text_column\"><h3 class=\"tiles__list__element__subtitle\">GUTES GESCH\u00c4FT.<br \/>\nDIE FUSO FINANZIERUNGEN.<\/h3><div class=\"tiles__list__element__description\"><p>Die Daimler Truck Financial Services Group versteht die Bed\u00fcrfnisse ihrer Kunden und bietet f\u00fcr den FUSO Canter interessante Alternativen zum Barkauf an. Ausf\u00fchrliche Beratung zu den verschiedenen Finanzierungs-Produkten und die Erstellung eines individuellen Angebots erhalten Kunden bei ihrem FUSO H\u00e4ndler.<\/p>\n<\/div>\n                <div class=\"tiles__list__element__link-container\">\n                    <a href=\"https:\/\/www.fuso-trucks.be\/de\/dienstleistungen\/finanzierung\/\" class=\"tiles__list__element__link\">MEHR ERFAHREN<\/a>\n                <\/div><\/div><\/li>\n            <\/ul>\n        <\/div>\n    <\/div>\n[\/vc_column][\/vc_row]<\/p>\n<\/div>","protected":false},"excerpt":{"rendered":"<\/p>\n","protected":false},"author":41,"featured_media":0,"parent":11981,"menu_order":0,"comment_status":"closed","ping_status":"closed","template":"templates\/template-default-hero.php","meta":{"_acf_changed":false,"footnotes":""},"class_list":["post-12474","page","type-page","status-publish","hentry"],"acf":[],"yoast_head":"<!-- This site is optimized with the Yoast SEO plugin v27.3 - https:\/\/yoast.com\/product\/yoast-seo-wordpress\/ -->\n<title>FUSO \u2013 Leasing<\/title>\n<meta name=\"description\" content=\"Dienstleistungen von FUSO \u2713 FUSO Leasing \u2713 FUSO Canter auf Zeit \u2713 Umstieg nach Vertragsende auf ein neues Modell um \u2713 \u25b6\ufe0e Jetzt unser flexibles Leasing entdecken!\" \/>\n<meta name=\"robots\" content=\"index, follow, max-snippet:-1, max-image-preview:large, max-video-preview:-1\" \/>\n<link rel=\"canonical\" href=\"https:\/\/www.fuso-trucks.be\/de\/dienstleistungen\/leasing\/\" \/>\n<meta property=\"og:locale\" content=\"de_DE\" \/>\n<meta property=\"og:type\" content=\"article\" \/>\n<meta property=\"og:title\" content=\"FUSO \u2013 Leasing\" \/>\n<meta property=\"og:description\" content=\"Dienstleistungen von FUSO \u2713 FUSO Leasing \u2713 FUSO Canter auf Zeit \u2713 Umstieg nach Vertragsende auf ein neues Modell um \u2713 \u25b6\ufe0e Jetzt unser flexibles Leasing entdecken!\" \/>\n<meta property=\"og:url\" content=\"https:\/\/www.fuso-trucks.be\/de\/dienstleistungen\/leasing\/\" \/>\n<meta property=\"og:site_name\" content=\"FUSO Trucks BE\" \/>\n<meta property=\"article:modified_time\" content=\"2022-09-28T05:53:07+00:00\" \/>\n<meta name=\"twitter:card\" content=\"summary_large_image\" \/>\n<meta name=\"twitter:label1\" content=\"Est. reading time\" \/>\n\t<meta name=\"twitter:data1\" content=\"2 minutes\" \/>\n<script type=\"application\/ld+json\" class=\"yoast-schema-graph\">{\"@context\":\"https:\\\/\\\/schema.org\",\"@graph\":[{\"@type\":\"WebPage\",\"@id\":\"https:\\\/\\\/www.fuso-trucks.be\\\/de\\\/dienstleistungen\\\/leasing\\\/\",\"url\":\"https:\\\/\\\/www.fuso-trucks.be\\\/de\\\/dienstleistungen\\\/leasing\\\/\",\"name\":\"FUSO \u2013 Leasing\",\"isPartOf\":{\"@id\":\"https:\\\/\\\/www.fuso-trucks.be\\\/de\\\/#website\"},\"datePublished\":\"2022-02-09T08:18:45+00:00\",\"dateModified\":\"2022-09-28T05:53:07+00:00\",\"description\":\"Dienstleistungen von FUSO \u2713 FUSO Leasing \u2713 FUSO Canter auf Zeit \u2713 Umstieg nach Vertragsende auf ein neues Modell um \u2713 \u25b6\ufe0e Jetzt unser flexibles Leasing entdecken!\",\"breadcrumb\":{\"@id\":\"https:\\\/\\\/www.fuso-trucks.be\\\/de\\\/dienstleistungen\\\/leasing\\\/#breadcrumb\"},\"inLanguage\":\"de-BE\",\"potentialAction\":[{\"@type\":\"ReadAction\",\"target\":[\"https:\\\/\\\/www.fuso-trucks.be\\\/de\\\/dienstleistungen\\\/leasing\\\/\"]}]},{\"@type\":\"BreadcrumbList\",\"@id\":\"https:\\\/\\\/www.fuso-trucks.be\\\/de\\\/dienstleistungen\\\/leasing\\\/#breadcrumb\",\"itemListElement\":[{\"@type\":\"ListItem\",\"position\":1,\"name\":\"Home\",\"item\":\"https:\\\/\\\/www.fuso-trucks.be\\\/de\\\/\"},{\"@type\":\"ListItem\",\"position\":2,\"name\":\"Dienstleistungen\",\"item\":\"https:\\\/\\\/www.fuso-trucks.be\\\/de\\\/dienstleistungen\\\/\"},{\"@type\":\"ListItem\",\"position\":3,\"name\":\"Leasing\"}]},{\"@type\":\"WebSite\",\"@id\":\"https:\\\/\\\/www.fuso-trucks.be\\\/de\\\/#website\",\"url\":\"https:\\\/\\\/www.fuso-trucks.be\\\/de\\\/\",\"name\":\"FUSO Trucks BE\",\"description\":\"Mitsubishi Fuso Truck and Bus Corporation\",\"potentialAction\":[{\"@type\":\"SearchAction\",\"target\":{\"@type\":\"EntryPoint\",\"urlTemplate\":\"https:\\\/\\\/www.fuso-trucks.be\\\/de\\\/?s={search_term_string}\"},\"query-input\":{\"@type\":\"PropertyValueSpecification\",\"valueRequired\":true,\"valueName\":\"search_term_string\"}}],\"inLanguage\":\"de-BE\"}]}<\/script>\n<!-- \/ Yoast SEO plugin. -->","yoast_head_json":{"title":"FUSO \u2013 Leasing","description":"Dienstleistungen von FUSO \u2713 FUSO Leasing \u2713 FUSO Canter auf Zeit \u2713 Umstieg nach Vertragsende auf ein neues Modell um \u2713 \u25b6\ufe0e Jetzt unser flexibles Leasing entdecken!","robots":{"index":"index","follow":"follow","max-snippet":"max-snippet:-1","max-image-preview":"max-image-preview:large","max-video-preview":"max-video-preview:-1"},"canonical":"https:\/\/www.fuso-trucks.be\/de\/dienstleistungen\/leasing\/","og_locale":"de_DE","og_type":"article","og_title":"FUSO \u2013 Leasing","og_description":"Dienstleistungen von FUSO \u2713 FUSO Leasing \u2713 FUSO Canter auf Zeit \u2713 Umstieg nach Vertragsende auf ein neues Modell um \u2713 \u25b6\ufe0e Jetzt unser flexibles Leasing entdecken!","og_url":"https:\/\/www.fuso-trucks.be\/de\/dienstleistungen\/leasing\/","og_site_name":"FUSO Trucks BE","article_modified_time":"2022-09-28T05:53:07+00:00","twitter_card":"summary_large_image","twitter_misc":{"Est. reading time":"2 minutes"},"schema":{"@context":"https:\/\/schema.org","@graph":[{"@type":"WebPage","@id":"https:\/\/www.fuso-trucks.be\/de\/dienstleistungen\/leasing\/","url":"https:\/\/www.fuso-trucks.be\/de\/dienstleistungen\/leasing\/","name":"FUSO \u2013 Leasing","isPartOf":{"@id":"https:\/\/www.fuso-trucks.be\/de\/#website"},"datePublished":"2022-02-09T08:18:45+00:00","dateModified":"2022-09-28T05:53:07+00:00","description":"Dienstleistungen von FUSO \u2713 FUSO Leasing \u2713 FUSO Canter auf Zeit \u2713 Umstieg nach Vertragsende auf ein neues Modell um \u2713 \u25b6\ufe0e Jetzt unser flexibles Leasing entdecken!","breadcrumb":{"@id":"https:\/\/www.fuso-trucks.be\/de\/dienstleistungen\/leasing\/#breadcrumb"},"inLanguage":"de-BE","potentialAction":[{"@type":"ReadAction","target":["https:\/\/www.fuso-trucks.be\/de\/dienstleistungen\/leasing\/"]}]},{"@type":"BreadcrumbList","@id":"https:\/\/www.fuso-trucks.be\/de\/dienstleistungen\/leasing\/#breadcrumb","itemListElement":[{"@type":"ListItem","position":1,"name":"Home","item":"https:\/\/www.fuso-trucks.be\/de\/"},{"@type":"ListItem","position":2,"name":"Dienstleistungen","item":"https:\/\/www.fuso-trucks.be\/de\/dienstleistungen\/"},{"@type":"ListItem","position":3,"name":"Leasing"}]},{"@type":"WebSite","@id":"https:\/\/www.fuso-trucks.be\/de\/#website","url":"https:\/\/www.fuso-trucks.be\/de\/","name":"FUSO Trucks BE","description":"Mitsubishi Fuso Truck and Bus Corporation","potentialAction":[{"@type":"SearchAction","target":{"@type":"EntryPoint","urlTemplate":"https:\/\/www.fuso-trucks.be\/de\/?s={search_term_string}"},"query-input":{"@type":"PropertyValueSpecification","valueRequired":true,"valueName":"search_term_string"}}],"inLanguage":"de-BE"}]}},"_links":{"self":[{"href":"https:\/\/www.fuso-trucks.be\/de\/wp-json\/wp\/v2\/pages\/12474","targetHints":{"allow":["GET"]}}],"collection":[{"href":"https:\/\/www.fuso-trucks.be\/de\/wp-json\/wp\/v2\/pages"}],"about":[{"href":"https:\/\/www.fuso-trucks.be\/de\/wp-json\/wp\/v2\/types\/page"}],"author":[{"embeddable":true,"href":"https:\/\/www.fuso-trucks.be\/de\/wp-json\/wp\/v2\/users\/41"}],"replies":[{"embeddable":true,"href":"https:\/\/www.fuso-trucks.be\/de\/wp-json\/wp\/v2\/comments?post=12474"}],"version-history":[{"count":60,"href":"https:\/\/www.fuso-trucks.be\/de\/wp-json\/wp\/v2\/pages\/12474\/revisions"}],"predecessor-version":[{"id":15407,"href":"https:\/\/www.fuso-trucks.be\/de\/wp-json\/wp\/v2\/pages\/12474\/revisions\/15407"}],"up":[{"embeddable":true,"href":"https:\/\/www.fuso-trucks.be\/de\/wp-json\/wp\/v2\/pages\/11981"}],"wp:attachment":[{"href":"https:\/\/www.fuso-trucks.be\/de\/wp-json\/wp\/v2\/media?parent=12474"}],"curies":[{"name":"wp","href":"https:\/\/api.w.org\/{rel}","templated":true}]}}