{"id":12556,"date":"2022-02-10T09:24:27","date_gmt":"2022-02-10T08:24:27","guid":{"rendered":"https:\/\/wp.fuso.meelogic.hosting\/?page_id=12556"},"modified":"2026-04-01T15:42:35","modified_gmt":"2026-04-01T13:42:35","slug":"anbieter","status":"publish","type":"page","link":"https:\/\/www.fuso-trucks.be\/de\/anbieter\/","title":{"rendered":"Anbieter"},"content":{"rendered":"<div class=\"wpb-content-wrapper\"><p>[vc_row][vc_column][vc_column_text]<\/p>\n<h2>ANBIETER.<\/h2>\n<p>[\/vc_column_text][\/vc_column][\/vc_row][vc_row][vc_column width=&#8221;1\/2&#8243;]\n                <div class=\"fusoeurope-text-image wpb_content_element  item--image--top \" >\n                    <div class=\"item item--text wpb_text_column\">\n                        <p>Daimler Truck AG<br \/>\nFasanenweg 10<br \/>\n70771 Leinfelden-Echterdingen<br \/>\nTel.: +49 711-8485-0<\/p>\n<p>E-Mail:\u00a0<a href=\"mailto:contact@daimlertruck.com\">contact@daimlertruck.com<\/a><\/p>\n\n                    <\/div>\n                <\/div>[\/vc_column][vc_column width=&#8221;1\/2&#8243;]\n                <div class=\"fusoeurope-text-image wpb_content_element  item--image--top \" >\n                    <div class=\"item item--text wpb_text_column\">\n                        <p><b>Vertreten durch den Vorstand: <\/b>Karin R\u00e5dstr\u00f6m, Vorsitzende &amp; CEO; Andreas Gorbach, J\u00fcrgen Hartwig, John O\u2019Leary, Achim Puchert, Eva Scherer<\/p>\n<p><b>Vorsitzender des Aufsichtsrats:<\/b>\u00a0Joe Kaeser<\/p>\n<p>Handelsregister beim Amtsgericht Stuttgart, Nr. HRB\u00a076 28 84<br \/>\nUmsatzsteueridentifikationsnummer: DE 32 12 81 771<\/p>\n<p>&nbsp;<\/p>\n<p><b>Weitere auf dieser Seite ver\u00f6ffentlichende Unternehmen:<\/b><\/p>\n<p><b>Daimler Truck Financial Services Deutschland GmbH<br \/>\n<\/b>M\u00fchlenstra\u00dfe 30<br \/>\n10243 Berlin<br \/>\nDeutschland<br \/>\nTelefon: +49 30 3640669 0<br \/>\nE-Mail: <a href=\"mailto:dtfsd-kundenservice@daimlertruck.com\">dtfsd-kundenservice@daimlertruck.com<\/a><\/p>\n<p><b>Gesch\u00e4ftsf\u00fchrung:<\/b> Dr. Florian Peterl, Jan Hundt<\/p>\n<p>Handelsregister beim Amtsgericht Charlottenburg, Nr. HRB 232662<br \/>\nUmsatzsteueridentifikationsnummer: DE 348 198 335<\/p>\n<p><b>Aufsichtsbeh\u00f6rde<\/b><br \/>\nBundesanstalt f\u00fcr Finanzdienstleistungsaufsicht<br \/>\nGraurheindorfer Str. 108<br \/>\n53117 Bonn<\/p>\n\n                    <\/div>\n                <\/div>[\/vc_column][\/vc_row]<\/p>\n<\/div>","protected":false},"excerpt":{"rendered":"<\/p>\n","protected":false},"author":44,"featured_media":0,"parent":0,"menu_order":8,"comment_status":"closed","ping_status":"closed","template":"templates\/template-default-hero.php","meta":{"_acf_changed":false,"footnotes":""},"class_list":["post-12556","page","type-page","status-publish","hentry"],"acf":[],"yoast_head":"<!-- This site is optimized with the Yoast SEO plugin v27.3 - https:\/\/yoast.com\/product\/yoast-seo-wordpress\/ -->\n<title>FUSO \u2013 Anbieter<\/title>\n<meta name=\"description\" content=\"INFORMATIONEN ZUM ANBIETER DER WEBSEITE\" \/>\n<meta name=\"robots\" content=\"noindex, follow\" \/>\n<meta property=\"og:locale\" content=\"de_DE\" \/>\n<meta property=\"og:type\" content=\"article\" \/>\n<meta property=\"og:title\" content=\"FUSO \u2013 Anbieter\" \/>\n<meta property=\"og:description\" content=\"INFORMATIONEN ZUM ANBIETER DER WEBSEITE\" \/>\n<meta property=\"og:url\" content=\"https:\/\/www.fuso-trucks.be\/de\/anbieter\/\" \/>\n<meta property=\"og:site_name\" content=\"FUSO Trucks BE\" \/>\n<meta property=\"article:modified_time\" content=\"2026-04-01T13:42:35+00:00\" \/>\n<meta name=\"twitter:card\" content=\"summary_large_image\" \/>\n<meta name=\"twitter:label1\" content=\"Est. reading time\" \/>\n\t<meta name=\"twitter:data1\" content=\"1 minute\" \/>\n<script type=\"application\/ld+json\" class=\"yoast-schema-graph\">{\"@context\":\"https:\\\/\\\/schema.org\",\"@graph\":[{\"@type\":\"WebPage\",\"@id\":\"https:\\\/\\\/www.fuso-trucks.be\\\/de\\\/anbieter\\\/\",\"url\":\"https:\\\/\\\/www.fuso-trucks.be\\\/de\\\/anbieter\\\/\",\"name\":\"FUSO \u2013 Anbieter\",\"isPartOf\":{\"@id\":\"https:\\\/\\\/www.fuso-trucks.be\\\/de\\\/#website\"},\"datePublished\":\"2022-02-10T08:24:27+00:00\",\"dateModified\":\"2026-04-01T13:42:35+00:00\",\"description\":\"INFORMATIONEN ZUM ANBIETER DER WEBSEITE\",\"breadcrumb\":{\"@id\":\"https:\\\/\\\/www.fuso-trucks.be\\\/de\\\/anbieter\\\/#breadcrumb\"},\"inLanguage\":\"de-BE\",\"potentialAction\":[{\"@type\":\"ReadAction\",\"target\":[\"https:\\\/\\\/www.fuso-trucks.be\\\/de\\\/anbieter\\\/\"]}]},{\"@type\":\"BreadcrumbList\",\"@id\":\"https:\\\/\\\/www.fuso-trucks.be\\\/de\\\/anbieter\\\/#breadcrumb\",\"itemListElement\":[{\"@type\":\"ListItem\",\"position\":1,\"name\":\"Home\",\"item\":\"https:\\\/\\\/www.fuso-trucks.be\\\/de\\\/\"},{\"@type\":\"ListItem\",\"position\":2,\"name\":\"Anbieter\"}]},{\"@type\":\"WebSite\",\"@id\":\"https:\\\/\\\/www.fuso-trucks.be\\\/de\\\/#website\",\"url\":\"https:\\\/\\\/www.fuso-trucks.be\\\/de\\\/\",\"name\":\"FUSO Trucks BE\",\"description\":\"Mitsubishi Fuso Truck and Bus Corporation\",\"potentialAction\":[{\"@type\":\"SearchAction\",\"target\":{\"@type\":\"EntryPoint\",\"urlTemplate\":\"https:\\\/\\\/www.fuso-trucks.be\\\/de\\\/?s={search_term_string}\"},\"query-input\":{\"@type\":\"PropertyValueSpecification\",\"valueRequired\":true,\"valueName\":\"search_term_string\"}}],\"inLanguage\":\"de-BE\"}]}<\/script>\n<!-- \/ Yoast SEO plugin. -->","yoast_head_json":{"title":"FUSO \u2013 Anbieter","description":"INFORMATIONEN ZUM ANBIETER DER WEBSEITE","robots":{"index":"noindex","follow":"follow"},"og_locale":"de_DE","og_type":"article","og_title":"FUSO \u2013 Anbieter","og_description":"INFORMATIONEN ZUM ANBIETER DER WEBSEITE","og_url":"https:\/\/www.fuso-trucks.be\/de\/anbieter\/","og_site_name":"FUSO Trucks BE","article_modified_time":"2026-04-01T13:42:35+00:00","twitter_card":"summary_large_image","twitter_misc":{"Est. reading time":"1 minute"},"schema":{"@context":"https:\/\/schema.org","@graph":[{"@type":"WebPage","@id":"https:\/\/www.fuso-trucks.be\/de\/anbieter\/","url":"https:\/\/www.fuso-trucks.be\/de\/anbieter\/","name":"FUSO \u2013 Anbieter","isPartOf":{"@id":"https:\/\/www.fuso-trucks.be\/de\/#website"},"datePublished":"2022-02-10T08:24:27+00:00","dateModified":"2026-04-01T13:42:35+00:00","description":"INFORMATIONEN ZUM ANBIETER DER WEBSEITE","breadcrumb":{"@id":"https:\/\/www.fuso-trucks.be\/de\/anbieter\/#breadcrumb"},"inLanguage":"de-BE","potentialAction":[{"@type":"ReadAction","target":["https:\/\/www.fuso-trucks.be\/de\/anbieter\/"]}]},{"@type":"BreadcrumbList","@id":"https:\/\/www.fuso-trucks.be\/de\/anbieter\/#breadcrumb","itemListElement":[{"@type":"ListItem","position":1,"name":"Home","item":"https:\/\/www.fuso-trucks.be\/de\/"},{"@type":"ListItem","position":2,"name":"Anbieter"}]},{"@type":"WebSite","@id":"https:\/\/www.fuso-trucks.be\/de\/#website","url":"https:\/\/www.fuso-trucks.be\/de\/","name":"FUSO Trucks BE","description":"Mitsubishi Fuso Truck and Bus Corporation","potentialAction":[{"@type":"SearchAction","target":{"@type":"EntryPoint","urlTemplate":"https:\/\/www.fuso-trucks.be\/de\/?s={search_term_string}"},"query-input":{"@type":"PropertyValueSpecification","valueRequired":true,"valueName":"search_term_string"}}],"inLanguage":"de-BE"}]}},"_links":{"self":[{"href":"https:\/\/www.fuso-trucks.be\/de\/wp-json\/wp\/v2\/pages\/12556","targetHints":{"allow":["GET"]}}],"collection":[{"href":"https:\/\/www.fuso-trucks.be\/de\/wp-json\/wp\/v2\/pages"}],"about":[{"href":"https:\/\/www.fuso-trucks.be\/de\/wp-json\/wp\/v2\/types\/page"}],"author":[{"embeddable":true,"href":"https:\/\/www.fuso-trucks.be\/de\/wp-json\/wp\/v2\/users\/44"}],"replies":[{"embeddable":true,"href":"https:\/\/www.fuso-trucks.be\/de\/wp-json\/wp\/v2\/comments?post=12556"}],"version-history":[{"count":19,"href":"https:\/\/www.fuso-trucks.be\/de\/wp-json\/wp\/v2\/pages\/12556\/revisions"}],"predecessor-version":[{"id":28552,"href":"https:\/\/www.fuso-trucks.be\/de\/wp-json\/wp\/v2\/pages\/12556\/revisions\/28552"}],"wp:attachment":[{"href":"https:\/\/www.fuso-trucks.be\/de\/wp-json\/wp\/v2\/media?parent=12556"}],"curies":[{"name":"wp","href":"https:\/\/api.w.org\/{rel}","templated":true}]}}