{"id":12563,"date":"2022-02-10T10:20:27","date_gmt":"2022-02-10T09:20:27","guid":{"rendered":"https:\/\/wp.fuso.meelogic.hosting\/?page_id=12563"},"modified":"2025-05-09T14:01:28","modified_gmt":"2025-05-09T12:01:28","slug":"rechtliche-hinweise","status":"publish","type":"page","link":"https:\/\/www.fuso-trucks.be\/de\/rechtliche-hinweise\/","title":{"rendered":"Rechtliche Hinweise"},"content":{"rendered":"<div class=\"wpb-content-wrapper\"><p>[vc_row][vc_column][vc_column_text]<\/p>\n<h2>RECHTLICHE HINWEISE.<\/h2>\n<p>[\/vc_column_text][\/vc_column][\/vc_row][vc_row][vc_column]\n                <div class=\"fusoeurope-text-image wpb_content_element  item--image--top \" >\n                    <div class=\"item item--text wpb_text_column\">\n                        <div class=\"text parbase section\">\n<h2>URHEBERRECHT<\/h2>\n<p><b> <\/b>Alle Rechte vorbehalten. Alle Texte, Bilder, Graphiken, Ton-, Video- und Animationsdateien sowie ihre Arrangements unterliegen dem Urheberrecht und anderen Gesetzen zum Schutz geistigen Eigentums. Sie d\u00fcrfen weder f\u00fcr Handelszwecke oder zur Weitergabe kopiert, noch ver\u00e4ndert und auf anderen Web-Sites verwendet werden. Einige Internet-Seiten der\u00a0Daimler\u00a0Truck\u00a0AG enthalten auch Material, das dem Urheberrecht derjenigen unterliegt, die dieses zur Verf\u00fcgung gestellt haben.<\/p>\n<h2>PRODUKTE UND PREISE<\/h2>\n<p><b> <\/b>Nach Redaktionsschluss einzelner Seiten k\u00f6nnen sich \u00c4nderungen bei Produkten (u.a. Konstruktions- oder Form\u00e4nderungen, Abweichungen im Farbton) und Leistungen ergeben haben. Die Abbildungen k\u00f6nnen auch Zubeh\u00f6r, Sonderausstattungen oder sonstige Umf\u00e4nge enthalten, die nicht zum serienm\u00e4\u00dfigen Liefer- oder Leistungsumfang geh\u00f6ren. Farbabweichungen sind technisch bedingt. Einzelne Seiten k\u00f6nnen auch Typen und Leistungen enthalten, die in einzelnen L\u00e4ndern nicht angeboten werden. Aussagen \u00fcber gesetzliche, rechtliche und steuerliche Vorschriften und Auswirkungen haben nur f\u00fcr die Bundesrepublik Deutschland G\u00fcltigkeit. Vorbehaltlich anderslautender Regelung in den Verkaufs- oder Lieferbedingungen gelten die am Tage der Lieferung g\u00fcltigen Preise. F\u00fcr unsere Vertragspartner verstehen sich die Preise als unverbindliche Preisempfehlung. Fragen Sie daher zum letzten Stand bitte eine Niederlassung oder einen Vertragspartner.<\/p>\n<h2>HANDELSMARKEN<\/h2>\n<p><b> <\/b>Alle auf den Internet-Seiten der Daimler Truck AG genannten Marken der Daimler Truck AG sind gesetzlich gesch\u00fctzte Marken. Dies gilt insbesondere f\u00fcr die Modellnamen sowie alle Logos und Embleme des Unternehmens.<\/p>\n<h2>LIZENZRECHTE<\/h2>\n<p><b> <\/b>Daimler Truck m\u00f6chte Ihnen ein innovatives und informatives Internet-Programm anbieten. Wir hoffen deshalb, dass Sie sich \u00fcber unsere kreative Gestaltung genauso freuen wie wir. Wir bitten Sie aber dennoch um Verst\u00e4ndnis daf\u00fcr, dass die Daimler Truck AG ihr geistiges Eigentum, einschlie\u00dflich Patente, Handelsmarken und Urheberrechte, sch\u00fctzen muss und diese Internet-Seiten keinerlei Lizenzrechte an dem geistigen Eigentum von Daimler Truck AG gew\u00e4hren k\u00f6nnen.<\/p>\n<h2>HINWEISE \u00dcBER VORAUSSCHAUENDE AUSSAGEN<\/h2>\n<p>Die Internet-Seiten der Daimler Truck AG enthalten vorausschauende Aussagen zu unserer aktuellen Einsch\u00e4tzung k\u00fcnftiger Vorg\u00e4nge. W\u00f6rter wie \u201eanstreben\u201c, \u201eAmbition\u201c, \u201eantizipieren\u201c, \u201eannehmen\u201c, \u201eglauben\u201c, \u201eeinsch\u00e4tzen\u201c, \u201eerwarten\u201c, \u201ebeabsichtigen\u201c, \u201ek\u00f6nnen\/k\u00f6nnten\u201c, \u201eplanen\u201c, \u201eprojizieren\u201c, \u201esollten\u201c und \u00e4hnliche Begriffe kennzeichnen solche vorausschauenden Aussagen.<br \/>\nDiese Aussagen sind einer Reihe von Risiken und Unsicherheiten unterworfen. Einige Beispiele hierf\u00fcr sind<\/p>\n<ul>\n<li>eine ung\u00fcnstige Entwicklung der weltwirtschaftlichen Situation, insbesondere ein R\u00fcckgang der Nachfrage in unseren wichtigsten Absatzm\u00e4rkten,<\/li>\n<li>eine Verschlechterung unserer Refinanzierungsm\u00f6glichkeiten an den Kredit- und Finanzm\u00e4rkten,<\/li>\n<li>unabwendbare Ereignisse h\u00f6herer Gewalt wie beispielsweise Naturkatastrophen, Pandemien, Terrorakte, politische Unruhen, kriegerische Auseinandersetzungen, Industrieunf\u00e4lle und deren Folgewirkungen auf unsere Verkaufs-, Einkaufs-, Produktions- oder Finanzierungsaktivit\u00e4ten,<\/li>\n<li>Ver\u00e4nderungen von Wechselkursen, Zoll- und Au\u00dfenhandelsbestimmungen,<\/li>\n<li>eine Ver\u00e4nderung des Konsumverhaltens;<\/li>\n<li>ein m\u00f6glicher Akzeptanzverlust unserer Produkte und Dienstleistungen mit der Folge einer Beeintr\u00e4chtigung bei der Durchsetzung von Preisen und bei der Auslastung von Produktionskapazit\u00e4ten,<\/li>\n<li>Preiserh\u00f6hungen bei Kraftstoffen und Rohstoffen,<\/li>\n<li>Unterbrechungen der Produktion aufgrund von Materialengp\u00e4ssen, Belegschaftsstreiks oder Lieferanteninsolvenzen,<\/li>\n<li>ein R\u00fcckgang der Wiederverkaufspreise von Gebrauchtfahrzeugen,<\/li>\n<li>die erfolgreiche Umsetzung von Kostenreduzierungs- und Effizienzsteigerungsma\u00dfnahmen,<\/li>\n<li>die Gesch\u00e4ftsaussichten der Gesellschaften, an denen wir bedeutende Beteiligungen halten,<\/li>\n<li>die erfolgreiche Umsetzung strategischer Kooperationen und Joint Ventures,<\/li>\n<li>die \u00c4nderungen von Gesetzen, Bestimmungen und beh\u00f6rdlichen Richtlinien, insbesondere soweit sie Fahrzeugemissionen, Kraftstoffverbrauch und Sicherheit betreffen,<\/li>\n<li>sowie der Abschluss laufender beh\u00f6rdlicher oder von Beh\u00f6rden veranlasster Untersuchungen und der Ausgang anh\u00e4ngiger oder drohender k\u00fcnftiger rechtlicher Verfahren und weitere Risiken und Unw\u00e4gbarkeiten, von denen einige in unserem aktuellen Gesch\u00e4ftsbericht oder im aktuellen Zwischenbericht unter der \u00dcberschrift \u00bbRisiko- und Chancenbericht\u00ab beschrieben sind.<\/li>\n<\/ul>\n<p>Sollte einer dieser Unsicherheitsfaktoren oder eine dieser Unw\u00e4gbarkeiten eintreten oder sollten sich die den vorausschauenden Aussagen zugrunde liegenden Annahmen als unrichtig erweisen, k\u00f6nnten die tats\u00e4chlichen Ergebnisse wesentlich von den in diesen Aussagen genannten oder implizit zum Ausdruck gebrachten Ergebnissen abweichen.<br \/>\nWir haben weder die Absicht noch \u00fcbernehmen wir eine Verpflichtung, vorausschauende Aussagen laufend zu aktualisieren, da diese ausschlie\u00dflich auf den Umst\u00e4nden am Tag der Ver\u00f6ffentlichung basieren.<\/p>\n<h2>HAFTUNG<\/h2>\n<p>Die Informationen und Angaben auf diesen Seiten stellen keine Zusicherung oder Garantie dar, sei sie ausdr\u00fccklich oder stillschweigend. Sie stellen insbesondere keine stillschweigende Zusage oder Garantie betreffend die Beschaffenheit, die Handelsf\u00e4higkeit, die Eignung f\u00fcr bestimmte Zwecke oder den Nichtversto\u00df gegen Gesetze und Patente dar.<\/p>\n<p>Sofern auf den Webseiten der Daimler Truck AG ein Rat oder eine Empfehlung erteilt wird, ist die Daimler Truck AG unbeschadet der sich aus einem Vertragsverh\u00e4ltnis, einer unerlaubten Handlung oder einer sonstigen gesetzlichen Bestimmung ergebenden Verantwortlichkeit zum Ersatz des aus der Befolgung des Rates oder der Empfehlung entstehenden Schadens nicht verpflichtet.<\/p>\n<p>Weiterhin schlie\u00dft die Daimler Truck AG ihre Haftung beim Download von durch die Daimler Truck AG zur Verf\u00fcgung gestellten Dateien auf den Internetseiten der Daimler Truck AG f\u00fcr leicht fahrl\u00e4ssige Pflichtverletzungen aus, sofern diese keine vertragswesentlichen Pflichten sowie Leben, Gesundheit oder K\u00f6rper betreffen oder Anspr\u00fcche nach dem Produkthaftungsgesetz ber\u00fchrt sind. Gleiches gilt f\u00fcr Pflichtverletzungen unserer Erf\u00fcllungsgehilfen.<\/p>\n<p>Auf unseren Internet-Seiten finden Sie auch Links zu anderen Seiten im Internet. Wir m\u00f6chten Sie darauf hinweisen, dass wir keinen Einfluss auf die Gestaltung und den Inhalt der Seiten haben, auf die verlinkt wird. Wir k\u00f6nnen daher auch keine Gew\u00e4hr f\u00fcr die Aktualit\u00e4t, Korrektheit, Vollst\u00e4ndigkeit oder Qualit\u00e4t der dort bereitgestellten Informationen \u00fcbernehmen. Vor diesem Hintergrund distanzieren wir uns hiermit von allen Inhalten dieser Seiten. Diese Erkl\u00e4rung gilt f\u00fcr alle auf unseren Internet-Seiten enthaltenen Links zu externen Seiten und deren Inhalte.<\/p>\n<div class=\"wpb_column vc_column_container vc_col-sm-12\">\n<div class=\"vc_column-inner\">\n<div class=\"wpb_wrapper\">\n<div class=\"fusoeurope-text-image wpb_content_element item--image--top \">\n<div class=\"item item--text wpb_text_column\">\n<div class=\"text parbase section\">\n<h2>INFORMATIONEN ZUR ONLINE-STREITBEILEGUNG<\/h2>\n<p>Die EU-Kommission hat eine Internetplattform zur Online-Beilegung von Streitigkeiten (sog. \u201eOS-Plattform\u201c) geschaffen. Die OS-Plattform dient als Anlaufstelle zur au\u00dfergerichtlichen Beilegung von Streitigkeiten betreffend vertragliche Verpflichtungen, die aus Online-Kaufvertr\u00e4gen erwachsen. Sie k\u00f6nnen die OS-Plattform unter dem folgenden Link erreichen:<\/p>\n<p><a href=\"http:\/\/ec.europa.eu\/consumers\/odr\" target=\"_blank\" rel=\"noopener noreferrer\"> http:\/\/ec.europa.eu\/consumers\/odr<\/a><\/p>\n<h2>HINWEIS GEM\u00c4\u00df \u00a7 36 VERBRAUCHERSTREITBEILEGUNGSGESETZ (VSBG)<\/h2>\n<p>Daimler Truck AG wird nicht an einem Streitbeilegungsverfahren vor einer Verbraucherschlichtungsstelle im Sinne des deutschen Verbraucherstreitbeilegungsgesetzes (VSBG) teilnehmen und ist hierzu auch nicht verpflichtet.<\/p>\n<h2>RANGFOLGE<\/h2>\n<p>Nutzungsbedingungen f\u00fcr ein Digitales Angebot haben Vorrang vor diesen rechtlichen Hinweisen.<\/p>\n<\/div>\n<\/div>\n<\/div>\n<\/div>\n<\/div>\n<\/div>\n<\/div>\n\n                    <\/div>\n                <\/div>[\/vc_column][\/vc_row]<\/p>\n<\/div>","protected":false},"excerpt":{"rendered":"<\/p>\n","protected":false},"author":44,"featured_media":0,"parent":0,"menu_order":9,"comment_status":"closed","ping_status":"closed","template":"templates\/template-default-hero.php","meta":{"_acf_changed":false,"footnotes":""},"class_list":["post-12563","page","type-page","status-publish","hentry"],"acf":[],"yoast_head":"<!-- This site is optimized with the Yoast SEO plugin v27.3 - https:\/\/yoast.com\/product\/yoast-seo-wordpress\/ -->\n<title>FUSO \u2013 Rechtliche Hinweise<\/title>\n<meta name=\"description\" content=\"RECHTLICHE HINWEISE | URHEBERRECHT | PRODUKTE UND PREISE | HANDELSMARKEN | LIZENZRECHTE | HINWEISE \u00dcBER VORAUSSCHAUENDE AUSSAGEN &amp; HAFTUNG\" \/>\n<meta name=\"robots\" content=\"noindex, follow\" \/>\n<meta property=\"og:locale\" content=\"de_DE\" \/>\n<meta property=\"og:type\" content=\"article\" \/>\n<meta property=\"og:title\" content=\"FUSO \u2013 Rechtliche Hinweise\" \/>\n<meta property=\"og:description\" content=\"RECHTLICHE HINWEISE | URHEBERRECHT | PRODUKTE UND PREISE | HANDELSMARKEN | LIZENZRECHTE | HINWEISE \u00dcBER VORAUSSCHAUENDE AUSSAGEN &amp; HAFTUNG\" \/>\n<meta property=\"og:url\" content=\"https:\/\/www.fuso-trucks.be\/de\/rechtliche-hinweise\/\" \/>\n<meta property=\"og:site_name\" content=\"FUSO Trucks BE\" \/>\n<meta property=\"article:modified_time\" content=\"2025-05-09T12:01:28+00:00\" \/>\n<meta name=\"twitter:card\" content=\"summary_large_image\" \/>\n<meta name=\"twitter:label1\" content=\"Est. reading time\" \/>\n\t<meta name=\"twitter:data1\" content=\"4 minutes\" \/>\n<script type=\"application\/ld+json\" class=\"yoast-schema-graph\">{\"@context\":\"https:\\\/\\\/schema.org\",\"@graph\":[{\"@type\":\"WebPage\",\"@id\":\"https:\\\/\\\/www.fuso-trucks.be\\\/de\\\/rechtliche-hinweise\\\/\",\"url\":\"https:\\\/\\\/www.fuso-trucks.be\\\/de\\\/rechtliche-hinweise\\\/\",\"name\":\"FUSO \u2013 Rechtliche Hinweise\",\"isPartOf\":{\"@id\":\"https:\\\/\\\/www.fuso-trucks.be\\\/de\\\/#website\"},\"datePublished\":\"2022-02-10T09:20:27+00:00\",\"dateModified\":\"2025-05-09T12:01:28+00:00\",\"description\":\"RECHTLICHE HINWEISE | URHEBERRECHT | PRODUKTE UND PREISE | HANDELSMARKEN | LIZENZRECHTE | HINWEISE \u00dcBER VORAUSSCHAUENDE AUSSAGEN & HAFTUNG\",\"breadcrumb\":{\"@id\":\"https:\\\/\\\/www.fuso-trucks.be\\\/de\\\/rechtliche-hinweise\\\/#breadcrumb\"},\"inLanguage\":\"de-BE\",\"potentialAction\":[{\"@type\":\"ReadAction\",\"target\":[\"https:\\\/\\\/www.fuso-trucks.be\\\/de\\\/rechtliche-hinweise\\\/\"]}]},{\"@type\":\"BreadcrumbList\",\"@id\":\"https:\\\/\\\/www.fuso-trucks.be\\\/de\\\/rechtliche-hinweise\\\/#breadcrumb\",\"itemListElement\":[{\"@type\":\"ListItem\",\"position\":1,\"name\":\"Home\",\"item\":\"https:\\\/\\\/www.fuso-trucks.be\\\/de\\\/\"},{\"@type\":\"ListItem\",\"position\":2,\"name\":\"Rechtliche Hinweise\"}]},{\"@type\":\"WebSite\",\"@id\":\"https:\\\/\\\/www.fuso-trucks.be\\\/de\\\/#website\",\"url\":\"https:\\\/\\\/www.fuso-trucks.be\\\/de\\\/\",\"name\":\"FUSO Trucks BE\",\"description\":\"Mitsubishi Fuso Truck and Bus Corporation\",\"potentialAction\":[{\"@type\":\"SearchAction\",\"target\":{\"@type\":\"EntryPoint\",\"urlTemplate\":\"https:\\\/\\\/www.fuso-trucks.be\\\/de\\\/?s={search_term_string}\"},\"query-input\":{\"@type\":\"PropertyValueSpecification\",\"valueRequired\":true,\"valueName\":\"search_term_string\"}}],\"inLanguage\":\"de-BE\"}]}<\/script>\n<!-- \/ Yoast SEO plugin. -->","yoast_head_json":{"title":"FUSO \u2013 Rechtliche Hinweise","description":"RECHTLICHE HINWEISE | URHEBERRECHT | PRODUKTE UND PREISE | HANDELSMARKEN | LIZENZRECHTE | HINWEISE \u00dcBER VORAUSSCHAUENDE AUSSAGEN & HAFTUNG","robots":{"index":"noindex","follow":"follow"},"og_locale":"de_DE","og_type":"article","og_title":"FUSO \u2013 Rechtliche Hinweise","og_description":"RECHTLICHE HINWEISE | URHEBERRECHT | PRODUKTE UND PREISE | HANDELSMARKEN | LIZENZRECHTE | HINWEISE \u00dcBER VORAUSSCHAUENDE AUSSAGEN & HAFTUNG","og_url":"https:\/\/www.fuso-trucks.be\/de\/rechtliche-hinweise\/","og_site_name":"FUSO Trucks BE","article_modified_time":"2025-05-09T12:01:28+00:00","twitter_card":"summary_large_image","twitter_misc":{"Est. reading time":"4 minutes"},"schema":{"@context":"https:\/\/schema.org","@graph":[{"@type":"WebPage","@id":"https:\/\/www.fuso-trucks.be\/de\/rechtliche-hinweise\/","url":"https:\/\/www.fuso-trucks.be\/de\/rechtliche-hinweise\/","name":"FUSO \u2013 Rechtliche Hinweise","isPartOf":{"@id":"https:\/\/www.fuso-trucks.be\/de\/#website"},"datePublished":"2022-02-10T09:20:27+00:00","dateModified":"2025-05-09T12:01:28+00:00","description":"RECHTLICHE HINWEISE | URHEBERRECHT | PRODUKTE UND PREISE | HANDELSMARKEN | LIZENZRECHTE | HINWEISE \u00dcBER VORAUSSCHAUENDE AUSSAGEN & HAFTUNG","breadcrumb":{"@id":"https:\/\/www.fuso-trucks.be\/de\/rechtliche-hinweise\/#breadcrumb"},"inLanguage":"de-BE","potentialAction":[{"@type":"ReadAction","target":["https:\/\/www.fuso-trucks.be\/de\/rechtliche-hinweise\/"]}]},{"@type":"BreadcrumbList","@id":"https:\/\/www.fuso-trucks.be\/de\/rechtliche-hinweise\/#breadcrumb","itemListElement":[{"@type":"ListItem","position":1,"name":"Home","item":"https:\/\/www.fuso-trucks.be\/de\/"},{"@type":"ListItem","position":2,"name":"Rechtliche Hinweise"}]},{"@type":"WebSite","@id":"https:\/\/www.fuso-trucks.be\/de\/#website","url":"https:\/\/www.fuso-trucks.be\/de\/","name":"FUSO Trucks BE","description":"Mitsubishi Fuso Truck and Bus Corporation","potentialAction":[{"@type":"SearchAction","target":{"@type":"EntryPoint","urlTemplate":"https:\/\/www.fuso-trucks.be\/de\/?s={search_term_string}"},"query-input":{"@type":"PropertyValueSpecification","valueRequired":true,"valueName":"search_term_string"}}],"inLanguage":"de-BE"}]}},"_links":{"self":[{"href":"https:\/\/www.fuso-trucks.be\/de\/wp-json\/wp\/v2\/pages\/12563","targetHints":{"allow":["GET"]}}],"collection":[{"href":"https:\/\/www.fuso-trucks.be\/de\/wp-json\/wp\/v2\/pages"}],"about":[{"href":"https:\/\/www.fuso-trucks.be\/de\/wp-json\/wp\/v2\/types\/page"}],"author":[{"embeddable":true,"href":"https:\/\/www.fuso-trucks.be\/de\/wp-json\/wp\/v2\/users\/44"}],"replies":[{"embeddable":true,"href":"https:\/\/www.fuso-trucks.be\/de\/wp-json\/wp\/v2\/comments?post=12563"}],"version-history":[{"count":19,"href":"https:\/\/www.fuso-trucks.be\/de\/wp-json\/wp\/v2\/pages\/12563\/revisions"}],"predecessor-version":[{"id":28218,"href":"https:\/\/www.fuso-trucks.be\/de\/wp-json\/wp\/v2\/pages\/12563\/revisions\/28218"}],"wp:attachment":[{"href":"https:\/\/www.fuso-trucks.be\/de\/wp-json\/wp\/v2\/media?parent=12563"}],"curies":[{"name":"wp","href":"https:\/\/api.w.org\/{rel}","templated":true}]}}