{"id":17118,"date":"2022-08-03T14:45:27","date_gmt":"2022-08-03T12:45:27","guid":{"rendered":"https:\/\/wp.fuso.meelogic.hosting\/?page_id=17118"},"modified":"2022-10-28T10:54:05","modified_gmt":"2022-10-28T08:54:05","slug":"aufbauten","status":"publish","type":"page","link":"https:\/\/www.fuso-trucks.be\/de\/aufbauten\/","title":{"rendered":"Aufbauten"},"content":{"rendered":"<div class=\"wpb-content-wrapper\"><p>[vc_row][vc_column][vc_column_text el_class=&#8221;centered bigger&#8221;]<\/p>\n<h2>SOLIDE GRUNDLAGE.<br \/>\nDIE CANTER AUFBAUM\u00d6GLICHKEITEN.<\/h2>\n<p>[\/vc_column_text][vc_column_text]FUSO arbeitet europaweit aktuell mit mehr als 300 namhaften Herstellern f\u00fcr Aufbauten zusammen. Durch seine Variabilit\u00e4t mit f\u00fcnf Tonnagen und sechs verschiedenen Radst\u00e4nden eignet sich der Canter f\u00fcr fast alle Aufbauten und kann die Anforderungen von nahezu jedem Anwendungsgebiet und jeder Transportaufgabe erf\u00fcllen. Von der einfachen Pritsche bis hin zum komplexen Spezialfahrzeug.<\/p>\n<p>Der robuste Stahl-Leiterrahmen des Fahrgestells ist, wie bei schweren Lkw, als C-Profil ausgef\u00fchrt und bietet so eine besonders hohe Tragf\u00e4higkeit. Zus\u00e4tzlich zeichnet den Rahmen ein detailliertes Lochbild aus, welches Aufbauherstellern grunds\u00e4tzlich sehr entgegenkommt. Ab Werk verf\u00fcgbare Nebenantriebe f\u00fcr Hydraulikpumpen oder Kompressoren und die optionale 24-Volt-Schnittstelle komplettieren die Aufbaufreundlichkeit des Canter.<\/p>\n<p>Kunden wiederum profitieren von einer unkomplizierten Abwicklung durch die Option des Einrechnungsgesch\u00e4fts, das FUSO f\u00fcr seine Werksaufbauten anbietet. Dieses Abrechnungsmodell f\u00fcr aufgebaute Gesamtfahrzeuge ist ebenfalls \u00fcber ausgew\u00e4hlte Aufbaupartner m\u00f6glich, sowie in Kombination mit bestimmten, vorkonfigurierten Fahrzeugen, die der Kunde komplett bei FUSO erwerben kann.<\/p>\n<p>Die au\u00dfergew\u00f6hnliche Aufbaufreundlichkeit des Canter gilt nat\u00fcrlich auch f\u00fcr den vollelektrisch angetriebenen eCanter, der alternativen L\u00f6sung f\u00fcr lokal emissionsfreien Transport.[\/vc_column_text][\/vc_column][\/vc_row][vc_row][vc_column]\n                <div class=\"fusoeurope-text-image wpb_content_element  item--image--left \" >\n                    <div class=\"item item--image\">\n                        <img decoding=\"async\" class=\"layout-cover\" src=\"https:\/\/www.fuso-trucks.be\/wp-content\/uploads\/sites\/22\/2022\/08\/af_canter_pritsche.png\" alt=\"\" \/>\n                    <\/div>\n                    <div class=\"item item--text wpb_text_column\">\n                        <h3>DER CANTER.<br \/>\nMIT PRITSCHE.<\/h3>\n<p>Canter und eCanter mit Pritsche sind eine funktionale Basis, wenn es um Transportaufgaben im St\u00fcckgutbereich geht. Ein Pritschen-Aufbau l\u00e4sst sich mit Erg\u00e4nzungen wie Gel\u00e4ndern, klappbaren Bordw\u00e4nde, Gestellen f\u00fcr Planen oder Auffahrrampen in einen vielseitig einsetzbaren Allrounder verwandeln. Die zus\u00e4tzliche Kombination mit einem Ladekran, wof\u00fcr der Canter nat\u00fcrlich ebenfalls geeignet ist, erm\u00f6glicht das unabh\u00e4ngige Be- und Entladen. Den Canter mit Pritsche in verschiedenen Ausf\u00fchrungen gibt es auch als <strong>FUSO Werksaufbau<\/strong>.<\/p>\n\n                    <\/div>\n                <\/div>[vc_empty_space height=&#8221;100px&#8221;]\n                <div class=\"fusoeurope-text-image wpb_content_element  item--image--right \" >\n                    <div class=\"item item--image\">\n                        <img decoding=\"async\" class=\"layout-cover\" src=\"https:\/\/www.fuso-trucks.be\/wp-content\/uploads\/sites\/22\/2022\/08\/af_canter-kipper.png\" alt=\"\" \/>\n                    <\/div>\n                    <div class=\"item item--text wpb_text_column\">\n                        <h3>DER CANTER.<br \/>\nALS KIPPER.<\/h3>\n<p>Mit einem Kipper-Aufbau eignen sich Canter und eCanter vor allem f\u00fcr den Transport von Sch\u00fcttgut und anderen losen Ladungen. Die Dreiseiten-Kippfunktion erlaubt das einfache Entladen beziehungsweise Absch\u00fctten nach links, rechts oder heckseitig. Eine Erg\u00e4nzung durch einen Ladekran mit Greifer biete sich an, wenn eigenst\u00e4ndige Beladung erfolgen soll. Den Canter mit Kipper in verschiedenen Ausf\u00fchrungen gibt es auch als <strong>FUSO Werksaufbau<\/strong>.<\/p>\n\n                    <\/div>\n                <\/div>[vc_empty_space height=&#8221;100px&#8221;]\n                <div class=\"fusoeurope-text-image wpb_content_element  item--image--left \" >\n                    <div class=\"item item--image\">\n                        <img decoding=\"async\" class=\"layout-cover\" src=\"https:\/\/www.fuso-trucks.be\/wp-content\/uploads\/sites\/22\/2022\/08\/af_canter-absetzkipper.png\" alt=\"\" \/>\n                    <\/div>\n                    <div class=\"item item--text wpb_text_column\">\n                        <h3>DER CANTER.<br \/>\nALS ABSETZKIPPER.<\/h3>\n<p>Als Absetzkipper f\u00fcr Mulden sind Canter und eCanter mit ihren kompakten Abmessungen ideal f\u00fcr den City-Einsatz in der Bau- und Entsorgungsbranche geeignet. Ihr Stahlrahmen bietet eine robuste Basis f\u00fcr den Aufbau der hydraulischen Ladebr\u00fccke. Mit einem Absetzkipper-Aufbau ist der Canter eine effiziente und flexible Transportl\u00f6sung da er unabh\u00e4ngig unterwegs sein kann, w\u00e4hrend die Mulden einfach so lange da verbleiben, wo sie gebraucht werden.<\/p>\n\n                    <\/div>\n                <\/div>[vc_empty_space height=&#8221;100px&#8221;]\n                <div class=\"fusoeurope-text-image wpb_content_element  item--image--right \" >\n                    <div class=\"item item--image\">\n                        <img decoding=\"async\" class=\"layout-cover\" src=\"https:\/\/www.fuso-trucks.be\/wp-content\/uploads\/sites\/22\/2022\/08\/af_canter-abrollkipper.png\" alt=\"\" \/>\n                    <\/div>\n                    <div class=\"item item--text wpb_text_column\">\n                        <h3>DER CANTER.<br \/>\nALS ABROLLKIPPER.<\/h3>\n<p>\u00c4hnlich dem Absetzkipper, aber noch ein St\u00fcck flexibler transportieren Canter und eCanter als Abrollkipper neben Mulden zus\u00e4tzlich Container und s\u00e4mtliche andere geeignete Wechselaufbauten. So l\u00e4sst sich der Canter mit unterschiedlichen Beh\u00e4ltern best\u00fccken, die mittels hydraulischem Hakenlift einfach und schnell auf das Chassis gezogen und gesichert werden. Er ist damit nicht nur f\u00fcr die Bau- und Entsorgungsbranche geeignet, sondern bietet sich auch hervorragend f\u00fcr verschiedenste innerst\u00e4dtische Transportaufgaben in Kommunen oder bei Feuerwehr und Katastrophenschutz an.<\/p>\n\n                    <\/div>\n                <\/div>[vc_empty_space height=&#8221;100px&#8221;]\n                <div class=\"fusoeurope-text-image wpb_content_element  item--image--left \" >\n                    <div class=\"item item--image\">\n                        <img decoding=\"async\" class=\"layout-cover\" src=\"https:\/\/www.fuso-trucks.be\/wp-content\/uploads\/sites\/22\/2022\/08\/af_canter-kofferaufbau.png\" alt=\"\" \/>\n                    <\/div>\n                    <div class=\"item item--text wpb_text_column\">\n                        <h3>DER CANTER.<br \/>\nMIT KOFFERAUFBAU.<\/h3>\n<p>Mit einem Kofferaufbau sind Canter und eCanter die Transportl\u00f6sung f\u00fcr den Verteilerverkehr in der City und im urbanen Raum. Immer kompakt und wendig und dank verschiedener Tonnagen und Radst\u00e4nden gleichzeitig f\u00fcr alle Anforderungen gemacht. Als Canter 3,5 T bietet er die l\u00e4ngste Aufbaul\u00e4nge in seinem Segment und die volumenst\u00e4rksten Ausf\u00fchrungen des Canter erm\u00f6glichen bei einem Radstand von 4.750 mm die maximale Aufbaul\u00e4nge von 7.210 mm \u2013 das bedeutet bis zu 15 vollwertige Paletten-Stellpl\u00e4tze.<\/p>\n<p>F\u00fcr Aggregate wie Hebeb\u00fchnen oder K\u00fchlger\u00e4te gibt es auf Wunsch vorbereitete Schnittstellen und auch s\u00e4mtliche andere Aufbauten dieser Basis, wie zum Beispiel Getr\u00e4nkekoffer, lassen sich auf dem Canter realisieren.<\/p>\n<p>Der eCanter ist eine gerade im st\u00e4dtischen Verteilerverkehr explizit erprobte und bew\u00e4hrte lokal emissionsfreie Alternative.<\/p>\n\n                    <\/div>\n                <\/div>[vc_empty_space height=&#8221;100px&#8221;]\n                <div class=\"fusoeurope-text-image wpb_content_element  item--image--right \" >\n                    <div class=\"item item--image\">\n                        <img decoding=\"async\" class=\"layout-cover\" src=\"https:\/\/www.fuso-trucks.be\/wp-content\/uploads\/sites\/22\/2022\/08\/af_canter-kommunal.png\" alt=\"\" \/>\n                    <\/div>\n                    <div class=\"item item--text wpb_text_column\">\n                        <h3>DER CANTER.<br \/>\nALS KOMMUNALFAHRZEUG.<\/h3>\n<p>Mit einer Pritsche versehen oder als Kipper deckt der Canter bereits viele Transportaufgaben in Kommunen ab. Besonders variabel in der Nutzung macht ihn allerdings der Aufbau als Abrollkipper.<\/p>\n<p>In allen Varianten bietet der Canter au\u00dferdem zus\u00e4tzlich die M\u00f6glichkeit, Frontanbauten aufzunehmen. \u00dcber eine Kommunalplatte l\u00e4sst er sich zum Beispiel als Schneer\u00e4umer f\u00fcr den Winterdienst ausr\u00fcsten.<\/p>\n<p>Mit hohen Anh\u00e4ngelasten, in Doppelkabinenausf\u00fchrung oder als Canter 4&#215;4 mit zuschaltbarem Allradantrieb bringt er dar\u00fcber hinaus grunds\u00e4tzlich alles mit, was beim spezialisierten und anspruchsvollen Einsatz f\u00fcr die Kommune gefragt ist.<\/p>\n\n                    <\/div>\n                <\/div>[vc_empty_space height=&#8221;100px&#8221;]\n                <div class=\"fusoeurope-text-image wpb_content_element  item--image--left \" >\n                    <div class=\"item item--image\">\n                        <img decoding=\"async\" class=\"layout-cover\" src=\"https:\/\/www.fuso-trucks.be\/wp-content\/uploads\/sites\/22\/2022\/08\/af_canter-entsorgung.png\" alt=\"\" \/>\n                    <\/div>\n                    <div class=\"item item--text wpb_text_column\">\n                        <h3>DER CANTER.<br \/>\nALS ENTSORGUNGSPROFI.<\/h3>\n<p>F\u00fcr Reinigung und Entsorgung auf begrenzten Verkehrsfl\u00e4chen, zum Beispiel in der Altstadt, in Fu\u00dfg\u00e4ngerzonen oder Parkanlagen, ist ein \u00e4u\u00dferst kompaktes, aber dennoch leistungsstarkes Fahrzeug mit M\u00f6glichkeiten f\u00fcr den Antrieb von Spezialaufbauten gefragt. Der Canter l\u00e4sst sich problemlos als Kehrmaschine, M\u00fcllsammler oder Saug- und Sp\u00fclwagen aufbauen und ist bei verschiedenen namhaften Aufbauherstellen das Referenzfahrzeug in der Kompaktklasse.<\/p>\n\n                    <\/div>\n                <\/div>[vc_empty_space height=&#8221;100px&#8221;]\n                <div class=\"fusoeurope-text-image wpb_content_element  item--image--right \" >\n                    <div class=\"item item--image\">\n                        <img decoding=\"async\" class=\"layout-cover\" src=\"https:\/\/www.fuso-trucks.be\/wp-content\/uploads\/sites\/22\/2022\/08\/af_canter-feuerwehr.png\" alt=\"\" \/>\n                    <\/div>\n                    <div class=\"item item--text wpb_text_column\">\n                        <h3>DER CANTER.<br \/>\nBEI DER FEUERWEHR.<\/h3>\n<p>Im Notfall z\u00e4hlt jeder Zentimeter, deshalb ist der Canter als besonders kompaktes Fahrgestell pr\u00e4destiniert f\u00fcr den Aufbau von Sonderfahrzeugen f\u00fcr die Feuerwehr. Besonders als 4&#215;4-Variante mit zuschaltbarem Allrad bietet er alles was ein schwerer Lkw kann \u2013 aber eben leicht, agil und wendig. Der Canter erf\u00fcllt alle Normanforderungen f\u00fcr Feuerwehrfahrzeuge und spezialisierte Hersteller f\u00fcr den Sonderfahrzeugaufbau realisieren auf ihm problemlos komplett ausgestatte Einsatz- und L\u00f6schfahrzeuge, ma\u00dfgeschneidert f\u00fcr Hilfe und Rettung in schmalen Stra\u00dfen und Gassen.<\/p>\n\n                    <\/div>\n                <\/div>[vc_empty_space height=&#8221;100px&#8221;]\n                <div class=\"fusoeurope-text-image wpb_content_element  item--image--left \" >\n                    <div class=\"item item--image\">\n                        <img decoding=\"async\" class=\"layout-cover\" src=\"https:\/\/www.fuso-trucks.be\/wp-content\/uploads\/sites\/22\/2022\/08\/af_canter-hubsteiger-1.png\" alt=\"\" \/>\n                    <\/div>\n                    <div class=\"item item--text wpb_text_column\">\n                        <h3>DER CANTER.<br \/>\nALS HUBSTEIGER.<\/h3>\n<p>Hoch hinaus m\u00fcssen, aber keinen Platz haben \u2013 das allt\u00e4gliche Problem bei einem Hubsteiger-Einsatz in der Stadt. Der Canter ist auch hier die L\u00f6sung, denn mit einem kurzen Radstand und der schmalen Kabinenvariante bietet er die kompakteste Basis f\u00fcr den Aufbau des Steigers. Die Abmessungen des Canter erlauben zudem, die St\u00fctzen innerhalb der Fahrzeugkontur zu platzieren. Als Canter 3,5 T ben\u00f6tigt der Fahrer au\u00dferdem keinen Lkw-F\u00fchrerschein.<\/p>\n\n                    <\/div>\n                <\/div>[vc_empty_space height=&#8221;100px&#8221;]\n                <div class=\"fusoeurope-text-image wpb_content_element  item--image--right \" >\n                    <div class=\"item item--image\">\n                        <img decoding=\"async\" class=\"layout-cover\" src=\"https:\/\/www.fuso-trucks.be\/wp-content\/uploads\/sites\/22\/2022\/08\/af_canter-tankwagen.png\" alt=\"\" \/>\n                    <\/div>\n                    <div class=\"item item--text wpb_text_column\">\n                        <h3>DER CANTER.<br \/>\nAUF DEM FLUGHAFEN.<\/h3>\n<p>Auch bei den vielf\u00e4ltigen Transportaufgaben auf einem Flughafen sind oft kompakte Abmessungen gefragt, um besonders nahe am oder gar unter den Flugzeugen zu parken. Der Canter eignet sich daher ideal als Tr\u00e4ger f\u00fcr Fluggasttreppen, Saug- und Sp\u00fclfahrzeug f\u00fcr Bordabw\u00e4sser, Tankwagen f\u00fcr Frischwasser, Dispenser und vieles mehr.<\/p>\n\n                    <\/div>\n                <\/div>[vc_empty_space height=&#8221;100px&#8221;]\n                <div class=\"fusoeurope-text-image wpb_content_element  item--image--left \" >\n                    <div class=\"item item--image\">\n                        <img decoding=\"async\" class=\"layout-cover\" src=\"https:\/\/www.fuso-trucks.be\/wp-content\/uploads\/sites\/22\/2022\/08\/af_canter-abschlepp.png\" alt=\"\" \/>\n                    <\/div>\n                    <div class=\"item item--text wpb_text_column\">\n                        <h3>DER CANTER.<br \/>\nALS ABSCHLEPPFAHRZEUG.<\/h3>\n<p>Mit Pritsche, Auffahrrampen und Winde, aber auch mit einem Spezialaufbau inklusive Hubbrille, l\u00e4sst sich der Canter als kompaktes und wendiges Abschleppfahrzeug nutzen.<\/p>\n\n                    <\/div>\n                <\/div>[\/vc_column][\/vc_row][vc_row full_width=&#8221;stretch_row_content_no_spaces&#8221;][vc_column][vc_single_image image=&#8221;17119&#8243; img_size=&#8221;full&#8221; alignment=&#8221;center&#8221;][\/vc_column][\/vc_row][vc_row][vc_column][vc_column_text el_class=&#8221;centered bigger&#8221;]<\/p>\n<h2>UNTER GARANTIE.<br \/>\nDIE CANTER WERKSAUFBAUTEN.<\/h2>\n<p>[\/vc_column_text][vc_column_text]Exakt f\u00fcr den Canter und den eCanter konzipiert und direkt im FUSO Werk im portugiesischen Tramagal aufgebaut, sind die Canter Werksaufbauten das beste Angebot f\u00fcr die Kunden, die ihren Canter aus einer Hand fix und fertig bestellen wollen.<\/p>\n<p>Seit 2016 bietet FUSO in Zusammenarbeit mit einem renommierten und zuverl\u00e4ssigen europ\u00e4ischen Partner seine Aufbaul\u00f6sungen ab Werk f\u00fcr Canter mit Pritsche und Canter mit Kipper in unterschiedlichen Varianten an. Die Aufbau-Experten von FUSO legen dabei gr\u00f6\u00dften Wert auf die kontinuierliche Pr\u00fcfung der Qualit\u00e4tsstandards und begleiten den Entwicklungsprozess der Aufbauten eins zu eins. Gleiches gilt f\u00fcr die verschiedenen Equipment-Optionen, die ebenfalls ab Werk zu haben sind. Dazu z\u00e4hlen zum Beispiel Werkzeugk\u00e4sten, Ger\u00e4tetr\u00e4ger oder verschiedene funktionale Abdeckungen die Fahrzeugteile vor Abnutzung, Schmutz, Deformation oder Besch\u00e4digung sch\u00fctzen.<\/p>\n<p>Die Qualit\u00e4t der Canter Werksaufbauten k\u00f6nnen die Aufbau-Experten von FUSO garantieren. Deshalb sind sie auch in die Fahrzeuggarantie eingeschlossen.[\/vc_column_text][\/vc_column][\/vc_row][vc_row][vc_column]\n                <div class=\"fusoeurope-text-image wpb_content_element  item--image--left \" >\n                    <div class=\"item item--image\">\n                        <img decoding=\"async\" class=\"layout-cover\" src=\"https:\/\/www.fuso-trucks.be\/wp-content\/uploads\/sites\/22\/2022\/08\/af_vorteile.jpg\" alt=\"\" \/>\n                    <\/div>\n                    <div class=\"item item--text wpb_text_column\">\n                        <h3>DIE VORTEILE DER CANTER WERKSAUFBAU AUF EINEN BLICK:<\/h3>\n<ul>\n<li>Eine gro\u00dfe Auswahl an Kippern und Pritschenaufbauten ist erh\u00e4ltlich.<\/li>\n<li>Kunden erhalten ein von FUSO entwickeltes und getestetes Gesamtfahrzeugkonzept f\u00fcr maximale Qualit\u00e4t.<\/li>\n<li>Die 36-monatige Garantie aus einer Hand auf Fahrgestell, Antriebsstrang und Komponenten ab Werk bis 100.000 km erstreckt sich auch auf die Karosserie.<\/li>\n<li>Ersatzteile sind beim FUSO-Vertragspartner erh\u00e4ltlich.<\/li>\n<li>Reduzierte R\u00fcstzeit f\u00fcr das gesamte Fahrzeug.<\/li>\n<li>Sonderausstattungen sind optional erh\u00e4ltlich.<\/li>\n<\/ul>\n\n                    <\/div>\n                <\/div>[\/vc_column][\/vc_row][vc_row][vc_column]\n                <div class=\"fusoeurope-text-image wpb_content_element bg--grey item--image--top \" >\n                    <div class=\"item item--image\">\n                        <img decoding=\"async\" class=\"layout-cover\" src=\"https:\/\/www.fuso-trucks.be\/wp-content\/uploads\/sites\/22\/2022\/08\/hero_produkte-1400x934.jpg\" alt=\"\" \/>\n                    <\/div>\n                    <div class=\"item item--text wpb_text_column\">\n                        <h2>ST\u00c4NDIGER DIALOG.<br \/>\nDAS FUSO AUFBAUHERSTELLERPORTAL.<\/h2>\n<p style=\"text-align: left;\">Bester Kundenservice steht f\u00fcr FUSO an erster Stelle \u2013 deshalb bietet FUSO mit seinem Aufbauherstellerportal eine direkte Anlaufstelle f\u00fcr die Hersteller von Aufbauten. Denn sie betrachtet FUSO als wertvollen Kunden und Partner.<\/p>\n<p style=\"text-align: left;\">Innerhalb seines Aufbauherstellportals stellt FUSO s\u00e4mtliche Informationen und Daten zur Verf\u00fcgung, die ein Aufbauhersteller ben\u00f6tigt, wenn er f\u00fcr seinen Kunden auf und mit einem Canter oder eCanter Fahrgestell plant. Im Portal finden sich daf\u00fcr unter anderem technische Zeichnungen, Schaltpl\u00e4ne, Vorgaben und Richtlinien, zul\u00e4ssige Anpassungen und Beispiele. Alle Informationen sind zur Ansicht und zum Download verf\u00fcgbar.<\/p>\n<p style=\"text-align: left;\">Au\u00dferdem k\u00f6nnen Hersteller \u00fcber das Portal direkt Kontakt zu den FUSO Produkt- und Aufbau-Experten aufnehmen \u2013 und erhalten in jedem Fall zeitnah eine Antwort.<\/p>\n\n                        <div class=\"link-container link-as-button\">\n                            <a href=\"https:\/\/bb-portal.fuso-trucks.com\/de\/GLOBAL\" target=\"_blank\" class=\"read_more_button\">ZUM PORTAL<\/a>\n                        <\/div>\n                    <\/div>\n                <\/div>[\/vc_column][\/vc_row]<\/p>\n<\/div>","protected":false},"excerpt":{"rendered":"<\/p>\n","protected":false},"author":44,"featured_media":0,"parent":0,"menu_order":0,"comment_status":"closed","ping_status":"closed","template":"templates\/template-default-hero.php","meta":{"_acf_changed":false,"footnotes":""},"class_list":["post-17118","page","type-page","status-publish","hentry"],"acf":[],"yoast_head":"<!-- This site is optimized with the Yoast SEO plugin v27.4 - https:\/\/yoast.com\/product\/yoast-seo-wordpress\/ -->\n<title>FUSO \u2013 Aufbaufreundlichkeit und Werkaufbauten<\/title>\n<meta name=\"description\" content=\"FUSO Werkaufbauten \u2713 LKW Aufbauten direkt ab Werk \u2713 Aufbauten f\u00fcr Branchenl\u00f6sungen \u2713 Kofferaufbau \u2713 Pritschenaufbau \u2713 \u25b6\ufe0e Jetzt mehr erfahren!\" \/>\n<meta name=\"robots\" content=\"index, follow, max-snippet:-1, max-image-preview:large, max-video-preview:-1\" \/>\n<link rel=\"canonical\" href=\"https:\/\/www.fuso-trucks.be\/de\/aufbauten\/\" \/>\n<meta property=\"og:locale\" content=\"de_DE\" \/>\n<meta property=\"og:type\" content=\"article\" \/>\n<meta property=\"og:title\" content=\"FUSO \u2013 Aufbaufreundlichkeit und Werkaufbauten\" \/>\n<meta property=\"og:description\" content=\"FUSO Werkaufbauten \u2713 LKW Aufbauten direkt ab Werk \u2713 Aufbauten f\u00fcr Branchenl\u00f6sungen \u2713 Kofferaufbau \u2713 Pritschenaufbau \u2713 \u25b6\ufe0e Jetzt mehr erfahren!\" \/>\n<meta property=\"og:url\" content=\"https:\/\/www.fuso-trucks.be\/de\/aufbauten\/\" \/>\n<meta property=\"og:site_name\" content=\"FUSO Trucks BE\" \/>\n<meta property=\"article:modified_time\" content=\"2022-10-28T08:54:05+00:00\" \/>\n<meta name=\"twitter:card\" content=\"summary_large_image\" \/>\n<meta name=\"twitter:label1\" content=\"Est. reading time\" \/>\n\t<meta name=\"twitter:data1\" content=\"9 minutes\" \/>\n<script type=\"application\/ld+json\" class=\"yoast-schema-graph\">{\"@context\":\"https:\\\/\\\/schema.org\",\"@graph\":[{\"@type\":\"WebPage\",\"@id\":\"https:\\\/\\\/www.fuso-trucks.be\\\/de\\\/aufbauten\\\/\",\"url\":\"https:\\\/\\\/www.fuso-trucks.be\\\/de\\\/aufbauten\\\/\",\"name\":\"FUSO \u2013 Aufbaufreundlichkeit und Werkaufbauten\",\"isPartOf\":{\"@id\":\"https:\\\/\\\/www.fuso-trucks.be\\\/de\\\/#website\"},\"datePublished\":\"2022-08-03T12:45:27+00:00\",\"dateModified\":\"2022-10-28T08:54:05+00:00\",\"description\":\"FUSO Werkaufbauten \u2713 LKW Aufbauten direkt ab Werk \u2713 Aufbauten f\u00fcr Branchenl\u00f6sungen \u2713 Kofferaufbau \u2713 Pritschenaufbau \u2713 \u25b6\ufe0e Jetzt mehr erfahren!\",\"breadcrumb\":{\"@id\":\"https:\\\/\\\/www.fuso-trucks.be\\\/de\\\/aufbauten\\\/#breadcrumb\"},\"inLanguage\":\"de-BE\",\"potentialAction\":[{\"@type\":\"ReadAction\",\"target\":[\"https:\\\/\\\/www.fuso-trucks.be\\\/de\\\/aufbauten\\\/\"]}]},{\"@type\":\"BreadcrumbList\",\"@id\":\"https:\\\/\\\/www.fuso-trucks.be\\\/de\\\/aufbauten\\\/#breadcrumb\",\"itemListElement\":[{\"@type\":\"ListItem\",\"position\":1,\"name\":\"Home\",\"item\":\"https:\\\/\\\/www.fuso-trucks.be\\\/de\\\/\"},{\"@type\":\"ListItem\",\"position\":2,\"name\":\"Aufbauten\"}]},{\"@type\":\"WebSite\",\"@id\":\"https:\\\/\\\/www.fuso-trucks.be\\\/de\\\/#website\",\"url\":\"https:\\\/\\\/www.fuso-trucks.be\\\/de\\\/\",\"name\":\"FUSO Trucks BE\",\"description\":\"Mitsubishi Fuso Truck and Bus Corporation\",\"potentialAction\":[{\"@type\":\"SearchAction\",\"target\":{\"@type\":\"EntryPoint\",\"urlTemplate\":\"https:\\\/\\\/www.fuso-trucks.be\\\/de\\\/?s={search_term_string}\"},\"query-input\":{\"@type\":\"PropertyValueSpecification\",\"valueRequired\":true,\"valueName\":\"search_term_string\"}}],\"inLanguage\":\"de-BE\"}]}<\/script>\n<!-- \/ Yoast SEO plugin. -->","yoast_head_json":{"title":"FUSO \u2013 Aufbaufreundlichkeit und Werkaufbauten","description":"FUSO Werkaufbauten \u2713 LKW Aufbauten direkt ab Werk \u2713 Aufbauten f\u00fcr Branchenl\u00f6sungen \u2713 Kofferaufbau \u2713 Pritschenaufbau \u2713 \u25b6\ufe0e Jetzt mehr erfahren!","robots":{"index":"index","follow":"follow","max-snippet":"max-snippet:-1","max-image-preview":"max-image-preview:large","max-video-preview":"max-video-preview:-1"},"canonical":"https:\/\/www.fuso-trucks.be\/de\/aufbauten\/","og_locale":"de_DE","og_type":"article","og_title":"FUSO \u2013 Aufbaufreundlichkeit und Werkaufbauten","og_description":"FUSO Werkaufbauten \u2713 LKW Aufbauten direkt ab Werk \u2713 Aufbauten f\u00fcr Branchenl\u00f6sungen \u2713 Kofferaufbau \u2713 Pritschenaufbau \u2713 \u25b6\ufe0e Jetzt mehr erfahren!","og_url":"https:\/\/www.fuso-trucks.be\/de\/aufbauten\/","og_site_name":"FUSO Trucks BE","article_modified_time":"2022-10-28T08:54:05+00:00","twitter_card":"summary_large_image","twitter_misc":{"Est. reading time":"9 minutes"},"schema":{"@context":"https:\/\/schema.org","@graph":[{"@type":"WebPage","@id":"https:\/\/www.fuso-trucks.be\/de\/aufbauten\/","url":"https:\/\/www.fuso-trucks.be\/de\/aufbauten\/","name":"FUSO \u2013 Aufbaufreundlichkeit und Werkaufbauten","isPartOf":{"@id":"https:\/\/www.fuso-trucks.be\/de\/#website"},"datePublished":"2022-08-03T12:45:27+00:00","dateModified":"2022-10-28T08:54:05+00:00","description":"FUSO Werkaufbauten \u2713 LKW Aufbauten direkt ab Werk \u2713 Aufbauten f\u00fcr Branchenl\u00f6sungen \u2713 Kofferaufbau \u2713 Pritschenaufbau \u2713 \u25b6\ufe0e Jetzt mehr erfahren!","breadcrumb":{"@id":"https:\/\/www.fuso-trucks.be\/de\/aufbauten\/#breadcrumb"},"inLanguage":"de-BE","potentialAction":[{"@type":"ReadAction","target":["https:\/\/www.fuso-trucks.be\/de\/aufbauten\/"]}]},{"@type":"BreadcrumbList","@id":"https:\/\/www.fuso-trucks.be\/de\/aufbauten\/#breadcrumb","itemListElement":[{"@type":"ListItem","position":1,"name":"Home","item":"https:\/\/www.fuso-trucks.be\/de\/"},{"@type":"ListItem","position":2,"name":"Aufbauten"}]},{"@type":"WebSite","@id":"https:\/\/www.fuso-trucks.be\/de\/#website","url":"https:\/\/www.fuso-trucks.be\/de\/","name":"FUSO Trucks BE","description":"Mitsubishi Fuso Truck and Bus Corporation","potentialAction":[{"@type":"SearchAction","target":{"@type":"EntryPoint","urlTemplate":"https:\/\/www.fuso-trucks.be\/de\/?s={search_term_string}"},"query-input":{"@type":"PropertyValueSpecification","valueRequired":true,"valueName":"search_term_string"}}],"inLanguage":"de-BE"}]}},"_links":{"self":[{"href":"https:\/\/www.fuso-trucks.be\/de\/wp-json\/wp\/v2\/pages\/17118","targetHints":{"allow":["GET"]}}],"collection":[{"href":"https:\/\/www.fuso-trucks.be\/de\/wp-json\/wp\/v2\/pages"}],"about":[{"href":"https:\/\/www.fuso-trucks.be\/de\/wp-json\/wp\/v2\/types\/page"}],"author":[{"embeddable":true,"href":"https:\/\/www.fuso-trucks.be\/de\/wp-json\/wp\/v2\/users\/44"}],"replies":[{"embeddable":true,"href":"https:\/\/www.fuso-trucks.be\/de\/wp-json\/wp\/v2\/comments?post=17118"}],"version-history":[{"count":68,"href":"https:\/\/www.fuso-trucks.be\/de\/wp-json\/wp\/v2\/pages\/17118\/revisions"}],"predecessor-version":[{"id":21750,"href":"https:\/\/www.fuso-trucks.be\/de\/wp-json\/wp\/v2\/pages\/17118\/revisions\/21750"}],"wp:attachment":[{"href":"https:\/\/www.fuso-trucks.be\/de\/wp-json\/wp\/v2\/media?parent=17118"}],"curies":[{"name":"wp","href":"https:\/\/api.w.org\/{rel}","templated":true}]}}