{"id":28288,"date":"2025-10-22T15:41:18","date_gmt":"2025-10-22T13:41:18","guid":{"rendered":"https:\/\/www.fuso-trucks.be\/ueber-fuso\/faq\/"},"modified":"2025-10-22T15:48:48","modified_gmt":"2025-10-22T13:48:48","slug":"faq","status":"publish","type":"page","link":"https:\/\/www.fuso-trucks.be\/de\/ueber-fuso\/faq\/","title":{"rendered":"FAQ"},"content":{"rendered":"<div class=\"wpb-content-wrapper\"><p>[vc_row][vc_column][vc_tta_accordion style=&#8221;flat&#8221; color=&#8221;juicy-pink&#8221; spacing=&#8221;4&#8243; c_icon=&#8221;chevron&#8221; active_section=&#8221;100&#8243; no_fill=&#8221;true&#8221; collapsible_all=&#8221;true&#8221; title=&#8221;Allgemeines zu FUSO&#8221;][vc_tta_section title=&#8221;1. Was ist FUSO?&#8221; tab_id=&#8221;1761134602886-38483c40-d2b3&#8243;][vc_column_text css=&#8221;&#8221;]FUSO ist eine Marke der Daimler Truck AG und spezialisiert auf leichte Nutzfahrzeuge. Die Fahrzeuge sind f\u00fcr den urbanen und regionalen Einsatz konzipiert und stehen f\u00fcr Effizienz, Zuverl\u00e4ssigkeit und hohe Aufbaufreundlichkeit. In Europa ist FUSO in \u00fcber 30 L\u00e4ndern vertreten und wird \u00fcber das Mercedes-Benz Servicenetz vertrieben.[\/vc_column_text][\/vc_tta_section][vc_tta_section title=&#8221;2. Wo werden FUSO Fahrzeuge produziert?&#8221; tab_id=&#8221;1761134602900-9a8e4ba8-2c09&#8243;][vc_column_text css=&#8221;&#8221;]Der europ\u00e4ische FUSO Canter und eCanter werden im Werk Tramagal in Portugal gefertigt. Seit 2022 produziert das Werk vollst\u00e4ndig CO\u2082-neutral.[\/vc_column_text][\/vc_tta_section][vc_tta_section title=&#8221;3. Was bedeutet der Name \u201eFUSO\u201c?&#8221; tab_id=&#8221;1761134690253-c76e5495-c757&#8243;][vc_column_text css=&#8221;&#8221;]Der Name \u201eFUSO\u201c stammt aus dem Japanischen und bezieht sich auf den \u201eFus\u014d-Baum\u201c, ein Symbol f\u00fcr St\u00e4rke und Best\u00e4ndigkeit. Er wurde erstmals 1932 f\u00fcr ein Mitsubishi-Schiff verwendet und steht heute f\u00fcr die Verbindung von japanischer Ingenieurskunst und globaler Nutzfahrzeugkompetenz.[\/vc_column_text][\/vc_tta_section][\/vc_tta_accordion][vc_tta_accordion style=&#8221;flat&#8221; color=&#8221;juicy-pink&#8221; spacing=&#8221;4&#8243; c_icon=&#8221;chevron&#8221; active_section=&#8221;100&#8243; no_fill=&#8221;true&#8221; collapsible_all=&#8221;true&#8221; title=&#8221;Fahrzeuge &amp; Modelle&#8221;][vc_tta_section title=&#8221;4. Welche Modelle bietet FUSO an?&#8221; tab_id=&#8221;1761134717822-611643e9-b8b3&#8243;][vc_column_text css=&#8221;&#8221;]FUSO bietet den Diesel-Canter in f\u00fcnf Gewichtsklassen (3,5t bis 8,55t) und den vollelektrischen Next Generation eCanter in vier Gewichtsklassen (4,25t bis 8,55t) an. Beide Modellreihen sind in bis zu sechs Radst\u00e4nden und verschiedenen Kabinenvarianten verf\u00fcgbar.[\/vc_column_text][\/vc_tta_section][vc_tta_section title=&#8221;5. Was unterscheidet den Canter vom eCanter?&#8221; tab_id=&#8221;1761134717870-17580591-839c&#8221;][vc_column_text css=&#8221;&#8221;]Der Canter ist ein konventioneller Diesel-Leicht-Lkw mit hoher Nutzlast und robuster Technik. Der eCanter ist vollelektrisch, lokal emissionsfrei und besonders leise \u2013 ideal f\u00fcr den innerst\u00e4dtischen Lieferverkehr. Der eCanter wird in mehr als 40 Varianten &#8211; durch Kombination von Gewichtsklassen, Radst\u00e4nden, Kabinentypen und Batteriepaketen angeboten.[\/vc_column_text][\/vc_tta_section][vc_tta_section title=&#8221;6. Welche Gewichtsklassen gibt es beim Canter?&#8221; tab_id=&#8221;1761134717963-39343a66-d716&#8243;][vc_column_text css=&#8221;&#8221;]Der Diesel-Canter ist in vier Gewichtsklassen erh\u00e4ltlich: 3,5t, 6,0t, 7,49t und 8,55t. Die Fahrgestelltragf\u00e4higkeit reicht je nach Modell bis zu 6 Tonnen.[\/vc_column_text][\/vc_tta_section][vc_tta_section title=&#8221;7. Welche Kabinenvarianten stehen zur Verf\u00fcgung?&#8221; tab_id=&#8221;1761134802935-aeb0c958-4ba6&#8243;][vc_column_text css=&#8221;&#8221;]Es gibt drei Kabinentypen: Standardkabine (1,695 m Breite), Komfortkabine (1,995 m) und Doppelkabine (ebenfalls 1,995 m), je nach Platzbedarf und Einsatzzweck.[\/vc_column_text][\/vc_tta_section][\/vc_tta_accordion][vc_tta_accordion style=&#8221;flat&#8221; color=&#8221;juicy-pink&#8221; spacing=&#8221;4&#8243; c_icon=&#8221;chevron&#8221; active_section=&#8221;100&#8243; no_fill=&#8221;true&#8221; collapsible_all=&#8221;true&#8221; title=&#8221;Technik &amp; Ausstattung&#8221;][vc_tta_section title=&#8221;8. Welche Motorisierungen bietet der Canter?&#8221; tab_id=&#8221;1761134836760-c90c21c3-fa4c&#8221;][vc_column_text css=&#8221;&#8221;]Der Diesel-Canter ist mit drei Motorvarianten erh\u00e4ltlich: 130 PS (96 kW), 150 PS (110 kW) und 175 PS (129 kW). Die Motoren erf\u00fcllen die Euro VI Abgasnorm und bieten Drehmomente bis zu 430 Nm.[\/vc_column_text][\/vc_tta_section][vc_tta_section title=&#8221;9. Welche Getriebe gibt es?&#8221; tab_id=&#8221;1761134836828-26a7d630-9ae3&#8243;][vc_column_text css=&#8221;&#8221;]Zur Auswahl stehen ein manuelles 5-Gang-Schaltgetriebe und das automatisierte DUONIC\u00ae 2.0 Doppelkupplungsgetriebe mit 6 G\u00e4ngen \u2013 f\u00fcr komfortables Fahren ohne Zugkraftunterbrechung.[\/vc_column_text][\/vc_tta_section][vc_tta_section title=&#8221;10. Wie hoch ist die Nutzlast des Canter?&#8221; tab_id=&#8221;1761134836846-fd9a1243-edab&#8221;][vc_column_text css=&#8221;&#8221;]Die Fahrgestelltragf\u00e4higkeit liegt je nach Modell zwischen ca. 1.500 kg (3,5t) und knapp 6.000 kg (8,55t). Damit z\u00e4hlt der Canter zu den Nutzlastst\u00e4rksten seiner Klasse.[\/vc_column_text][\/vc_tta_section][vc_tta_section title=&#8221;11. Wie gro\u00df ist der Wendekreis?&#8221; tab_id=&#8221;1761134836863-8353ec1d-2724&#8243;][vc_column_text css=&#8221;&#8221;]Der Wendekreis beginnt bei nur 10,2 m (Radstand 2.500 mm) \u2013 ideal f\u00fcr enge Innenst\u00e4dte und Rangierman\u00f6ver.[\/vc_column_text][\/vc_tta_section][vc_tta_section title=&#8221;12. Welche Reichweite hat der eCanter?&#8221; tab_id=&#8221;1761134852033-ff27a404-ab79&#8243;][vc_column_text css=&#8221;&#8221;]<\/p>\n<p>Je nach Batteriepaket bietet der eCanter eine Reichweite von bis zu 200 km. Das S-Paket schafft bis zu 70 km, das M-Paket bis zu 140 km und das L-Paket bis zu 200 km pro Ladung. *<\/p>\n<p lang=\"de\"><small><br \/>*Die Reichweite wurde unter spezi\ufb01schen Testbedingungen, u.a. teilbeladener Zustand mit Kofferaufbau bei 20\u00b0C Au\u00dfentemperatur, intern ermittelt und kann von den nach der Verordnung (EU) 2017\/2400 ermittelten Werten abweichen. Die tats\u00e4chliche Reichweite ist abh\u00e4ngig von der individuellen Fahrzeugnutzung, der Fahrzeugkonfiguration sowie weiteren \u00e4u\u00dferen Faktoren. Daher kann die tats\u00e4chliche Reichweite unter oder \u00fcber dem angegebenen Wert liegen. <\/small><\/p>\n<p>[\/vc_column_text][\/vc_tta_section][vc_tta_section title=&#8221;13. Wie lange dauert das Laden des eCanter?&#8221; tab_id=&#8221;1761134851099-774718e7-8795&#8243;][vc_column_text css=&#8221;&#8221;]<\/p>\n<p>Der eCanter kann sowohl mit AC (Wechselstrom) als auch DC (Gleichstrom) geladen werden. AC-Ladung erfolgt mit 11 kW (S-Batterie) bzw. 22 kW (M- und L-Batterie). Die S-Batterie wird DC beispielweise in 24 min von 20 auf 80 % geladen, w\u00e4hrend die L-Batterie in 39 min von 20 auf 80 % geladen wird. AC dauert der Ladevorgang bei der S-Battery 4 Stunden und 12 Minuten (0-100 %), w\u00e4hrend die L-Batterie rund 6 Stunden ben\u00f6tigt.**<\/p>\n<p lang=\"de\"><small><br \/>**Die Ladezeit h\u00e4ngt von verschiedenen Faktoren wie der Ladekapazit\u00e4t des Fahrzeugs, der Ladekapazit\u00e4t der Ladestation, dem Ladezustand (SoC) der Batterie, der Umgebungs- und der Batterietemperatur ab. Die Werte beruhen auf intern ermittelten Erfahrungswerten unter optimalen Bedingungen von 20 \u00b0C. <\/small><\/p>\n<p>[\/vc_column_text][\/vc_tta_section][\/vc_tta_accordion][vc_tta_accordion style=&#8221;flat&#8221; color=&#8221;juicy-pink&#8221; spacing=&#8221;4&#8243; c_icon=&#8221;chevron&#8221; active_section=&#8221;100&#8243; no_fill=&#8221;true&#8221; collapsible_all=&#8221;true&#8221; title=&#8221;Service &#038; Vertrieb&#8221;][vc_tta_section title=&#8221;14. Wo kann ich FUSO Fahrzeuge kaufen?&#8221; tab_id=&#8221;1761135194951-04f8f317-9819&#8243;][vc_column_text css=&#8221;&#8221;]Der Vertrieb erfolgt \u00fcber das Mercedes-Benz H\u00e4ndlernetz mit \u00fcber 800 Servicest\u00fctzpunkten in Europa. Beratung, Verkauf, Wartung und Reparatur erfolgen dort in h\u00f6chster Qualit\u00e4t.[\/vc_column_text][\/vc_tta_section][vc_tta_section title=&#8221;15. Wie \ufb01nde ich einen Servicepartner?&#8221; tab_id=&#8221;1761135195012-6ac109db-4c7f&#8221;][vc_column_text css=&#8221;&#8221;]\u00dcber die H\u00e4ndlersuche auf fuso-trucks.com finden Sie schnell den n\u00e4chstgelegenen FUSO Partner \u2013 europaweit verf\u00fcgbar.[\/vc_column_text][\/vc_tta_section][vc_tta_section title=&#8221;16. Welche Garantie bietet FUSO?&#8221; tab_id=&#8221;1761135195040-06ac024e-c57a&#8221;][vc_column_text css=&#8221;&#8221;]FUSO bietet eine umfassende Garantie auf Neufahrzeuge. F\u00fcr den Canter erhalten Sie eine Garantie von bis zu 3 Jahren oder bis zu 100.000 km Laufleistung  was immer sie zuerst erreichen. F\u00fcr den eCanter beinhaltet der Servicevertrag noch mehr: Sie erhalten Garantie auf 5 Jahre und 100,000 km Laufleistung. Zus\u00e4tzlich ist eine erweiterte Garantie f\u00fcr die Hochvoltbatterien auf bis zu 8 Jahren verf\u00fcgbar.<\/p>\n<p>Details zu Laufzeit und Umfang erhalten Sie direkt beim H\u00e4ndler oder Servicepartner.[\/vc_column_text][\/vc_tta_section][vc_tta_section title=&#8221;17. Gibt es Aufbauten ab Werk?&#8221; tab_id=&#8221;1761135195074-483498ab-0b3c&#8221;][vc_column_text css=&#8221;&#8221;]Ja, FUSO bietet werkseitig montierte Aufbauten wie Pritschen und Kipper. Diese sind sofort einsatzbereit und auf die Fahrgestelle abgestimmt. Zus\u00e4tzlich sind zahlreiche optionale Ausstattungen ab Werk verf\u00fcgbar.[\/vc_column_text][\/vc_tta_section][\/vc_tta_accordion][vc_tta_accordion style=&#8221;flat&#8221; color=&#8221;juicy-pink&#8221; spacing=&#8221;4&#8243; c_icon=&#8221;chevron&#8221; active_section=&#8221;100&#8243; no_fill=&#8221;true&#8221; collapsible_all=&#8221;true&#8221; title=&#8221;Branchenl\u00f6sungen &#038; Praxis&#8221;][vc_tta_section title=&#8221;18. Ist der Canter f\u00fcr den Bau geeignet?&#8221; tab_id=&#8221;1761135563867-8316b408-468c&#8221;][vc_column_text css=&#8221;&#8221;]Ja, mit robuster Bauweise, hoher Nutzlast und guter Bodenfreiheit ist der Canter ideal f\u00fcr Baustellen. Auch Kranaufbauten oder Containerl\u00f6sungen sind m\u00f6glich.[\/vc_column_text][\/vc_tta_section][vc_tta_section title=&#8221;19. Gibt es L\u00f6sungen f\u00fcr Kommunen?&#8221; tab_id=&#8221;1761135563939-0cf52ad5-ef55&#8243;][vc_column_text css=&#8221;&#8221;]FUSO bietet branchenspezifische L\u00f6sungen f\u00fcr kommunale Eins\u00e4tze \u2013 z.\u2009B. Winterdienst, Kehrmaschinen, Mannschaftstransport mit Doppelkabine.[\/vc_column_text][\/vc_tta_section][vc_tta_section title=&#8221;20. Wie \ufb02exibel ist der Canter f\u00fcr Sonderaufbauten?&#8221; tab_id=&#8221;1761135563994-44e47138-2b2a&#8221;][vc_column_text css=&#8221;&#8221;]Der Canter verf\u00fcgt \u00fcber einen robusten Leiterrahmen mit C-Profil und detailliertem Lochbild \u2013 ideal f\u00fcr individuelle Aufbauten. FUSO arbeitet eng mit Aufbauherstellern zusammen.[\/vc_column_text][\/vc_tta_section][\/vc_tta_accordion]\n                <div class=\"fusoeurope-text-image wpb_content_element  item--image--top \" >\n                    <div class=\"item item--text wpb_text_column\">\n                        <h2>eCanter \u2013 Vollelektrisch unterwegs<\/h2>\n\n                    <\/div>\n                <\/div>\n                <div class=\"fusoeurope-text-image wpb_content_element  item--image--top \" >\n                    <div class=\"item item--text wpb_text_column\">\n                        <h3>Technologie &#038; Leistung<\/h3>\n\n                    <\/div>\n                <\/div>[vc_tta_accordion style=&#8221;flat&#8221; color=&#8221;juicy-pink&#8221; spacing=&#8221;4&#8243; c_icon=&#8221;chevron&#8221; active_section=&#8221;100&#8243; no_fill=&#8221;true&#8221; collapsible_all=&#8221;true&#8221;][vc_tta_section title=&#8221;1. Welche Varianten des eCanter gibt es?&#8221; tab_id=&#8221;1761135715286-9fd43518-30f5&#8243;][vc_column_text css=&#8221;&#8221;]Der Next Generation eCanter ist in vier Gewichtsklassen erh\u00e4ltlich: 4,25t, 6t, 7,49t und 8,55t. Es stehen sechs Radst\u00e4nde von 2.500 mm bis 4.750 mm zur Verf\u00fcgung. Insgesamt ergeben sich \u00fcber 40 Fahrzeugvarianten \u2013 so flexibel wie nie zuvor.[\/vc_column_text][\/vc_tta_section][vc_tta_section title=&#8221;2. Welche Batteriepakete stehen zur Auswahl?&#8221; tab_id=&#8221;1761135715356-e476ead0-70b4&#8243;][vc_column_text css=&#8221;&#8221;]<\/p>\n<p>Es gibt drei Batteriegr\u00f6\u00dfen:<\/p>\n<p>S-Paket: 41,3 kWh, Reichweite bis zu 70 km<br \/>M-Paket: 82,6 kWh, Reichweite bis zu 140 km<br \/>L-Paket: 124 kWh, Reichweite bis zu 200 km<\/p>\n<p>Die Batterien basieren auf Lithium-Eisenphosphat-Technologie (LFP), die besonders langlebig und thermisch stabil ist.<\/p>\n<p>&nbsp;<\/p>\n<p lang=\"de\"><small><br \/><span aria-hidden=\"true\">* <\/span>Die Reichweite wurde unter spezifischen Testbedingungen, u.a. teilbeladener Zustand mit Kofferaufbau bei 20\u00b0C Au\u00dfentemperatur, intern ermittelt und kann von den nach der Verordnung (EU) 2017\/2400 ermittelten Werten abweichen. Die tats\u00e4chliche Reichweite ist abh\u00e4ngig von der individuellen Fahrzeugnutzung, der Fahrzeugkonfiguration sowie weiteren \u00e4u\u00dferen Faktoren. Daher kann die tats\u00e4chliche Reichweite unter oder \u00fcber dem angegebenen Wert liegen.<\/small><\/p>\n<p>[\/vc_column_text][\/vc_tta_section][vc_tta_section title=&#8221;3. Wie wird der eCanter geladen?&#8221; tab_id=&#8221;1761135715422-c1eb3609-54d2&#8243;][vc_column_text css=&#8221;&#8221;]<\/p>\n<p>Der eCanter unterst\u00fctzt AC- und DC-Ladung:<\/p>\n<ul>\n<li>AC-Ladung: 11 kW (S-Batterie), 22 kW (M\/L-Batterie)<\/li>\n<li>DC-Ladung: bis zu 70 kW (S-Batterie), bis zu 104 kW (M\/L-Batterie)<\/li>\n<\/ul>\n<p>[\/vc_column_text][\/vc_tta_section][vc_tta_section title=&#8221;4. Wie viel Leistung bringt der eCanter?&#8221; tab_id=&#8221;1761135848195-c5a57189-afe9&#8243;]\n                <div class=\"fusoeurope-text-image wpb_content_element  item--image--top \" >\n                    <div class=\"item item--text wpb_text_column\">\n                        <p>Der Elektromotor leistet je nach Variante 110 kW oder 129 kW und liefert ein Drehmoment von bis zu 430 Nm \u2013 direkt verf\u00fcgbar ohne Schaltvorg\u00e4nge.<\/p>\n\n                    <\/div>\n                <\/div>[\/vc_tta_section][vc_tta_section title=&#8221;5. Gibt es Nebenantriebe f\u00fcr Aufbauten?&#8221; tab_id=&#8221;1761135850843-70fa8ec1-0d01&#8243;]\n                <div class=\"fusoeurope-text-image wpb_content_element  item--image--top \" >\n                    <div class=\"item item--text wpb_text_column\">\n                        <p>Ja, der eCanter bietet mechanische und elektrische Nebenantriebe (PTO), z.\u2009B. f\u00fcr K\u00fchlaggregate, Kipper oder Hebeb\u00fchnen \u2013 ideal f\u00fcr kommunale und gewerbliche Anwendungen.<\/p>\n\n                    <\/div>\n                <\/div>[\/vc_tta_section][\/vc_tta_accordion]\n                <div class=\"fusoeurope-text-image wpb_content_element  item--image--top \" >\n                    <div class=\"item item--text wpb_text_column\">\n                        <h3>Fahrerkomfort &#038; Sicherheit<\/h3>\n\n                    <\/div>\n                <\/div>[vc_tta_accordion style=&#8221;flat&#8221; color=&#8221;juicy-pink&#8221; spacing=&#8221;4&#8243; c_icon=&#8221;chevron&#8221; active_section=&#8221;100&#8243; no_fill=&#8221;true&#8221; collapsible_all=&#8221;true&#8221;][vc_tta_section title=&#8221;6. Welche Assistenzsysteme sind verf\u00fcgbar?&#8221; tab_id=&#8221;1761135927181-90afbec0-4271&#8243;][vc_column_text css=&#8221;&#8221;]Der eCanter ist serienm\u00e4\u00dfig mit modernen Sicherheitssystemen ausgestattet:<\/p>\n<ul>\n<li>Active Brake Assist (Notbremsassistent)<\/li>\n<li>Sideguard Assist (Abbiegeassistent)<\/li>\n<li>Gewschwindigkeitsassistent<\/li>\n<li>Aufmerksamkeitsassistent<\/li>\n<li>ESP, ABS, ASR<\/li>\n<li>LED-Tagfahrlicht und LED-Hauptscheinwerfer<\/li>\n<li>R\u00fcckfahrkamera<\/li>\n<\/ul>\n<p>[\/vc_column_text][\/vc_tta_section][vc_tta_section title=&#8221;7. Wie sieht das Cockpit aus?&#8221; tab_id=&#8221;1761135927244-eba308a8-a265&#8243;][vc_column_text css=&#8221;&#8221;]Das neue digitale Cockpit bietet ein volldigitales 7-Zoll-Display mit Echtzeitinformationen zu Reichweite, Ladezustand, Energiefluss und Fahrmodi. Die Bedienung erfolgt intuitiv \u00fcber Multifunktionstasten am Lenkrad.[\/vc_column_text][\/vc_tta_section][vc_tta_section title=&#8221;8. Wie f\u00e4hrt sich der eCanter?&#8221; tab_id=&#8221;1761135927293-5246875f-280a&#8221;][vc_column_text css=&#8221;&#8221;]Dank des elektrischen Antriebs f\u00e4hrt der eCanter besonders leise, vibrationsarm und agil. Die Rekuperation (Energier\u00fcckgewinnung beim Bremsen) kann in mehreren Stufen eingestellt werden \u2013 f\u00fcr effizientes Fahren.[\/vc_column_text][\/vc_tta_section][\/vc_tta_accordion][\/vc_column][\/vc_row]<\/p>\n<\/div>","protected":false},"excerpt":{"rendered":"<\/p>\n","protected":false},"author":41,"featured_media":0,"parent":15500,"menu_order":0,"comment_status":"closed","ping_status":"closed","template":"templates\/template-default-hero.php","meta":{"_acf_changed":false,"footnotes":""},"class_list":["post-28288","page","type-page","status-publish","hentry"],"acf":[],"yoast_head":"<!-- This site is optimized with the Yoast SEO plugin v27.4 - https:\/\/yoast.com\/product\/yoast-seo-wordpress\/ -->\n<title>FUSO - FAQ<\/title>\n<meta name=\"description\" content=\"Alles, was Sie \u00fcber FUSO wissen m\u00fcssen, von Modellen bis Serviceleistungen \u2713 Seit \u00fcber 80 Jahren erfolgreich im Einsatz \u25b6\ufe0e Jetzt Antworten finden!\" \/>\n<meta name=\"robots\" content=\"index, follow, max-snippet:-1, max-image-preview:large, max-video-preview:-1\" \/>\n<link rel=\"canonical\" href=\"https:\/\/www.fuso-trucks.be\/de\/ueber-fuso\/faq\/\" \/>\n<meta property=\"og:locale\" content=\"de_DE\" \/>\n<meta property=\"og:type\" content=\"article\" \/>\n<meta property=\"og:title\" content=\"FUSO - FAQ\" \/>\n<meta property=\"og:description\" content=\"Alles, was Sie \u00fcber FUSO wissen m\u00fcssen, von Modellen bis Serviceleistungen \u2713 Seit \u00fcber 80 Jahren erfolgreich im Einsatz \u25b6\ufe0e Jetzt Antworten finden!\" \/>\n<meta property=\"og:url\" content=\"https:\/\/www.fuso-trucks.be\/de\/ueber-fuso\/faq\/\" \/>\n<meta property=\"og:site_name\" content=\"FUSO Trucks BE\" \/>\n<meta property=\"article:modified_time\" content=\"2025-10-22T13:48:48+00:00\" \/>\n<meta name=\"twitter:card\" content=\"summary_large_image\" \/>\n<meta name=\"twitter:label1\" content=\"Est. reading time\" \/>\n\t<meta name=\"twitter:data1\" content=\"6 minutes\" \/>\n<script type=\"application\/ld+json\" class=\"yoast-schema-graph\">{\"@context\":\"https:\\\/\\\/schema.org\",\"@graph\":[{\"@type\":\"WebPage\",\"@id\":\"https:\\\/\\\/www.fuso-trucks.be\\\/de\\\/ueber-fuso\\\/faq\\\/\",\"url\":\"https:\\\/\\\/www.fuso-trucks.be\\\/de\\\/ueber-fuso\\\/faq\\\/\",\"name\":\"FUSO - FAQ\",\"isPartOf\":{\"@id\":\"https:\\\/\\\/www.fuso-trucks.be\\\/de\\\/#website\"},\"datePublished\":\"2025-10-22T13:41:18+00:00\",\"dateModified\":\"2025-10-22T13:48:48+00:00\",\"description\":\"Alles, was Sie \u00fcber FUSO wissen m\u00fcssen, von Modellen bis Serviceleistungen \u2713 Seit \u00fcber 80 Jahren erfolgreich im Einsatz \u25b6\ufe0e Jetzt Antworten finden!\",\"breadcrumb\":{\"@id\":\"https:\\\/\\\/www.fuso-trucks.be\\\/de\\\/ueber-fuso\\\/faq\\\/#breadcrumb\"},\"inLanguage\":\"de-BE\",\"potentialAction\":[{\"@type\":\"ReadAction\",\"target\":[\"https:\\\/\\\/www.fuso-trucks.be\\\/de\\\/ueber-fuso\\\/faq\\\/\"]}]},{\"@type\":\"BreadcrumbList\",\"@id\":\"https:\\\/\\\/www.fuso-trucks.be\\\/de\\\/ueber-fuso\\\/faq\\\/#breadcrumb\",\"itemListElement\":[{\"@type\":\"ListItem\",\"position\":1,\"name\":\"Home\",\"item\":\"https:\\\/\\\/www.fuso-trucks.be\\\/de\\\/\"},{\"@type\":\"ListItem\",\"position\":2,\"name\":\"\u00dcber FUSO\",\"item\":\"https:\\\/\\\/www.fuso-trucks.be\\\/de\\\/ueber-fuso\\\/\"},{\"@type\":\"ListItem\",\"position\":3,\"name\":\"FAQ\"}]},{\"@type\":\"WebSite\",\"@id\":\"https:\\\/\\\/www.fuso-trucks.be\\\/de\\\/#website\",\"url\":\"https:\\\/\\\/www.fuso-trucks.be\\\/de\\\/\",\"name\":\"FUSO Trucks BE\",\"description\":\"Mitsubishi Fuso Truck and Bus Corporation\",\"potentialAction\":[{\"@type\":\"SearchAction\",\"target\":{\"@type\":\"EntryPoint\",\"urlTemplate\":\"https:\\\/\\\/www.fuso-trucks.be\\\/de\\\/?s={search_term_string}\"},\"query-input\":{\"@type\":\"PropertyValueSpecification\",\"valueRequired\":true,\"valueName\":\"search_term_string\"}}],\"inLanguage\":\"de-BE\"}]}<\/script>\n<!-- \/ Yoast SEO plugin. -->","yoast_head_json":{"title":"FUSO - FAQ","description":"Alles, was Sie \u00fcber FUSO wissen m\u00fcssen, von Modellen bis Serviceleistungen \u2713 Seit \u00fcber 80 Jahren erfolgreich im Einsatz \u25b6\ufe0e Jetzt Antworten finden!","robots":{"index":"index","follow":"follow","max-snippet":"max-snippet:-1","max-image-preview":"max-image-preview:large","max-video-preview":"max-video-preview:-1"},"canonical":"https:\/\/www.fuso-trucks.be\/de\/ueber-fuso\/faq\/","og_locale":"de_DE","og_type":"article","og_title":"FUSO - FAQ","og_description":"Alles, was Sie \u00fcber FUSO wissen m\u00fcssen, von Modellen bis Serviceleistungen \u2713 Seit \u00fcber 80 Jahren erfolgreich im Einsatz \u25b6\ufe0e Jetzt Antworten finden!","og_url":"https:\/\/www.fuso-trucks.be\/de\/ueber-fuso\/faq\/","og_site_name":"FUSO Trucks BE","article_modified_time":"2025-10-22T13:48:48+00:00","twitter_card":"summary_large_image","twitter_misc":{"Est. reading time":"6 minutes"},"schema":{"@context":"https:\/\/schema.org","@graph":[{"@type":"WebPage","@id":"https:\/\/www.fuso-trucks.be\/de\/ueber-fuso\/faq\/","url":"https:\/\/www.fuso-trucks.be\/de\/ueber-fuso\/faq\/","name":"FUSO - FAQ","isPartOf":{"@id":"https:\/\/www.fuso-trucks.be\/de\/#website"},"datePublished":"2025-10-22T13:41:18+00:00","dateModified":"2025-10-22T13:48:48+00:00","description":"Alles, was Sie \u00fcber FUSO wissen m\u00fcssen, von Modellen bis Serviceleistungen \u2713 Seit \u00fcber 80 Jahren erfolgreich im Einsatz \u25b6\ufe0e Jetzt Antworten finden!","breadcrumb":{"@id":"https:\/\/www.fuso-trucks.be\/de\/ueber-fuso\/faq\/#breadcrumb"},"inLanguage":"de-BE","potentialAction":[{"@type":"ReadAction","target":["https:\/\/www.fuso-trucks.be\/de\/ueber-fuso\/faq\/"]}]},{"@type":"BreadcrumbList","@id":"https:\/\/www.fuso-trucks.be\/de\/ueber-fuso\/faq\/#breadcrumb","itemListElement":[{"@type":"ListItem","position":1,"name":"Home","item":"https:\/\/www.fuso-trucks.be\/de\/"},{"@type":"ListItem","position":2,"name":"\u00dcber FUSO","item":"https:\/\/www.fuso-trucks.be\/de\/ueber-fuso\/"},{"@type":"ListItem","position":3,"name":"FAQ"}]},{"@type":"WebSite","@id":"https:\/\/www.fuso-trucks.be\/de\/#website","url":"https:\/\/www.fuso-trucks.be\/de\/","name":"FUSO Trucks BE","description":"Mitsubishi Fuso Truck and Bus Corporation","potentialAction":[{"@type":"SearchAction","target":{"@type":"EntryPoint","urlTemplate":"https:\/\/www.fuso-trucks.be\/de\/?s={search_term_string}"},"query-input":{"@type":"PropertyValueSpecification","valueRequired":true,"valueName":"search_term_string"}}],"inLanguage":"de-BE"}]}},"_links":{"self":[{"href":"https:\/\/www.fuso-trucks.be\/de\/wp-json\/wp\/v2\/pages\/28288","targetHints":{"allow":["GET"]}}],"collection":[{"href":"https:\/\/www.fuso-trucks.be\/de\/wp-json\/wp\/v2\/pages"}],"about":[{"href":"https:\/\/www.fuso-trucks.be\/de\/wp-json\/wp\/v2\/types\/page"}],"author":[{"embeddable":true,"href":"https:\/\/www.fuso-trucks.be\/de\/wp-json\/wp\/v2\/users\/41"}],"replies":[{"embeddable":true,"href":"https:\/\/www.fuso-trucks.be\/de\/wp-json\/wp\/v2\/comments?post=28288"}],"version-history":[{"count":7,"href":"https:\/\/www.fuso-trucks.be\/de\/wp-json\/wp\/v2\/pages\/28288\/revisions"}],"predecessor-version":[{"id":28296,"href":"https:\/\/www.fuso-trucks.be\/de\/wp-json\/wp\/v2\/pages\/28288\/revisions\/28296"}],"up":[{"embeddable":true,"href":"https:\/\/www.fuso-trucks.be\/de\/wp-json\/wp\/v2\/pages\/15500"}],"wp:attachment":[{"href":"https:\/\/www.fuso-trucks.be\/de\/wp-json\/wp\/v2\/media?parent=28288"}],"curies":[{"name":"wp","href":"https:\/\/api.w.org\/{rel}","templated":true}]}}