{"id":21072,"date":"2022-10-19T14:20:53","date_gmt":"2022-10-19T12:20:53","guid":{"rendered":"https:\/\/ch.fuso-trucks.de\/a-propos-de-fuso\/"},"modified":"2023-03-30T17:18:05","modified_gmt":"2023-03-30T15:18:05","slug":"a-propos-de-fuso","status":"publish","type":"page","link":"https:\/\/www.fuso-trucks.be\/fr\/a-propos-de-fuso\/","title":{"rendered":"\u00c0 propos de FUSO"},"content":{"rendered":"<div class=\"wpb-content-wrapper\"><p>[vc_row][vc_column][vc_column_text el_class=\u00a0\u00bbbigger centered\u00a0\u00bb]<\/p>\n<h2>LES COMPOSANTS \u00c9L\u00c9MENTAIRES.<br \/>\nL&rsquo;\u0152UVRE DE L&rsquo;UE ET L&rsquo;HISTOIRE.<\/h2>\n<p>[\/vc_column_text][vc_empty_space height=\u00a0\u00bb60px\u00a0\u00bb]\n    <div class=\"wpb_content_element tiles fusoeurope-tiles\" ><div class=\"wpb_text_column\">\n            <ul class=\"tiles__list no_slick flex-2\">\n                <li class=\"wpb_content_element  bg--grey tiles__list__element\" ><div class=\"tiles__list__element__image\"><a href=\"https:\/\/www.fuso-trucks.be\/fr\/a-propos-de-fuso\/usine-de-lue\/\"><img decoding=\"async\" class=\"layout-cover\" src=\"https:\/\/www.fuso-trucks.be\/wp-content\/uploads\/sites\/22\/2022\/08\/ueber-fuso_MadeinEurope.jpg\" alt=\"\" \/><\/a><\/div><div class=\"tiles__list__element__text wpb_text_column\"><h3 class=\"tiles__list__element__subtitle\">MADE IN EUROPE.<br \/>\nL'USINE CANTER EU.<\/h3><div class=\"tiles__list__element__description\"><p>Avec le lancement de la production de la s\u00e9rie actuelle et la plus r\u00e9cente, huit g\u00e9n\u00e9rations du FUSO Canter sortiront des cha\u00eenes de production de Mitsubishi FUSO Truck Europe \u00e0 Tramagal, au Portugal, d\u00e8s le d\u00e9but de l&rsquo;ann\u00e9e 2022. L&rsquo;usine, situ\u00e9e \u00e0 environ 150 kilom\u00e8tres au nord-est de Lisbonne, est le site de production central de FUSO en Europe et fabrique tous les Canter et eCanter pour le march\u00e9 europ\u00e9en.<\/p>\n<\/div>\n                <div class=\"tiles__list__element__link-container\">\n                    <a href=\"https:\/\/www.fuso-trucks.be\/fr\/a-propos-de-fuso\/usine-de-lue\/\" class=\"tiles__list__element__link\">EN SAVOIR PLUS<\/a>\n                <\/div><\/div><\/li><li class=\"wpb_content_element  bg--grey tiles__list__element\" ><div class=\"tiles__list__element__image\"><a href=\"https:\/\/www.fuso-trucks.be\/fr\/a-propos-de-fuso\/histoire\/\"><img decoding=\"async\" class=\"layout-cover\" src=\"https:\/\/www.fuso-trucks.be\/wp-content\/uploads\/sites\/22\/2022\/08\/ueber-fuso_erfolgsgeschichten.jpg\" alt=\"\" \/><\/a><\/div><div class=\"tiles__list__element__text wpb_text_column\"><h3 class=\"tiles__list__element__subtitle\">\u00c9CRIRE DES HISTOIRES \u00c0 SUCC\u00c8S.<br \/>\nLES MARQUES FUSO ET CANTER.<\/h3><div class=\"tiles__list__element__description\"><p>La marque FUSO fait partie int\u00e9grante de Daimler Truck AG et, avec neuf d\u00e9cennies d&rsquo;exp\u00e9rience en tant que constructeur international de camions et d&rsquo;autobus, elle est connue bien au-del\u00e0 du Japon. Le FUSO Canter y joue un r\u00f4le d\u00e9terminant depuis 1963 d\u00e9j\u00e0. Les v\u00e9hicules utilitaires avec les trois diamants caract\u00e9ristiques sur la calandre repr\u00e9sentent plus d&rsquo;un tiers du volume total des ventes de Daimler Truck AG.<\/p>\n<\/div>\n                <div class=\"tiles__list__element__link-container\">\n                    <a href=\"https:\/\/www.fuso-trucks.be\/fr\/a-propos-de-fuso\/histoire\/\" class=\"tiles__list__element__link\">EN SAVOIR PLUS<\/a>\n                <\/div><\/div><\/li>\n            <\/ul>\n        <\/div>\n    <\/div>\n[\/vc_column][\/vc_row]<\/p>\n<\/div>","protected":false},"excerpt":{"rendered":"<\/p>\n","protected":false},"author":44,"featured_media":0,"parent":0,"menu_order":0,"comment_status":"closed","ping_status":"closed","template":"templates\/template-default-hero.php","meta":{"_acf_changed":false,"footnotes":""},"class_list":["post-21072","page","type-page","status-publish","hentry"],"acf":[],"yoast_head":"<!-- This site is optimized with the Yoast SEO plugin v27.3 - https:\/\/yoast.com\/product\/yoast-seo-wordpress\/ -->\n<title>\u00c0 propos de FUSO<\/title>\n<meta name=\"description\" content=\"Ce qui fait la diff\u00e9rence FUSO \u2713 Made in Europe \u2713 Marque FUSO \u2713 Tous les jalons du Canter \u2713 \u25b6\ufe0e Informez-vous maintenant !\" \/>\n<meta name=\"robots\" content=\"index, follow, max-snippet:-1, max-image-preview:large, max-video-preview:-1\" \/>\n<link rel=\"canonical\" href=\"https:\/\/www.fuso-trucks.be\/fr\/a-propos-de-fuso\/\" \/>\n<meta property=\"og:locale\" content=\"fr_FR\" \/>\n<meta property=\"og:type\" content=\"article\" \/>\n<meta property=\"og:title\" content=\"\u00c0 propos de FUSO\" \/>\n<meta property=\"og:description\" content=\"Ce qui fait la diff\u00e9rence FUSO \u2713 Made in Europe \u2713 Marque FUSO \u2713 Tous les jalons du Canter \u2713 \u25b6\ufe0e Informez-vous maintenant !\" \/>\n<meta property=\"og:url\" content=\"https:\/\/www.fuso-trucks.be\/fr\/a-propos-de-fuso\/\" \/>\n<meta property=\"og:site_name\" content=\"FUSO Trucks BE\" \/>\n<meta property=\"article:modified_time\" content=\"2023-03-30T15:18:05+00:00\" \/>\n<meta name=\"twitter:card\" content=\"summary_large_image\" \/>\n<meta name=\"twitter:label1\" content=\"Dur\u00e9e de lecture est.\" \/>\n\t<meta name=\"twitter:data1\" content=\"1 minute\" \/>\n<script type=\"application\/ld+json\" class=\"yoast-schema-graph\">{\"@context\":\"https:\\\/\\\/schema.org\",\"@graph\":[{\"@type\":\"WebPage\",\"@id\":\"https:\\\/\\\/www.fuso-trucks.be\\\/fr\\\/a-propos-de-fuso\\\/\",\"url\":\"https:\\\/\\\/www.fuso-trucks.be\\\/fr\\\/a-propos-de-fuso\\\/\",\"name\":\"\u00c0 propos de FUSO\",\"isPartOf\":{\"@id\":\"https:\\\/\\\/www.fuso-trucks.be\\\/fr\\\/#website\"},\"datePublished\":\"2022-10-19T12:20:53+00:00\",\"dateModified\":\"2023-03-30T15:18:05+00:00\",\"description\":\"Ce qui fait la diff\u00e9rence FUSO \u2713 Made in Europe \u2713 Marque FUSO \u2713 Tous les jalons du Canter \u2713 \u25b6\ufe0e Informez-vous maintenant !\",\"breadcrumb\":{\"@id\":\"https:\\\/\\\/www.fuso-trucks.be\\\/fr\\\/a-propos-de-fuso\\\/#breadcrumb\"},\"inLanguage\":\"fr-BE\",\"potentialAction\":[{\"@type\":\"ReadAction\",\"target\":[\"https:\\\/\\\/www.fuso-trucks.be\\\/fr\\\/a-propos-de-fuso\\\/\"]}]},{\"@type\":\"BreadcrumbList\",\"@id\":\"https:\\\/\\\/www.fuso-trucks.be\\\/fr\\\/a-propos-de-fuso\\\/#breadcrumb\",\"itemListElement\":[{\"@type\":\"ListItem\",\"position\":1,\"name\":\"Home\",\"item\":\"https:\\\/\\\/www.fuso-trucks.be\\\/fr\\\/\"},{\"@type\":\"ListItem\",\"position\":2,\"name\":\"\u00c0 propos de FUSO\"}]},{\"@type\":\"WebSite\",\"@id\":\"https:\\\/\\\/www.fuso-trucks.be\\\/fr\\\/#website\",\"url\":\"https:\\\/\\\/www.fuso-trucks.be\\\/fr\\\/\",\"name\":\"FUSO Trucks BE\",\"description\":\"\",\"potentialAction\":[{\"@type\":\"SearchAction\",\"target\":{\"@type\":\"EntryPoint\",\"urlTemplate\":\"https:\\\/\\\/www.fuso-trucks.be\\\/fr\\\/?s={search_term_string}\"},\"query-input\":{\"@type\":\"PropertyValueSpecification\",\"valueRequired\":true,\"valueName\":\"search_term_string\"}}],\"inLanguage\":\"fr-BE\"}]}<\/script>\n<!-- \/ Yoast SEO plugin. -->","yoast_head_json":{"title":"\u00c0 propos de FUSO","description":"Ce qui fait la diff\u00e9rence FUSO \u2713 Made in Europe \u2713 Marque FUSO \u2713 Tous les jalons du Canter \u2713 \u25b6\ufe0e Informez-vous maintenant !","robots":{"index":"index","follow":"follow","max-snippet":"max-snippet:-1","max-image-preview":"max-image-preview:large","max-video-preview":"max-video-preview:-1"},"canonical":"https:\/\/www.fuso-trucks.be\/fr\/a-propos-de-fuso\/","og_locale":"fr_FR","og_type":"article","og_title":"\u00c0 propos de FUSO","og_description":"Ce qui fait la diff\u00e9rence FUSO \u2713 Made in Europe \u2713 Marque FUSO \u2713 Tous les jalons du Canter \u2713 \u25b6\ufe0e Informez-vous maintenant !","og_url":"https:\/\/www.fuso-trucks.be\/fr\/a-propos-de-fuso\/","og_site_name":"FUSO Trucks BE","article_modified_time":"2023-03-30T15:18:05+00:00","twitter_card":"summary_large_image","twitter_misc":{"Dur\u00e9e de lecture est.":"1 minute"},"schema":{"@context":"https:\/\/schema.org","@graph":[{"@type":"WebPage","@id":"https:\/\/www.fuso-trucks.be\/fr\/a-propos-de-fuso\/","url":"https:\/\/www.fuso-trucks.be\/fr\/a-propos-de-fuso\/","name":"\u00c0 propos de FUSO","isPartOf":{"@id":"https:\/\/www.fuso-trucks.be\/fr\/#website"},"datePublished":"2022-10-19T12:20:53+00:00","dateModified":"2023-03-30T15:18:05+00:00","description":"Ce qui fait la diff\u00e9rence FUSO \u2713 Made in Europe \u2713 Marque FUSO \u2713 Tous les jalons du Canter \u2713 \u25b6\ufe0e Informez-vous maintenant !","breadcrumb":{"@id":"https:\/\/www.fuso-trucks.be\/fr\/a-propos-de-fuso\/#breadcrumb"},"inLanguage":"fr-BE","potentialAction":[{"@type":"ReadAction","target":["https:\/\/www.fuso-trucks.be\/fr\/a-propos-de-fuso\/"]}]},{"@type":"BreadcrumbList","@id":"https:\/\/www.fuso-trucks.be\/fr\/a-propos-de-fuso\/#breadcrumb","itemListElement":[{"@type":"ListItem","position":1,"name":"Home","item":"https:\/\/www.fuso-trucks.be\/fr\/"},{"@type":"ListItem","position":2,"name":"\u00c0 propos de FUSO"}]},{"@type":"WebSite","@id":"https:\/\/www.fuso-trucks.be\/fr\/#website","url":"https:\/\/www.fuso-trucks.be\/fr\/","name":"FUSO Trucks BE","description":"","potentialAction":[{"@type":"SearchAction","target":{"@type":"EntryPoint","urlTemplate":"https:\/\/www.fuso-trucks.be\/fr\/?s={search_term_string}"},"query-input":{"@type":"PropertyValueSpecification","valueRequired":true,"valueName":"search_term_string"}}],"inLanguage":"fr-BE"}]}},"_links":{"self":[{"href":"https:\/\/www.fuso-trucks.be\/fr\/wp-json\/wp\/v2\/pages\/21072","targetHints":{"allow":["GET"]}}],"collection":[{"href":"https:\/\/www.fuso-trucks.be\/fr\/wp-json\/wp\/v2\/pages"}],"about":[{"href":"https:\/\/www.fuso-trucks.be\/fr\/wp-json\/wp\/v2\/types\/page"}],"author":[{"embeddable":true,"href":"https:\/\/www.fuso-trucks.be\/fr\/wp-json\/wp\/v2\/users\/44"}],"replies":[{"embeddable":true,"href":"https:\/\/www.fuso-trucks.be\/fr\/wp-json\/wp\/v2\/comments?post=21072"}],"version-history":[{"count":6,"href":"https:\/\/www.fuso-trucks.be\/fr\/wp-json\/wp\/v2\/pages\/21072\/revisions"}],"predecessor-version":[{"id":27724,"href":"https:\/\/www.fuso-trucks.be\/fr\/wp-json\/wp\/v2\/pages\/21072\/revisions\/27724"}],"wp:attachment":[{"href":"https:\/\/www.fuso-trucks.be\/fr\/wp-json\/wp\/v2\/media?parent=21072"}],"curies":[{"name":"wp","href":"https:\/\/api.w.org\/{rel}","templated":true}]}}