{"id":21090,"date":"2022-10-19T15:36:32","date_gmt":"2022-10-19T13:36:32","guid":{"rendered":"https:\/\/ch.fuso-trucks.de\/pieces-et-accessoires\/"},"modified":"2023-02-09T11:36:05","modified_gmt":"2023-02-09T10:36:05","slug":"pieces-et-accessoires","status":"publish","type":"page","link":"https:\/\/www.fuso-trucks.be\/fr\/pieces-et-accessoires\/","title":{"rendered":"Pi\u00e8ces et accessoires"},"content":{"rendered":"<div class=\"wpb-content-wrapper\"><p>[vc_row][vc_column]\n                <div class=\"fusoeurope-text-image wpb_content_element  item--image--top  bigger centered\" >\n                    <div class=\"item item--text wpb_text_column\">\n                        <h2>UNE QUALIT\u00c9 FIABLE. LES PI\u00c8CES CANTER.<\/h2>\n\n                    <\/div>\n                <\/div>[vc_column_text]<\/p>\n<h3>PI\u00c8CES DE RECHANGE<\/h3>\n<p><!--more--><\/p>\n<p>[\/vc_column_text]\n    <div class=\"wpb_content_element tiles fusoeurope-tiles\" ><div class=\"wpb_text_column\">\n            <ul class=\"tiles__list no_slick flex-3\">\n                <li class=\"wpb_content_element   tiles__list__element\" ><div class=\"tiles__list__element__image\"><a href=\"https:\/\/www.fuso-trucks.be\/fr\/pieces-et-accessoires\/fuso-accessoires-dorigine\/\"><img decoding=\"async\" class=\"layout-cover\" src=\"https:\/\/www.fuso-trucks.be\/wp-content\/uploads\/sites\/22\/2022\/02\/original-teile-hero-1400x933.jpg\" alt=\"\" \/><\/a><\/div><div class=\"tiles__list__element__text wpb_text_column\"><h3 class=\"tiles__list__element__subtitle\">DES EXIGENCES \u00c9LEV\u00c9ES.<br \/>\nLES PI\u00c8CES D'ORIGINE FUSO.<\/h3><div class=\"tiles__list__element__description\"><p>Les pi\u00e8ces d&rsquo;origine FUSO sont le fruit d&rsquo;une vaste exp\u00e9rience en mati\u00e8re de d\u00e9veloppement. Elles sont fabriqu\u00e9es avec pr\u00e9cision \u00e0 partir de mat\u00e9riaux s\u00e9lectionn\u00e9s et sont en outre adapt\u00e9es aux exigences de toutes les fonctions du v\u00e9hicule. L&rsquo;utilisation de pi\u00e8ces d&rsquo;origine FUSO garantit une qualit\u00e9 de service jusque dans les moindres d\u00e9tails. Cette qualit\u00e9 est payante et contribue \u00e0 la s\u00e9curit\u00e9 et \u00e0 la rentabilit\u00e9 du Canter.<\/p>\n<\/div>\n                <div class=\"tiles__list__element__link-container\">\n                    <a href=\"https:\/\/www.fuso-trucks.be\/fr\/pieces-et-accessoires\/fuso-accessoires-dorigine\/\" class=\"tiles__list__element__link\">EN SAVOIR PLUS<\/a>\n                <\/div><\/div><\/li><li class=\"wpb_content_element   tiles__list__element\" ><div class=\"tiles__list__element__image\"><a href=\"https:\/\/www.fuso-trucks.be\/fr\/pieces-et-accessoires\/fuso-value-parts\/\"><img decoding=\"async\" class=\"layout-cover\" src=\"https:\/\/www.fuso-trucks.be\/wp-content\/uploads\/sites\/22\/2022\/02\/FVP_picture_black.jpg\" alt=\"\" \/><\/a><\/div><div class=\"tiles__list__element__text wpb_text_column\"><h3 class=\"tiles__list__element__subtitle\">DES PRIX AVANTAGEUX.<br \/>\nLES FUSO VALUE PARTS.<\/h3><div class=\"tiles__list__element__description\"><p>Avec les pi\u00e8ces de rechange de FUSO Value Parts (FVP), la deuxi\u00e8me marque de pi\u00e8ces de FUSO, les clients obtiennent des produits originaux de haute qualit\u00e9 avec la garantie FUSO \u00e0 des prix nettement plus avantageux. Gr\u00e2ce au meilleur rapport qualit\u00e9-prix, ils offrent par exemple la solution id\u00e9ale pour les Canter dont la p\u00e9riode de garantie est arriv\u00e9e \u00e0 \u00e9ch\u00e9ance. Lorsque des pi\u00e8ces de rechange de haute qualit\u00e9 \u00e0 des prix abordables sont demand\u00e9es, les FUSO Value Parts sont le bon choix.<\/p>\n<\/div>\n                <div class=\"tiles__list__element__link-container\">\n                    <a href=\"https:\/\/www.fuso-trucks.be\/fr\/pieces-et-accessoires\/fuso-value-parts\/\" class=\"tiles__list__element__link\">EN SAVOIR PLUS<\/a>\n                <\/div><\/div><\/li><li class=\"wpb_content_element   tiles__list__element\" ><div class=\"tiles__list__element__image\"><a href=\"https:\/\/www.fuso-trucks.be\/fr\/pieces-et-accessoires\/accessoires-dorigine-canter-tfi\/\"><img decoding=\"async\" class=\"layout-cover\" src=\"https:\/\/www.fuso-trucks.be\/wp-content\/uploads\/sites\/22\/2022\/02\/D613944-1400x933.jpg\" alt=\"\" \/><\/a><\/div><div class=\"tiles__list__element__text wpb_text_column\"><h3 class=\"tiles__list__element__subtitle\">LES SOUHAITS INDIVIDUELS.<br \/>\nLES ACCESSOIRES DU CANTER.<\/h3><div class=\"tiles__list__element__description\"><p>Les accessoires d&rsquo;origine FUSO pour le Canter offrent une multitude de possibilit\u00e9s d&rsquo;\u00e9quipement suppl\u00e9mentaires pour encore plus de confort, encore plus de s\u00e9curit\u00e9 et un plaisir de conduite accru. Individuels et enti\u00e8rement adapt\u00e9s aux souhaits et aux exigences du client. Les accessoires d&rsquo;origine et les solutions de seconde monte pour le Canter TF contribuent tout particuli\u00e8rement \u00e0 am\u00e9liorer encore l&rsquo;aspect, le confort de conduite et la fonctionnalit\u00e9.<\/p>\n<\/div>\n                <div class=\"tiles__list__element__link-container\">\n                    <a href=\"https:\/\/www.fuso-trucks.be\/fr\/pieces-et-accessoires\/accessoires-dorigine-canter-tfi\/\" class=\"tiles__list__element__link\">EN SAVOIR PLUS<\/a>\n                <\/div><\/div><\/li>\n            <\/ul>\n        <\/div>\n    <\/div>\n[\/vc_column][vc_column][\/vc_column][\/vc_row]<\/p>\n<\/div>","protected":false},"excerpt":{"rendered":"<\/p>\n","protected":false},"author":44,"featured_media":0,"parent":0,"menu_order":0,"comment_status":"closed","ping_status":"closed","template":"templates\/template-default-hero.php","meta":{"_acf_changed":false,"footnotes":""},"class_list":["post-21090","page","type-page","status-publish","hentry"],"acf":[],"yoast_head":"<!-- This site is optimized with the Yoast SEO plugin v27.3 - https:\/\/yoast.com\/product\/yoast-seo-wordpress\/ -->\n<title>FUSO \u2013 Pi\u00e8ces et accessoires<\/title>\n<meta name=\"description\" content=\"Pi\u00e8ces de rechange originales FUSO \u2713 FUSO Value Parts \u2713 Accessoires originaux FUSO \u2713 Pour Canter &amp; eCanter \u2713 En savoir plus ici \u2713\" \/>\n<meta name=\"robots\" content=\"index, follow, max-snippet:-1, max-image-preview:large, max-video-preview:-1\" \/>\n<link rel=\"canonical\" href=\"https:\/\/www.fuso-trucks.be\/fr\/pieces-et-accessoires\/\" \/>\n<meta property=\"og:locale\" content=\"fr_FR\" \/>\n<meta property=\"og:type\" content=\"article\" \/>\n<meta property=\"og:title\" content=\"FUSO \u2013 Pi\u00e8ces et accessoires\" \/>\n<meta property=\"og:description\" content=\"Pi\u00e8ces de rechange originales FUSO \u2713 FUSO Value Parts \u2713 Accessoires originaux FUSO \u2713 Pour Canter &amp; eCanter \u2713 En savoir plus ici \u2713\" \/>\n<meta property=\"og:url\" content=\"https:\/\/www.fuso-trucks.be\/fr\/pieces-et-accessoires\/\" \/>\n<meta property=\"og:site_name\" content=\"FUSO Trucks BE\" \/>\n<meta property=\"article:modified_time\" content=\"2023-02-09T10:36:05+00:00\" \/>\n<meta name=\"twitter:card\" content=\"summary_large_image\" \/>\n<meta name=\"twitter:label1\" content=\"Dur\u00e9e de lecture est.\" \/>\n\t<meta name=\"twitter:data1\" content=\"2 minutes\" \/>\n<script type=\"application\/ld+json\" class=\"yoast-schema-graph\">{\"@context\":\"https:\\\/\\\/schema.org\",\"@graph\":[{\"@type\":\"WebPage\",\"@id\":\"https:\\\/\\\/www.fuso-trucks.be\\\/fr\\\/pieces-et-accessoires\\\/\",\"url\":\"https:\\\/\\\/www.fuso-trucks.be\\\/fr\\\/pieces-et-accessoires\\\/\",\"name\":\"FUSO \u2013 Pi\u00e8ces et accessoires\",\"isPartOf\":{\"@id\":\"https:\\\/\\\/www.fuso-trucks.be\\\/fr\\\/#website\"},\"datePublished\":\"2022-10-19T13:36:32+00:00\",\"dateModified\":\"2023-02-09T10:36:05+00:00\",\"description\":\"Pi\u00e8ces de rechange originales FUSO \u2713 FUSO Value Parts \u2713 Accessoires originaux FUSO \u2713 Pour Canter & eCanter \u2713 En savoir plus ici \u2713\",\"breadcrumb\":{\"@id\":\"https:\\\/\\\/www.fuso-trucks.be\\\/fr\\\/pieces-et-accessoires\\\/#breadcrumb\"},\"inLanguage\":\"fr-BE\",\"potentialAction\":[{\"@type\":\"ReadAction\",\"target\":[\"https:\\\/\\\/www.fuso-trucks.be\\\/fr\\\/pieces-et-accessoires\\\/\"]}]},{\"@type\":\"BreadcrumbList\",\"@id\":\"https:\\\/\\\/www.fuso-trucks.be\\\/fr\\\/pieces-et-accessoires\\\/#breadcrumb\",\"itemListElement\":[{\"@type\":\"ListItem\",\"position\":1,\"name\":\"Home\",\"item\":\"https:\\\/\\\/www.fuso-trucks.be\\\/fr\\\/\"},{\"@type\":\"ListItem\",\"position\":2,\"name\":\"Pi\u00e8ces et accessoires\"}]},{\"@type\":\"WebSite\",\"@id\":\"https:\\\/\\\/www.fuso-trucks.be\\\/fr\\\/#website\",\"url\":\"https:\\\/\\\/www.fuso-trucks.be\\\/fr\\\/\",\"name\":\"FUSO Trucks BE\",\"description\":\"\",\"potentialAction\":[{\"@type\":\"SearchAction\",\"target\":{\"@type\":\"EntryPoint\",\"urlTemplate\":\"https:\\\/\\\/www.fuso-trucks.be\\\/fr\\\/?s={search_term_string}\"},\"query-input\":{\"@type\":\"PropertyValueSpecification\",\"valueRequired\":true,\"valueName\":\"search_term_string\"}}],\"inLanguage\":\"fr-BE\"}]}<\/script>\n<!-- \/ Yoast SEO plugin. -->","yoast_head_json":{"title":"FUSO \u2013 Pi\u00e8ces et accessoires","description":"Pi\u00e8ces de rechange originales FUSO \u2713 FUSO Value Parts \u2713 Accessoires originaux FUSO \u2713 Pour Canter & eCanter \u2713 En savoir plus ici \u2713","robots":{"index":"index","follow":"follow","max-snippet":"max-snippet:-1","max-image-preview":"max-image-preview:large","max-video-preview":"max-video-preview:-1"},"canonical":"https:\/\/www.fuso-trucks.be\/fr\/pieces-et-accessoires\/","og_locale":"fr_FR","og_type":"article","og_title":"FUSO \u2013 Pi\u00e8ces et accessoires","og_description":"Pi\u00e8ces de rechange originales FUSO \u2713 FUSO Value Parts \u2713 Accessoires originaux FUSO \u2713 Pour Canter & eCanter \u2713 En savoir plus ici \u2713","og_url":"https:\/\/www.fuso-trucks.be\/fr\/pieces-et-accessoires\/","og_site_name":"FUSO Trucks BE","article_modified_time":"2023-02-09T10:36:05+00:00","twitter_card":"summary_large_image","twitter_misc":{"Dur\u00e9e de lecture est.":"2 minutes"},"schema":{"@context":"https:\/\/schema.org","@graph":[{"@type":"WebPage","@id":"https:\/\/www.fuso-trucks.be\/fr\/pieces-et-accessoires\/","url":"https:\/\/www.fuso-trucks.be\/fr\/pieces-et-accessoires\/","name":"FUSO \u2013 Pi\u00e8ces et accessoires","isPartOf":{"@id":"https:\/\/www.fuso-trucks.be\/fr\/#website"},"datePublished":"2022-10-19T13:36:32+00:00","dateModified":"2023-02-09T10:36:05+00:00","description":"Pi\u00e8ces de rechange originales FUSO \u2713 FUSO Value Parts \u2713 Accessoires originaux FUSO \u2713 Pour Canter & eCanter \u2713 En savoir plus ici \u2713","breadcrumb":{"@id":"https:\/\/www.fuso-trucks.be\/fr\/pieces-et-accessoires\/#breadcrumb"},"inLanguage":"fr-BE","potentialAction":[{"@type":"ReadAction","target":["https:\/\/www.fuso-trucks.be\/fr\/pieces-et-accessoires\/"]}]},{"@type":"BreadcrumbList","@id":"https:\/\/www.fuso-trucks.be\/fr\/pieces-et-accessoires\/#breadcrumb","itemListElement":[{"@type":"ListItem","position":1,"name":"Home","item":"https:\/\/www.fuso-trucks.be\/fr\/"},{"@type":"ListItem","position":2,"name":"Pi\u00e8ces et accessoires"}]},{"@type":"WebSite","@id":"https:\/\/www.fuso-trucks.be\/fr\/#website","url":"https:\/\/www.fuso-trucks.be\/fr\/","name":"FUSO Trucks BE","description":"","potentialAction":[{"@type":"SearchAction","target":{"@type":"EntryPoint","urlTemplate":"https:\/\/www.fuso-trucks.be\/fr\/?s={search_term_string}"},"query-input":{"@type":"PropertyValueSpecification","valueRequired":true,"valueName":"search_term_string"}}],"inLanguage":"fr-BE"}]}},"_links":{"self":[{"href":"https:\/\/www.fuso-trucks.be\/fr\/wp-json\/wp\/v2\/pages\/21090","targetHints":{"allow":["GET"]}}],"collection":[{"href":"https:\/\/www.fuso-trucks.be\/fr\/wp-json\/wp\/v2\/pages"}],"about":[{"href":"https:\/\/www.fuso-trucks.be\/fr\/wp-json\/wp\/v2\/types\/page"}],"author":[{"embeddable":true,"href":"https:\/\/www.fuso-trucks.be\/fr\/wp-json\/wp\/v2\/users\/44"}],"replies":[{"embeddable":true,"href":"https:\/\/www.fuso-trucks.be\/fr\/wp-json\/wp\/v2\/comments?post=21090"}],"version-history":[{"count":11,"href":"https:\/\/www.fuso-trucks.be\/fr\/wp-json\/wp\/v2\/pages\/21090\/revisions"}],"predecessor-version":[{"id":27474,"href":"https:\/\/www.fuso-trucks.be\/fr\/wp-json\/wp\/v2\/pages\/21090\/revisions\/27474"}],"wp:attachment":[{"href":"https:\/\/www.fuso-trucks.be\/fr\/wp-json\/wp\/v2\/media?parent=21090"}],"curies":[{"name":"wp","href":"https:\/\/api.w.org\/{rel}","templated":true}]}}