{"id":21137,"date":"2022-10-21T16:18:57","date_gmt":"2022-10-21T14:18:57","guid":{"rendered":"https:\/\/ch.fuso-trucks.de\/services\/"},"modified":"2023-04-05T13:16:11","modified_gmt":"2023-04-05T11:16:11","slug":"services","status":"publish","type":"page","link":"https:\/\/www.fuso-trucks.be\/fr\/services\/","title":{"rendered":"SERVICES"},"content":{"rendered":"<div class=\"wpb-content-wrapper\"><p>[vc_row][vc_column]\n                <div class=\"fusoeurope-text-image wpb_content_element  item--image--top  bigger centered\" >\n                    <div class=\"item item--text wpb_text_column\">\n                        <h2>UNE OFFRE CONVAINCANTE.<br \/>\nLES SERVICES FUSO.<\/h2>\n\n                    <\/div>\n                <\/div>[\/vc_column][vc_column]\n    <div class=\"wpb_content_element tiles fusoeurope-tiles\" ><div class=\"wpb_text_column\">\n            <ul class=\"tiles__list no_slick flex-3\">\n                <li class=\"wpb_content_element  bg--grey tiles__list__element\" ><div class=\"tiles__list__element__image\"><a href=\"https:\/\/www.fuso-trucks.be\/fr\/services\/financement\/\"><img decoding=\"async\" class=\"layout-cover\" src=\"https:\/\/www.fuso-trucks.be\/wp-content\/uploads\/sites\/22\/2022\/08\/dienst_finanzierung.jpg\" alt=\"\" \/><\/a><\/div><div class=\"tiles__list__element__text wpb_text_column\"><h3 class=\"tiles__list__element__subtitle\">UNE BONNE AFFAIRE.<br \/>\nLES FINANCEMENTS FUSO.<\/h3><div class=\"tiles__list__element__description\"><p>Le groupe Daimler Truck Financial Services comprend les besoins de ses clients et propose pour le FUSO Canter des alternatives int\u00e9ressantes \u00e0 l&rsquo;achat au comptant. Les clients peuvent obtenir des conseils d\u00e9taill\u00e9s sur les diff\u00e9rents produits de financement et l&rsquo;\u00e9tablissement d&rsquo;une offre individuelle aupr\u00e8s de leur concessionnaire FUSO.<\/p>\n<\/div>\n                <div class=\"tiles__list__element__link-container\">\n                    <a href=\"https:\/\/www.fuso-trucks.be\/fr\/services\/financement\/\" class=\"tiles__list__element__link\">EN SAVOIR PLUS<\/a>\n                <\/div><\/div><\/li><li class=\"wpb_content_element  bg--grey tiles__list__element\" ><div class=\"tiles__list__element__image\"><a href=\"https:\/\/www.fuso-trucks.be\/fr\/services\/leasing\/\"><img decoding=\"async\" class=\"layout-cover\" src=\"https:\/\/www.fuso-trucks.be\/wp-content\/uploads\/sites\/22\/2022\/08\/dienst_leasing.jpg\" alt=\"\" \/><\/a><\/div><div class=\"tiles__list__element__text wpb_text_column\"><h3 class=\"tiles__list__element__subtitle\">UNE LOCATION \u00c0 MOITI\u00c9 PRIX.<br \/>\nLE FUSO LEASING.<\/h3><div class=\"tiles__list__element__description\"><p>Pour une acquisition \u00e9conomique d&rsquo;un nouveau FUSO Canter, le groupe Daimler Truck Financial Services propose des solutions de leasing attrayantes &#8211; parfaitement adapt\u00e9es aux exigences de chaque client. Les clients peuvent obtenir des offres de leasing individuelles selon leurs souhaits aupr\u00e8s de leur concessionnaire FUSO.<\/p>\n<\/div>\n                <div class=\"tiles__list__element__link-container\">\n                    <a href=\"https:\/\/www.fuso-trucks.be\/fr\/services\/leasing\/\" class=\"tiles__list__element__link\">EN SAVOIR PLUS<\/a>\n                <\/div><\/div><\/li><li class=\"wpb_content_element  bg--grey tiles__list__element\" ><div class=\"tiles__list__element__image\"><a href=\"https:\/\/www.fuso-trucks.be\/fr\/services\/assurance\/\"><img decoding=\"async\" class=\"layout-cover\" src=\"https:\/\/www.fuso-trucks.be\/wp-content\/uploads\/sites\/22\/2022\/08\/dienst_versicherung.jpg\" alt=\"\" \/><\/a><\/div><div class=\"tiles__list__element__text wpb_text_column\"><h3 class=\"tiles__list__element__subtitle\">POUR DES RAISONS.<br \/>\nL'ASSURANCE FUSO.<\/h3><div class=\"tiles__list__element__description\"><p>Le FUSO Canter convainc en mati\u00e8re de s\u00e9curit\u00e9. Mais il n&rsquo;en reste pas moins que mieux vaut pr\u00e9venir que gu\u00e9rir. Avec l&rsquo;assurance poids lourds, les clients FUSO misent en tout cas sur un produit dont l&rsquo;\u00e9tendue des prestations est \u00e9galement convaincante. Le conseil sur les produits et la vente sont assur\u00e9s par les concessionnaires FUSO.<\/p>\n<\/div>\n                <div class=\"tiles__list__element__link-container\">\n                    <a href=\"https:\/\/www.fuso-trucks.be\/fr\/services\/assurance\/\" class=\"tiles__list__element__link\">EN SAVOIR PLUS<\/a>\n                <\/div><\/div><\/li>\n            <\/ul>\n        <\/div>\n    <\/div>\n[\/vc_column][\/vc_row][vc_row][vc_column]\n                <div class=\"fusoeurope-text-image wpb_content_element bg--grey item--image--left \" >\n                    <div class=\"item item--image\">\n                        <img decoding=\"async\" class=\"layout-cover\" src=\"https:\/\/www.fuso-trucks.be\/wp-content\/uploads\/sites\/22\/2022\/09\/4-25t_e_hero-1400x933.jpg\" alt=\"\" \/>\n                    <\/div>\n                    <div class=\"item item--text wpb_text_column\">\n                        <h2>SERVICES FINANCIERS.<\/h2>\n<ul>\n<li>Daimler Truck Financial Services (DTFS) a plus de 35 ans d&rsquo;exp\u00e9rience dans le domaine du leasing en Belgique.<\/li>\n<li>En fonction des besoins du client, nous pouvons proposer 2 formules de leasing diff\u00e9rentes. D&rsquo;une part, un Financial Lease et d&rsquo;autre part, la formule Renting Pro.<\/li>\n<li>Quelle formule vous convient le mieux ? Votre concessionnaire officiel se fera un plaisir de vous informer sur les diff\u00e9rentes possibilit\u00e9s et pourra vous faire une offre sur mesure.<\/li>\n<\/ul>\n\n                    <\/div>\n                <\/div>[\/vc_column][\/vc_row][vc_row disable_element=\u00a0\u00bbyes\u00a0\u00bb][vc_column]\n                <div class=\"fusoeurope-text-image wpb_content_element  item--image--top \" >\n                    <div class=\"item item--text wpb_text_column\">\n                        <h2>CANTER ALTERNATIF.<br \/>\nLOCATION ET TOP-UTILIS\u00c9.<\/h2>\n\n                    <\/div>\n                <\/div>\n    <div class=\"wpb_content_element tiles fusoeurope-tiles\" ><div class=\"wpb_text_column\">\n            <ul class=\"tiles__list no_slick flex-2\">\n                <li class=\"wpb_content_element  bg--grey tiles__list__element\" ><div class=\"tiles__list__element__image\"><a href=\"https:\/\/www.mercedes-benz-trucks.com\/de_DE\/buy\/charterway.html\"><img decoding=\"async\" class=\"layout-cover\" src=\"https:\/\/www.fuso-trucks.be\/wp-content\/uploads\/sites\/22\/2022\/08\/dienst_charterway.jpg\" alt=\"\" \/><\/a><\/div><div class=\"tiles__list__element__text wpb_text_column\"><h3 class=\"tiles__list__element__subtitle\">MERCEDES-BENZ CHARTERWAY.<br \/>\nLOUER UN CANTER EN TOUTE SIMPLICIT\u00c9.<\/h3><div class=\"tiles__list__element__description\"><p>Louer le Canter et se mettre imm\u00e9diatement au travail &#8211; avec CharterWay. CharterWay propose \u00e0 ses clients des modules de services pouvant \u00eatre combin\u00e9s individuellement, du service au leasing en passant par la location. Ils peuvent choisir la solution qui leur convient le mieux parmi une flotte de location de plus de 8 000 v\u00e9hicules. Alternativement, le ServiceLeasing de CharterWay offre des services combinables individuellement et des co\u00fbts transparents pour assurer la mobilit\u00e9. Les clients de CharterWay sont ainsi bien servis, du premier au dernier kilom\u00e8tre.<\/p>\n<\/div>\n                <div class=\"tiles__list__element__link-container\">\n                    <a href=\"https:\/\/www.mercedes-benz-trucks.com\/de_DE\/buy\/charterway.html\" class=\"tiles__list__element__link\">\u00c0 PROPOS DE CHARTERWAY<\/a>\n                <\/div><\/div><\/li><li class=\"wpb_content_element  bg--grey tiles__list__element\" ><div class=\"tiles__list__element__image\"><a href=\"https:\/\/www.truckstore.com\/BE\/fr\/?pk_campaign=HPA-NAMC-DETS\"><img decoding=\"async\" class=\"layout-cover\" src=\"https:\/\/www.fuso-trucks.be\/wp-content\/uploads\/sites\/22\/2022\/08\/dienst_zu-truckstore.jpg\" alt=\"\" \/><\/a><\/div><div class=\"tiles__list__element__text wpb_text_column\"><h3 class=\"tiles__list__element__subtitle\">TRUCKSTORE.<br \/>\nACHETER CANTER TOP-OCCASION.<\/h3><div class=\"tiles__list__element__description\"><p>TruckStore est la premi\u00e8re adresse d&rsquo;Europe pour l&rsquo;achat et la vente de camions d&rsquo;occasion. Bien entendu, TruckStore propose \u00e9galement de jeunes v\u00e9hicules utilitaires d&rsquo;occasion de FUSO. Complets avec la carrosserie n\u00e9cessaire, pour une utilisation imm\u00e9diate. Le TruckStore emploie des personnes qui comprennent le secteur et les exigences individuelles de leurs clients. Ils aident les clients \u00e0 trouver le bon v\u00e9hicule ainsi que les meilleurs composants de service pour ces exigences. Du plateau \u00e0 la caisse frigorifique. Du financement au rachat. Avec une protection de garantie compl\u00e8te.<\/p>\n<\/div>\n                <div class=\"tiles__list__element__link-container\">\n                    <a href=\"https:\/\/www.truckstore.com\/BE\/fr\/?pk_campaign=HPA-NAMC-DETS\" class=\"tiles__list__element__link\">VERS TRUCKSTORE<\/a>\n                <\/div><\/div><\/li>\n            <\/ul>\n        <\/div>\n    <\/div>\n[\/vc_column][\/vc_row][vc_row][vc_column]\n    <div class=\"wpb_content_element fusoeurope-hero \" >\n        <div class=\"hero hero\u2014-image full-screen-width\">\n            <picture class=\"hero__list__element__picture\"><source media=\"(min-width: 1025px)\" srcset=\"https:\/\/www.fuso-trucks.be\/wp-content\/uploads\/sites\/22\/2022\/08\/dienst_altfahrzeug.jpg\"><source media=\"(min-width: 768px)\" srcset=\"https:\/\/www.fuso-trucks.be\/wp-content\/uploads\/sites\/22\/2022\/08\/dienst_altfahrzeug.jpg\"><source media=\"(min-width: 576px)\" srcset=\"https:\/\/www.fuso-trucks.be\/wp-content\/uploads\/sites\/22\/2022\/08\/dienst_altfahrzeug.jpg\"><img decoding=\"async\" class=\"\" src=\"https:\/\/www.fuso-trucks.be\/wp-content\/uploads\/sites\/22\/2022\/08\/dienst_altfahrzeug-700x461.jpg\" alt=\"\"><\/picture>\n        <\/div>\n    <\/div>\n[\/vc_column][\/vc_row][vc_row][vc_column]\n                <div class=\"fusoeurope-text-image wpb_content_element  item--image--top \" >\n                    <div class=\"item item--text wpb_text_column\">\n                        <h2>UN PROCESSUS BIEN R\u00c9GL\u00c9.<br \/>\nLA REPRISE DES V\u00c9HICULES HORS D&rsquo;USAGE FUSO.<\/h2>\n<h3>REPRISE DE V\u00c9HICULES HORS D&rsquo;USAGE JUSQU&rsquo;\u00c0 3,5 T TGC<\/h3>\n<p>Depuis l&rsquo;entr\u00e9e en vigueur de la loi ELV*, les clients ont la possibilit\u00e9 de restituer leur ancien v\u00e9hicule au constructeur dans les circonstances suivantes :<\/p>\n<ul>\n<li>Il s&rsquo;agit d&rsquo;un v\u00e9hicule automobile de moins de 3,5 tonnes.<\/li>\n<li>Tous les composants essentiels tels que le groupe motopropulseur (moteur, bo\u00eete de vitesses, etc.), le ch\u00e2ssis, la carrosserie, le catalyseur ou les appareils de commande \u00e9lectroniques sont pr\u00e9sents dans le v\u00e9hicule.<\/li>\n<li>Il n&rsquo;y a pas de d\u00e9chets dans le v\u00e9hicule.<\/li>\n<li>Le v\u00e9hicule est ou a \u00e9t\u00e9 immatricul\u00e9 dans un pays de l&rsquo;Union europ\u00e9enne pendant au moins un mois avant sa mise hors service.<\/li>\n<li>Les documents d&rsquo;immatriculation sont remis avec le v\u00e9hicule.<\/li>\n<\/ul>\n<p>&nbsp;<\/p>\n<p>*<em>Directive relative aux v\u00e9hicules hors d&rsquo;usage &#8211; la directive europ\u00e9enne 2000\/53\/CE r\u00e9git le d\u00e9montage et le recyclage des v\u00e9hicules automobiles au sein de l&rsquo;Union europ\u00e9enne. L&rsquo;objectif de cette directive est de r\u00e9duire les d\u00e9chets de v\u00e9hicules. Cette directive oblige les \u00c9tats membres de l&rsquo;UE \u00e0 organiser des syst\u00e8mes de reprise pour les v\u00e9hicules hors d&rsquo;usage. La transposition de la directive a eu lieu en Allemagne le 1er juillet 2002, date \u00e0 laquelle le d\u00e9cret sur les v\u00e9hicules hors d&rsquo;usage est entr\u00e9 en vigueur.<\/em><\/p>\n\n                    <\/div>\n                <\/div>\n    <div class=\"wpb_content_element fusoeurope-collapsible\" >\n        <div class=\"fusoeurope-collapsible__content\">\n            \n                <div class=\"fusoeurope-text-image wpb_content_element  item--image--top \" >\n                    <div class=\"item item--text wpb_text_column\">\n                        <p><!--more--><\/p>\n<h3>CERTIFICAT DE VALORISATION<\/h3>\n<p>Pour l&rsquo;annulation de l&rsquo;immatriculation d&rsquo;un v\u00e9hicule hors d&rsquo;usage, un certificat de destruction est n\u00e9cessaire. Ce certificat de destruction atteste de l&rsquo;\u00e9limination correcte du v\u00e9hicule. Seules les entreprises de d\u00e9montage certifi\u00e9es, les centres de collecte certifi\u00e9s et autoris\u00e9s ou les centres de reprise d\u00e9sign\u00e9s par le constructeur sont autoris\u00e9s \u00e0 d\u00e9livrer ce certificat de destruction.<\/p>\n<h3>POINTS DE COLLECTE<\/h3>\n<p>Afin de permettre aux clients d&rsquo;\u00e9liminer facilement leur v\u00e9hicule hors d&rsquo;usage, Daimler Truck AG entretient un r\u00e9seau \u00e9tendu de points de collecte qui reprennent gratuitement l&rsquo;ancien v\u00e9hicule. Les entreprises de d\u00e9montage li\u00e9es par contrat sont certifi\u00e9es par des experts ind\u00e9pendants conform\u00e9ment \u00e0 l&rsquo;ordonnance sur les v\u00e9hicules hors d&rsquo;usage et remplissent toutes les exigences l\u00e9gales. De plus, ils sont audit\u00e9s et contr\u00f4l\u00e9s selon les crit\u00e8res de qualit\u00e9 de Daimler Truck AG.<\/p>\n<p>Les clients qui souhaitent restituer gratuitement leur VHU FUSO peuvent contacter l&rsquo;op\u00e9rateur de r\u00e9seau de reprise comp\u00e9tent en la mati\u00e8re, Callparts Recycling GmbH, au num\u00e9ro suivant : 033233 70-911 (joignable du lundi au jeudi de 8h00 \u00e0 16h30 et le vendredi de 8h00 \u00e0 15h00).<\/p>\n<h3>\u00c9VALUATION<\/h3>\n<p>Tout d&rsquo;abord, le v\u00e9hicule est ass\u00e9ch\u00e9 comme il se doit, en retirant tous les liquides de fonctionnement (comme l&rsquo;huile, le liquide de frein) du v\u00e9hicule et en les recyclant. Ensuite, les pi\u00e8ces r\u00e9utilisables et les mat\u00e9riaux recyclables sont d\u00e9mont\u00e9s. Ces mat\u00e9riaux, tels que le verre, les pneus et les grandes pi\u00e8ces en plastique, sont trait\u00e9s dans des fili\u00e8res de recyclage distinctes. Le reste de la carrosserie est d\u00e9chiquet\u00e9 et s\u00e9par\u00e9 en diff\u00e9rentes fractions qui sont ensuite r\u00e9introduites autant que possible dans le cycle des mat\u00e9riaux.<\/p>\n<h3>PROTECTION DE L&rsquo;ENVIRONNEMENT<\/h3>\n<p>R\u00e9utiliser plus, c&rsquo;est \u00e9liminer moins. La protection de l&rsquo;environnement fait partie des objectifs essentiels de l&rsquo;entreprise Daimler Truck AG. Cela signifie une utilisation \u00e9conome des ressources naturelles. D\u00e8s la conception des v\u00e9hicules, une construction respectueuse de l&rsquo;environnement et du recyclage rev\u00eat une grande importance. L&rsquo;utilisation de mat\u00e9riaux purs pour les pare-chocs et les rev\u00eatements de bas de caisse en est un bon exemple. Ceux-ci permettent un d\u00e9montage facile et un recyclage des mat\u00e9riaux de haute qualit\u00e9. En outre, des mati\u00e8res premi\u00e8res renouvelables telles que les fibres de coco ou le sisal sont utilis\u00e9es. Les avantages sont \u00e9vidents : respect de l&rsquo;environnement et recyclage. Dans ses lignes directrices environnementales, Daimler Truck AG s&rsquo;engage \u00e0 am\u00e9liorer en permanence la compatibilit\u00e9 environnementale de ses produits. Ce crit\u00e8re sert d&rsquo;orientation quotidienne pour continuer \u00e0 optimiser le bilan environnemental des v\u00e9hicules.<\/p>\n\n                    <\/div>\n                <\/div>\n        <\/div>\n        <div class=\"fusoeurope-collapsible__button\">\n            <button type=\"button\">\n                <span class=\"fusoeurope-collapsible__button__more\">\n                    <span>PLUS D'ANNONCES<\/span>\n                    <i class=\"icon-chevron-down\"><\/i>\n                <\/span>\n                <span class=\"fusoeurope-collapsible__button__less\">\n                    <span>AFFICHER MOINS<\/span>\n                    <i class=\"icon-chevron-up\"><\/i>\n                <\/span>\n            <\/button>\n        <\/div>\n    <\/div>\n[\/vc_column][\/vc_row]<\/p>\n<\/div>","protected":false},"excerpt":{"rendered":"<\/p>\n","protected":false},"author":44,"featured_media":0,"parent":0,"menu_order":0,"comment_status":"closed","ping_status":"closed","template":"templates\/template-default-hero.php","meta":{"_acf_changed":false,"footnotes":""},"class_list":["post-21137","page","type-page","status-publish","hentry"],"acf":[],"yoast_head":"<!-- This site is optimized with the Yoast SEO plugin v27.5 - https:\/\/yoast.com\/product\/yoast-seo-wordpress\/ -->\n<title>FUSO \u2013 Services<\/title>\n<meta name=\"description\" content=\"Services de FUSO \u2713 FUSO Financement \u2713 FUSO Location \u2713 FUSO Assurances \u2713 Offres attractives de la banque Mercedes-Benz \u2713\" \/>\n<meta name=\"robots\" content=\"index, follow, max-snippet:-1, max-image-preview:large, max-video-preview:-1\" \/>\n<link rel=\"canonical\" href=\"https:\/\/www.fuso-trucks.be\/fr\/services\/\" \/>\n<meta property=\"og:locale\" content=\"fr_FR\" \/>\n<meta property=\"og:type\" content=\"article\" \/>\n<meta property=\"og:title\" content=\"FUSO \u2013 Services\" \/>\n<meta property=\"og:description\" content=\"Services de FUSO \u2713 FUSO Financement \u2713 FUSO Location \u2713 FUSO Assurances \u2713 Offres attractives de la banque Mercedes-Benz \u2713\" \/>\n<meta property=\"og:url\" content=\"https:\/\/www.fuso-trucks.be\/fr\/services\/\" \/>\n<meta property=\"og:site_name\" content=\"FUSO Trucks BE\" \/>\n<meta property=\"article:modified_time\" content=\"2023-04-05T11:16:11+00:00\" \/>\n<meta name=\"twitter:card\" content=\"summary_large_image\" \/>\n<meta name=\"twitter:label1\" content=\"Dur\u00e9e de lecture est.\" \/>\n\t<meta name=\"twitter:data1\" content=\"7 minutes\" \/>\n<script type=\"application\/ld+json\" class=\"yoast-schema-graph\">{\"@context\":\"https:\\\/\\\/schema.org\",\"@graph\":[{\"@type\":\"WebPage\",\"@id\":\"https:\\\/\\\/www.fuso-trucks.be\\\/fr\\\/services\\\/\",\"url\":\"https:\\\/\\\/www.fuso-trucks.be\\\/fr\\\/services\\\/\",\"name\":\"FUSO \u2013 Services\",\"isPartOf\":{\"@id\":\"https:\\\/\\\/www.fuso-trucks.be\\\/fr\\\/#website\"},\"datePublished\":\"2022-10-21T14:18:57+00:00\",\"dateModified\":\"2023-04-05T11:16:11+00:00\",\"description\":\"Services de FUSO \u2713 FUSO Financement \u2713 FUSO Location \u2713 FUSO Assurances \u2713 Offres attractives de la banque Mercedes-Benz \u2713\",\"breadcrumb\":{\"@id\":\"https:\\\/\\\/www.fuso-trucks.be\\\/fr\\\/services\\\/#breadcrumb\"},\"inLanguage\":\"fr-BE\",\"potentialAction\":[{\"@type\":\"ReadAction\",\"target\":[\"https:\\\/\\\/www.fuso-trucks.be\\\/fr\\\/services\\\/\"]}]},{\"@type\":\"BreadcrumbList\",\"@id\":\"https:\\\/\\\/www.fuso-trucks.be\\\/fr\\\/services\\\/#breadcrumb\",\"itemListElement\":[{\"@type\":\"ListItem\",\"position\":1,\"name\":\"Home\",\"item\":\"https:\\\/\\\/www.fuso-trucks.be\\\/fr\\\/\"},{\"@type\":\"ListItem\",\"position\":2,\"name\":\"SERVICES\"}]},{\"@type\":\"WebSite\",\"@id\":\"https:\\\/\\\/www.fuso-trucks.be\\\/fr\\\/#website\",\"url\":\"https:\\\/\\\/www.fuso-trucks.be\\\/fr\\\/\",\"name\":\"FUSO Trucks BE\",\"description\":\"\",\"potentialAction\":[{\"@type\":\"SearchAction\",\"target\":{\"@type\":\"EntryPoint\",\"urlTemplate\":\"https:\\\/\\\/www.fuso-trucks.be\\\/fr\\\/?s={search_term_string}\"},\"query-input\":{\"@type\":\"PropertyValueSpecification\",\"valueRequired\":true,\"valueName\":\"search_term_string\"}}],\"inLanguage\":\"fr-BE\"}]}<\/script>\n<!-- \/ Yoast SEO plugin. -->","yoast_head_json":{"title":"FUSO \u2013 Services","description":"Services de FUSO \u2713 FUSO Financement \u2713 FUSO Location \u2713 FUSO Assurances \u2713 Offres attractives de la banque Mercedes-Benz \u2713","robots":{"index":"index","follow":"follow","max-snippet":"max-snippet:-1","max-image-preview":"max-image-preview:large","max-video-preview":"max-video-preview:-1"},"canonical":"https:\/\/www.fuso-trucks.be\/fr\/services\/","og_locale":"fr_FR","og_type":"article","og_title":"FUSO \u2013 Services","og_description":"Services de FUSO \u2713 FUSO Financement \u2713 FUSO Location \u2713 FUSO Assurances \u2713 Offres attractives de la banque Mercedes-Benz \u2713","og_url":"https:\/\/www.fuso-trucks.be\/fr\/services\/","og_site_name":"FUSO Trucks BE","article_modified_time":"2023-04-05T11:16:11+00:00","twitter_card":"summary_large_image","twitter_misc":{"Dur\u00e9e de lecture est.":"7 minutes"},"schema":{"@context":"https:\/\/schema.org","@graph":[{"@type":"WebPage","@id":"https:\/\/www.fuso-trucks.be\/fr\/services\/","url":"https:\/\/www.fuso-trucks.be\/fr\/services\/","name":"FUSO \u2013 Services","isPartOf":{"@id":"https:\/\/www.fuso-trucks.be\/fr\/#website"},"datePublished":"2022-10-21T14:18:57+00:00","dateModified":"2023-04-05T11:16:11+00:00","description":"Services de FUSO \u2713 FUSO Financement \u2713 FUSO Location \u2713 FUSO Assurances \u2713 Offres attractives de la banque Mercedes-Benz \u2713","breadcrumb":{"@id":"https:\/\/www.fuso-trucks.be\/fr\/services\/#breadcrumb"},"inLanguage":"fr-BE","potentialAction":[{"@type":"ReadAction","target":["https:\/\/www.fuso-trucks.be\/fr\/services\/"]}]},{"@type":"BreadcrumbList","@id":"https:\/\/www.fuso-trucks.be\/fr\/services\/#breadcrumb","itemListElement":[{"@type":"ListItem","position":1,"name":"Home","item":"https:\/\/www.fuso-trucks.be\/fr\/"},{"@type":"ListItem","position":2,"name":"SERVICES"}]},{"@type":"WebSite","@id":"https:\/\/www.fuso-trucks.be\/fr\/#website","url":"https:\/\/www.fuso-trucks.be\/fr\/","name":"FUSO Trucks BE","description":"","potentialAction":[{"@type":"SearchAction","target":{"@type":"EntryPoint","urlTemplate":"https:\/\/www.fuso-trucks.be\/fr\/?s={search_term_string}"},"query-input":{"@type":"PropertyValueSpecification","valueRequired":true,"valueName":"search_term_string"}}],"inLanguage":"fr-BE"}]}},"_links":{"self":[{"href":"https:\/\/www.fuso-trucks.be\/fr\/wp-json\/wp\/v2\/pages\/21137","targetHints":{"allow":["GET"]}}],"collection":[{"href":"https:\/\/www.fuso-trucks.be\/fr\/wp-json\/wp\/v2\/pages"}],"about":[{"href":"https:\/\/www.fuso-trucks.be\/fr\/wp-json\/wp\/v2\/types\/page"}],"author":[{"embeddable":true,"href":"https:\/\/www.fuso-trucks.be\/fr\/wp-json\/wp\/v2\/users\/44"}],"replies":[{"embeddable":true,"href":"https:\/\/www.fuso-trucks.be\/fr\/wp-json\/wp\/v2\/comments?post=21137"}],"version-history":[{"count":17,"href":"https:\/\/www.fuso-trucks.be\/fr\/wp-json\/wp\/v2\/pages\/21137\/revisions"}],"predecessor-version":[{"id":27728,"href":"https:\/\/www.fuso-trucks.be\/fr\/wp-json\/wp\/v2\/pages\/21137\/revisions\/27728"}],"wp:attachment":[{"href":"https:\/\/www.fuso-trucks.be\/fr\/wp-json\/wp\/v2\/media?parent=21137"}],"curies":[{"name":"wp","href":"https:\/\/api.w.org\/{rel}","templated":true}]}}