{"id":21146,"date":"2022-10-21T16:46:06","date_gmt":"2022-10-21T14:46:06","guid":{"rendered":"https:\/\/ch.fuso-trucks.de\/services\/leasing\/"},"modified":"2022-10-26T11:10:58","modified_gmt":"2022-10-26T09:10:58","slug":"leasing","status":"publish","type":"page","link":"https:\/\/www.fuso-trucks.be\/fr\/services\/leasing\/","title":{"rendered":"LEASING"},"content":{"rendered":"<div class=\"wpb-content-wrapper\"><p>[vc_row][vc_column][vc_column_text el_class=\u00a0\u00bbbigger centered\u00a0\u00bb]<\/p>\n<h2 style=\"text-align: center\"><b>UNE LOCATION \u00c0 MOITI\u00c9 PRIX. LE FUSO LEASING.<\/b><\/h2>\n<p>[\/vc_column_text][\/vc_column][\/vc_row][vc_row][vc_column]\n                <div class=\"fusoeurope-text-image wpb_content_element  item--image--left \" >\n                    <div class=\"item item--image\">\n                        <img decoding=\"async\" class=\"layout-none\" src=\"https:\/\/www.fuso-trucks.be\/wp-content\/uploads\/sites\/22\/2022\/08\/dienst_ls_leasing-klassisch.png\" alt=\"\" \/>\n                    <\/div>\n                    <div class=\"item item--text wpb_text_column\">\n                        <h2>LEASING CLASSIQUE.<\/h2>\n<h3>UTILISATION TEMPORAIRE.<\/h3>\n<p>Avec le leasing, le client ne paie pour son FUSO Canter que ce qu&rsquo;il utilise effectivement pendant la dur\u00e9e convenue du contrat et dans le cadre du kilom\u00e9trage fix\u00e9 dans le contrat. C&rsquo;est doublement avantageux : les conditions propos\u00e9es par le groupe Daimler Truck Financial Services sont attrayantes et les mensualit\u00e9s de leasing sont g\u00e9n\u00e9ralement d\u00e9ductibles des imp\u00f4ts en tant que d\u00e9pense d&rsquo;exploitation en cas d&rsquo;utilisation professionnelle du FUSO Canter. A l&rsquo;expiration du contrat, le client restitue simplement le FUSO Canter \u00e0 son concessionnaire \u00e0 la valeur r\u00e9siduelle garantie &#8211; et passe \u00e0 un nouveau mod\u00e8le s&rsquo;il le souhaite.<\/p>\n\n                    <\/div>\n                <\/div>[\/vc_column][\/vc_row][vc_row][vc_column]\n                <div class=\"fusoeurope-text-image wpb_content_element  item--image--right \" >\n                    <div class=\"item item--image\">\n                        <img decoding=\"async\" class=\"layout-none\" src=\"https:\/\/www.fuso-trucks.be\/wp-content\/uploads\/sites\/22\/2022\/08\/dienst_ls_leasing-service.png\" alt=\"\" \/>\n                    <\/div>\n                    <div class=\"item item--text wpb_text_column\">\n                        <h2>CHARTERWAY SERVICELEASING.<\/h2>\n<h3>LEASING ET SERVICE EN UN SEUL CONTRAT.<\/h3>\n<p>Pr\u00e9server le capital et les capacit\u00e9s avec un seul contrat &#8211; CharterWay ServiceLeasing combine les avantages de deux produits, \u00e0 savoir le leasing et les services. Les mensualit\u00e9s couvrent non seulement l&rsquo;utilisation du v\u00e9hicule, mais aussi les prestations de service souhait\u00e9es. V\u00e9hicule, service et gestion au choix, y compris la couverture GAP &#8211; le tout pour un prix mensuel fixe. Les clients peuvent ainsi r\u00e9gler l&rsquo;essentiel des co\u00fbts de leur parc automobile tout en faisant des \u00e9conomies.<\/p>\n\n                    <\/div>\n                <\/div>\n                <div class=\"fusoeurope-text-image wpb_content_element  item--image--top \" >\n                    <div class=\"item item--text wpb_text_column\">\n                        \n                    <\/div>\n                <\/div>[\/vc_column][\/vc_row][vc_row][vc_column]\n                <div class=\"fusoeurope-text-image wpb_content_element  item--image--left \" >\n                    <div class=\"item item--image\">\n                        <img decoding=\"async\" class=\"layout-cover\" src=\"https:\/\/www.fuso-trucks.be\/wp-content\/uploads\/sites\/22\/2022\/08\/branch_km_galerie-4.jpg\" alt=\"\" \/>\n                    <\/div>\n                    <div class=\"item item--text wpb_text_column\">\n                        <h2>LEASING COMMUNAL.<\/h2>\n<h3>PARC D&rsquo;ALIMENTATION SUR MESURE.<\/h3>\n<p>Les budgets communaux sont souvent serr\u00e9s. Le leasing communal du groupe Daimler Truck Financial Services offre donc une alternative r\u00e9ussie \u00e0 l&rsquo;achat. Quelles que soient les t\u00e2ches pour lesquelles le FUSO Canter polyvalent est utilis\u00e9, les clients ne paient que pour l&rsquo;utilisation du v\u00e9hicule de leasing pendant la dur\u00e9e du contrat. Avec un \u00e9change r\u00e9gulier de v\u00e9hicules \u00e0 la fin du contrat, les communes peuvent ainsi toujours disposer d&rsquo;un parc de v\u00e9hicules r\u00e9pondant \u00e0 leurs exigences actuelles et dot\u00e9 de la technologie automobile la plus moderne.<\/p>\n\n                    <\/div>\n                <\/div>[\/vc_column][\/vc_row][vc_row][vc_column]\n                <div class=\"fusoeurope-text-image wpb_content_element  item--image--right \" >\n                    <div class=\"item item--image\">\n                        <img decoding=\"async\" class=\"layout-cover\" src=\"https:\/\/www.fuso-trucks.be\/wp-content\/uploads\/sites\/22\/2022\/08\/dienst_ls_gap-unterdeckungsschutz.jpg\" alt=\"\" \/>\n                    <\/div>\n                    <div class=\"item item--text wpb_text_column\">\n                        <h2>PROTECTION CONTRE LES D\u00c9COUVERTS GAP.<\/h2>\n<h3><b>INCLUS DANS TOUS LES PRODUITS DE LEASING.<\/b><\/h3>\n<p>Le groupe Daimler Truck Financial Services couvre le risque GAP sans suppl\u00e9ment de prix pour ses clients en cas de vol ou de dommage total \u00e9conomiquement reconnu pour tous les contrats de leasing et de leasing service CharterWay.<\/p>\n<p>Par GAP, on entend la lacune (en anglais \u00ab\u00a0gap\u00a0\u00bb) qui peut appara\u00eetre entre la valeur de d\u00e9compte du contrat de leasing et le remboursement de la prestation d&rsquo;assurance en cas d&rsquo;obligation d&rsquo;intervention de l&rsquo;assurance casco. Gr\u00e2ce \u00e0 la protection int\u00e9gr\u00e9e contre la sous-couverture, les clients peuvent profiter des avantages du leasing en toute s\u00e9r\u00e9nit\u00e9.<\/p>\n\n                    <\/div>\n                <\/div>[\/vc_column][\/vc_row][vc_row][vc_column]\n    <div class=\"wpb_content_element tiles fusoeurope-tiles\" ><div class=\"wpb_text_column\">\n            <ul class=\"tiles__list no_slick flex-2\">\n                <li class=\"wpb_content_element  bg--grey tiles__list__element\" ><div class=\"tiles__list__element__image\"><a href=\"https:\/\/www.fuso-trucks.be\/fr\/services\/assurance\/\"><img decoding=\"async\" class=\"layout-cover\" src=\"https:\/\/www.fuso-trucks.be\/wp-content\/uploads\/sites\/22\/2022\/08\/dienst_versicherung.jpg\" alt=\"\" \/><\/a><\/div><div class=\"tiles__list__element__text wpb_text_column\"><h3 class=\"tiles__list__element__subtitle\">POUR DES RAISONS.<br \/>\nL'ASSURANCE FUSO.<\/h3><div class=\"tiles__list__element__description\"><p>Le FUSO Canter convainc en mati\u00e8re de s\u00e9curit\u00e9. Mais il n&rsquo;en reste pas moins que mieux vaut pr\u00e9venir que gu\u00e9rir. Avec l&rsquo;assurance poids lourds, les clients FUSO misent en tout cas sur un produit dont l&rsquo;\u00e9tendue des prestations est \u00e9galement convaincante. Le conseil sur les produits et la vente sont assur\u00e9s par les concessionnaires FUSO.<\/p>\n<\/div>\n                <div class=\"tiles__list__element__link-container\">\n                    <a href=\"https:\/\/www.fuso-trucks.be\/fr\/services\/assurance\/\" class=\"tiles__list__element__link\">EN SAVOIR PLUS<\/a>\n                <\/div><\/div><\/li><li class=\"wpb_content_element  bg--grey tiles__list__element\" ><div class=\"tiles__list__element__image\"><a href=\"https:\/\/www.fuso-trucks.be\/fr\/services\/financement\/\"><img decoding=\"async\" class=\"layout-cover\" src=\"https:\/\/www.fuso-trucks.be\/wp-content\/uploads\/sites\/22\/2022\/08\/dienst_finanzierung.jpg\" alt=\"\" \/><\/a><\/div><div class=\"tiles__list__element__text wpb_text_column\"><h3 class=\"tiles__list__element__subtitle\">UNE BONNE AFFAIRE.<br \/>\nLES FINANCEMENTS FUSO.<\/h3><div class=\"tiles__list__element__description\"><p>Le groupe Daimler Truck Financial Services comprend les besoins de ses clients et propose pour le FUSO Canter des alternatives int\u00e9ressantes \u00e0 l&rsquo;achat au comptant. Les clients peuvent obtenir des conseils d\u00e9taill\u00e9s sur les diff\u00e9rents produits de financement et l&rsquo;\u00e9tablissement d&rsquo;une offre individuelle aupr\u00e8s de leur concessionnaire FUSO.<\/p>\n<\/div>\n                <div class=\"tiles__list__element__link-container\">\n                    <a href=\"https:\/\/www.fuso-trucks.be\/fr\/services\/financement\/\" class=\"tiles__list__element__link\">EN SAVOIR PLUS<\/a>\n                <\/div><\/div><\/li>\n            <\/ul>\n        <\/div>\n    <\/div>\n[\/vc_column][\/vc_row]<\/p>\n<\/div>","protected":false},"excerpt":{"rendered":"<\/p>\n","protected":false},"author":41,"featured_media":0,"parent":21137,"menu_order":0,"comment_status":"closed","ping_status":"closed","template":"templates\/template-default-hero.php","meta":{"_acf_changed":false,"footnotes":""},"class_list":["post-21146","page","type-page","status-publish","hentry"],"acf":[],"yoast_head":"<!-- This site is optimized with the Yoast SEO plugin v27.3 - https:\/\/yoast.com\/product\/yoast-seo-wordpress\/ -->\n<title>FUSO \u2013 Leasing<\/title>\n<meta name=\"description\" content=\"Services de FUSO \u2713 FUSO Leasing \u2713 FUSO Canter \u00e0 terme \u2713 Passez \u00e0 un nouveau mod\u00e8le \u00e0 la fin de votre contrat \u2713 \u25b6\ufe0e D\u00e9couvrez maintenant notre leasing flexible !\" \/>\n<meta name=\"robots\" content=\"index, follow, max-snippet:-1, max-image-preview:large, max-video-preview:-1\" \/>\n<link rel=\"canonical\" href=\"https:\/\/www.fuso-trucks.be\/fr\/services\/leasing\/\" \/>\n<meta property=\"og:locale\" content=\"fr_FR\" \/>\n<meta property=\"og:type\" content=\"article\" \/>\n<meta property=\"og:title\" content=\"FUSO \u2013 Leasing\" \/>\n<meta property=\"og:description\" content=\"Services de FUSO \u2713 FUSO Leasing \u2713 FUSO Canter \u00e0 terme \u2713 Passez \u00e0 un nouveau mod\u00e8le \u00e0 la fin de votre contrat \u2713 \u25b6\ufe0e D\u00e9couvrez maintenant notre leasing flexible !\" \/>\n<meta property=\"og:url\" content=\"https:\/\/www.fuso-trucks.be\/fr\/services\/leasing\/\" \/>\n<meta property=\"og:site_name\" content=\"FUSO Trucks BE\" \/>\n<meta property=\"article:modified_time\" content=\"2022-10-26T09:10:58+00:00\" \/>\n<meta name=\"twitter:card\" content=\"summary_large_image\" \/>\n<meta name=\"twitter:label1\" content=\"Dur\u00e9e de lecture est.\" \/>\n\t<meta name=\"twitter:data1\" content=\"4 minutes\" \/>\n<script type=\"application\/ld+json\" class=\"yoast-schema-graph\">{\"@context\":\"https:\\\/\\\/schema.org\",\"@graph\":[{\"@type\":\"WebPage\",\"@id\":\"https:\\\/\\\/www.fuso-trucks.be\\\/fr\\\/services\\\/leasing\\\/\",\"url\":\"https:\\\/\\\/www.fuso-trucks.be\\\/fr\\\/services\\\/leasing\\\/\",\"name\":\"FUSO \u2013 Leasing\",\"isPartOf\":{\"@id\":\"https:\\\/\\\/www.fuso-trucks.be\\\/fr\\\/#website\"},\"datePublished\":\"2022-10-21T14:46:06+00:00\",\"dateModified\":\"2022-10-26T09:10:58+00:00\",\"description\":\"Services de FUSO \u2713 FUSO Leasing \u2713 FUSO Canter \u00e0 terme \u2713 Passez \u00e0 un nouveau mod\u00e8le \u00e0 la fin de votre contrat \u2713 \u25b6\ufe0e D\u00e9couvrez maintenant notre leasing flexible !\",\"breadcrumb\":{\"@id\":\"https:\\\/\\\/www.fuso-trucks.be\\\/fr\\\/services\\\/leasing\\\/#breadcrumb\"},\"inLanguage\":\"fr-BE\",\"potentialAction\":[{\"@type\":\"ReadAction\",\"target\":[\"https:\\\/\\\/www.fuso-trucks.be\\\/fr\\\/services\\\/leasing\\\/\"]}]},{\"@type\":\"BreadcrumbList\",\"@id\":\"https:\\\/\\\/www.fuso-trucks.be\\\/fr\\\/services\\\/leasing\\\/#breadcrumb\",\"itemListElement\":[{\"@type\":\"ListItem\",\"position\":1,\"name\":\"Home\",\"item\":\"https:\\\/\\\/www.fuso-trucks.be\\\/fr\\\/\"},{\"@type\":\"ListItem\",\"position\":2,\"name\":\"SERVICES\",\"item\":\"https:\\\/\\\/www.fuso-trucks.be\\\/fr\\\/services\\\/\"},{\"@type\":\"ListItem\",\"position\":3,\"name\":\"LEASING\"}]},{\"@type\":\"WebSite\",\"@id\":\"https:\\\/\\\/www.fuso-trucks.be\\\/fr\\\/#website\",\"url\":\"https:\\\/\\\/www.fuso-trucks.be\\\/fr\\\/\",\"name\":\"FUSO Trucks BE\",\"description\":\"\",\"potentialAction\":[{\"@type\":\"SearchAction\",\"target\":{\"@type\":\"EntryPoint\",\"urlTemplate\":\"https:\\\/\\\/www.fuso-trucks.be\\\/fr\\\/?s={search_term_string}\"},\"query-input\":{\"@type\":\"PropertyValueSpecification\",\"valueRequired\":true,\"valueName\":\"search_term_string\"}}],\"inLanguage\":\"fr-BE\"}]}<\/script>\n<!-- \/ Yoast SEO plugin. -->","yoast_head_json":{"title":"FUSO \u2013 Leasing","description":"Services de FUSO \u2713 FUSO Leasing \u2713 FUSO Canter \u00e0 terme \u2713 Passez \u00e0 un nouveau mod\u00e8le \u00e0 la fin de votre contrat \u2713 \u25b6\ufe0e D\u00e9couvrez maintenant notre leasing flexible !","robots":{"index":"index","follow":"follow","max-snippet":"max-snippet:-1","max-image-preview":"max-image-preview:large","max-video-preview":"max-video-preview:-1"},"canonical":"https:\/\/www.fuso-trucks.be\/fr\/services\/leasing\/","og_locale":"fr_FR","og_type":"article","og_title":"FUSO \u2013 Leasing","og_description":"Services de FUSO \u2713 FUSO Leasing \u2713 FUSO Canter \u00e0 terme \u2713 Passez \u00e0 un nouveau mod\u00e8le \u00e0 la fin de votre contrat \u2713 \u25b6\ufe0e D\u00e9couvrez maintenant notre leasing flexible !","og_url":"https:\/\/www.fuso-trucks.be\/fr\/services\/leasing\/","og_site_name":"FUSO Trucks BE","article_modified_time":"2022-10-26T09:10:58+00:00","twitter_card":"summary_large_image","twitter_misc":{"Dur\u00e9e de lecture est.":"4 minutes"},"schema":{"@context":"https:\/\/schema.org","@graph":[{"@type":"WebPage","@id":"https:\/\/www.fuso-trucks.be\/fr\/services\/leasing\/","url":"https:\/\/www.fuso-trucks.be\/fr\/services\/leasing\/","name":"FUSO \u2013 Leasing","isPartOf":{"@id":"https:\/\/www.fuso-trucks.be\/fr\/#website"},"datePublished":"2022-10-21T14:46:06+00:00","dateModified":"2022-10-26T09:10:58+00:00","description":"Services de FUSO \u2713 FUSO Leasing \u2713 FUSO Canter \u00e0 terme \u2713 Passez \u00e0 un nouveau mod\u00e8le \u00e0 la fin de votre contrat \u2713 \u25b6\ufe0e D\u00e9couvrez maintenant notre leasing flexible !","breadcrumb":{"@id":"https:\/\/www.fuso-trucks.be\/fr\/services\/leasing\/#breadcrumb"},"inLanguage":"fr-BE","potentialAction":[{"@type":"ReadAction","target":["https:\/\/www.fuso-trucks.be\/fr\/services\/leasing\/"]}]},{"@type":"BreadcrumbList","@id":"https:\/\/www.fuso-trucks.be\/fr\/services\/leasing\/#breadcrumb","itemListElement":[{"@type":"ListItem","position":1,"name":"Home","item":"https:\/\/www.fuso-trucks.be\/fr\/"},{"@type":"ListItem","position":2,"name":"SERVICES","item":"https:\/\/www.fuso-trucks.be\/fr\/services\/"},{"@type":"ListItem","position":3,"name":"LEASING"}]},{"@type":"WebSite","@id":"https:\/\/www.fuso-trucks.be\/fr\/#website","url":"https:\/\/www.fuso-trucks.be\/fr\/","name":"FUSO Trucks BE","description":"","potentialAction":[{"@type":"SearchAction","target":{"@type":"EntryPoint","urlTemplate":"https:\/\/www.fuso-trucks.be\/fr\/?s={search_term_string}"},"query-input":{"@type":"PropertyValueSpecification","valueRequired":true,"valueName":"search_term_string"}}],"inLanguage":"fr-BE"}]}},"_links":{"self":[{"href":"https:\/\/www.fuso-trucks.be\/fr\/wp-json\/wp\/v2\/pages\/21146","targetHints":{"allow":["GET"]}}],"collection":[{"href":"https:\/\/www.fuso-trucks.be\/fr\/wp-json\/wp\/v2\/pages"}],"about":[{"href":"https:\/\/www.fuso-trucks.be\/fr\/wp-json\/wp\/v2\/types\/page"}],"author":[{"embeddable":true,"href":"https:\/\/www.fuso-trucks.be\/fr\/wp-json\/wp\/v2\/users\/41"}],"replies":[{"embeddable":true,"href":"https:\/\/www.fuso-trucks.be\/fr\/wp-json\/wp\/v2\/comments?post=21146"}],"version-history":[{"count":4,"href":"https:\/\/www.fuso-trucks.be\/fr\/wp-json\/wp\/v2\/pages\/21146\/revisions"}],"predecessor-version":[{"id":21533,"href":"https:\/\/www.fuso-trucks.be\/fr\/wp-json\/wp\/v2\/pages\/21146\/revisions\/21533"}],"up":[{"embeddable":true,"href":"https:\/\/www.fuso-trucks.be\/fr\/wp-json\/wp\/v2\/pages\/21137"}],"wp:attachment":[{"href":"https:\/\/www.fuso-trucks.be\/fr\/wp-json\/wp\/v2\/media?parent=21146"}],"curies":[{"name":"wp","href":"https:\/\/api.w.org\/{rel}","templated":true}]}}