{"id":21430,"date":"2022-10-25T17:01:53","date_gmt":"2022-10-25T15:01:53","guid":{"rendered":"https:\/\/ch.fuso-trucks.de\/presse-infos\/"},"modified":"2024-10-22T12:13:12","modified_gmt":"2024-10-22T10:13:12","slug":"presse-infos","status":"publish","type":"page","link":"https:\/\/www.fuso-trucks.be\/fr\/presse-infos\/","title":{"rendered":"Presse &amp; infos"},"content":{"rendered":"<div class=\"wpb-content-wrapper\"><p>[vc_row][vc_column]\n                <div class=\"fusoeurope-text-image wpb_content_element  item--image--top  bigger centered\" >\n                    <div class=\"item item--text wpb_text_column\">\n                        <h2 style=\"text-align: center;\">EN CONTACT. LE CANTER VOUS SALUE.<\/h2>\n\n                    <\/div>\n                <\/div>[\/vc_column][\/vc_row][vc_row][vc_column]\n                <div class=\"fusoeurope-text-image wpb_content_element  item--image--top \" >\n                    <div class=\"item item--text wpb_text_column\">\n                        <h2>TOUS LES D\u00c9TAILS.<br \/>\nLES INFORMATIONS SUR LE PRODUIT CANTER.<\/h2>\n<p>Brochures, d\u00e9pliants, fiches techniques et plus encore &#8211; dans la zone de t\u00e9l\u00e9chargement, vous trouverez toutes les informations concernant le Canter et l&rsquo;eCanter.<\/p>\n\n                    <\/div>\n                <\/div>\n                <section class=\"wpb_content_element  pdf\" >\n                    \n                    <div class=\"pdf__list\">\n                        <div class=\"wpb_content_element  pdf__list__element\" ><div class=\"pdf__list__element__thepicture\" style=\"background-image: url(https:\/\/www.fuso-trucks.be\/wp-content\/uploads\/sites\/22\/2022\/10\/eCanter_Flyer_DE-700x494.png)\"><\/div><div class=\"pdf__list__element__content\"><div class=\"pdf__list__element__name\"><h3>eCANTER FLYER<\/h3><\/div><div class=\"pdf__list__element__description\"><p><\/p><\/div><div class=\"pdf__list__element__button-container\"><a href=\"https:\/\/www.fuso-trucks.be\/wp-content\/uploads\/sites\/22\/2024\/02\/FR_BROCHURE-NEXT-GENERATION-eCANTER.pdf\" class=\"pdf__list__element__button\" target=\"_blank\">Aper\u00e7u<i class=\"icon-preview\"><\/i><\/a><a href=\"https:\/\/www.fuso-trucks.be\/wp-content\/uploads\/sites\/22\/2024\/02\/FR_BROCHURE-NEXT-GENERATION-eCANTER.pdf\" download class=\"pdf__list__element__button no-lightbox\" target=\"_blank\">T\u00e9l\u00e9charger<i class=\"icon-download\"><\/i><\/a><\/div><\/div><\/div><div class=\"wpb_content_element  pdf__list__element\" ><div class=\"pdf__list__element__thepicture\" style=\"background-image: url(https:\/\/www.fuso-trucks.be\/wp-content\/uploads\/sites\/22\/2022\/09\/FUSO_Hannover_22c38590_small_crop-700x422.jpg)\"><\/div><div class=\"pdf__list__element__content\"><div class=\"pdf__list__element__name\"><h3>TECHNICAL DATA SHEETS eCANTER<\/h3><\/div><div class=\"pdf__list__element__description\"><p><\/p><\/div><div class=\"pdf__list__element__button-container\"><a href=\"https:\/\/www.fuso-trucks.be\/wp-content\/uploads\/sites\/22\/2024\/10\/FR_eCANTER_TECHNICAL-DATA-SHEETS.pdf\" class=\"pdf__list__element__button\" target=\"_blank\">Aper\u00e7u<i class=\"icon-preview\"><\/i><\/a><a href=\"https:\/\/www.fuso-trucks.be\/wp-content\/uploads\/sites\/22\/2024\/10\/FR_eCANTER_TECHNICAL-DATA-SHEETS.pdf\" download class=\"pdf__list__element__button no-lightbox\" target=\"_blank\">T\u00e9l\u00e9charger<i class=\"icon-download\"><\/i><\/a><\/div><\/div><\/div><div class=\"wpb_content_element  pdf__list__element\" ><div class=\"pdf__list__element__thepicture\" style=\"background-image: url(https:\/\/www.fuso-trucks.be\/wp-content\/uploads\/sites\/22\/2023\/02\/TD_Canter_2022_IT_220909.png)\"><\/div><div class=\"pdf__list__element__content\"><div class=\"pdf__list__element__name\"><h3>TECHNICAL DATA SHEETS CANTER<\/h3><\/div><div class=\"pdf__list__element__description\"><p><\/p><\/div><div class=\"pdf__list__element__button-container\"><a href=\"https:\/\/www.fuso-trucks.be\/wp-content\/uploads\/sites\/22\/2024\/10\/FR_CANTER_TECHNICAL-DATA-SHEETS.pdf\" class=\"pdf__list__element__button\" target=\"_blank\">Aper\u00e7u<i class=\"icon-preview\"><\/i><\/a><a href=\"https:\/\/www.fuso-trucks.be\/wp-content\/uploads\/sites\/22\/2024\/10\/FR_CANTER_TECHNICAL-DATA-SHEETS.pdf\" download class=\"pdf__list__element__button no-lightbox\" target=\"_blank\">T\u00e9l\u00e9charger<i class=\"icon-download\"><\/i><\/a><\/div><\/div><\/div><div class=\"wpb_content_element  pdf__list__element\" ><div class=\"pdf__list__element__thepicture\" style=\"background-image: url(https:\/\/www.fuso-trucks.be\/wp-content\/uploads\/sites\/22\/2022\/08\/Screenshot-2022-08-22-153620-700x502.png)\"><\/div><div class=\"pdf__list__element__content\"><div class=\"pdf__list__element__name\"><h3>THE NEW CANTER<\/h3><\/div><div class=\"pdf__list__element__description\"><p><\/p><\/div><div class=\"pdf__list__element__button-container\"><a href=\"https:\/\/www.fuso-trucks.be\/wp-content\/uploads\/sites\/22\/2022\/08\/210804_TheNewCanter_Broschure_EN-1.pdf\" class=\"pdf__list__element__button\" target=\"_blank\">Aper\u00e7u<i class=\"icon-preview\"><\/i><\/a><a href=\"https:\/\/www.fuso-trucks.be\/wp-content\/uploads\/sites\/22\/2022\/08\/210804_TheNewCanter_Broschure_EN-1.pdf\" download class=\"pdf__list__element__button no-lightbox\" target=\"_blank\">T\u00e9l\u00e9charger<i class=\"icon-download\"><\/i><\/a><\/div><\/div><\/div><div class=\"wpb_content_element  pdf__list__element\" ><div class=\"pdf__list__element__thepicture\" style=\"background-image: url(https:\/\/www.fuso-trucks.be\/wp-content\/uploads\/sites\/22\/2022\/06\/D769663-700x467.jpg)\"><\/div><div class=\"pdf__list__element__content\"><div class=\"pdf__list__element__name\"><h3>REACH COMPLIANCE DECLARATION<\/h3><\/div><div class=\"pdf__list__element__description\"><p><\/p><\/div><div class=\"pdf__list__element__button-container\"><a href=\"https:\/\/www.fuso-trucks.be\/wp-content\/uploads\/sites\/22\/2022\/08\/REACH_COMPLIANCE_DECLARATION_Year2020.pdf\" class=\"pdf__list__element__button\" target=\"_blank\">Aper\u00e7u<i class=\"icon-preview\"><\/i><\/a><a href=\"https:\/\/www.fuso-trucks.be\/wp-content\/uploads\/sites\/22\/2022\/08\/REACH_COMPLIANCE_DECLARATION_Year2020.pdf\" download class=\"pdf__list__element__button no-lightbox\" target=\"_blank\">T\u00e9l\u00e9charger<i class=\"icon-download\"><\/i><\/a><\/div><\/div><\/div><div class=\"wpb_content_element  pdf__list__element\" ><div class=\"pdf__list__element__thepicture\" style=\"background-image: url(https:\/\/www.fuso-trucks.be\/wp-content\/uploads\/sites\/22\/2022\/08\/branch_bg_galerie-4-700x466.jpg)\"><\/div><div class=\"pdf__list__element__content\"><div class=\"pdf__list__element__name\"><h3>FUSO CANTER TIRE LABELS<\/h3><\/div><div class=\"pdf__list__element__description\"><p><\/p><\/div><div class=\"pdf__list__element__button-container\"><a href=\"https:\/\/www.fuso-trucks.be\/wp-content\/uploads\/sites\/22\/2022\/08\/FUSO_Canter_Tire_Labels.pdf\" class=\"pdf__list__element__button\" target=\"_blank\">Aper\u00e7u<i class=\"icon-preview\"><\/i><\/a><a href=\"https:\/\/www.fuso-trucks.be\/wp-content\/uploads\/sites\/22\/2022\/08\/FUSO_Canter_Tire_Labels.pdf\" download class=\"pdf__list__element__button no-lightbox\" target=\"_blank\">T\u00e9l\u00e9charger<i class=\"icon-download\"><\/i><\/a><\/div><\/div><\/div><div class=\"wpb_content_element  pdf__list__element\" ><div class=\"pdf__list__element__thepicture\" style=\"background-image: url(https:\/\/www.fuso-trucks.be\/wp-content\/uploads\/sites\/22\/2022\/08\/Screenshot-2022-08-22-153802.png)\"><\/div><div class=\"pdf__list__element__content\"><div class=\"pdf__list__element__name\"><h3>FUSO VALUE PARTS<\/h3><\/div><div class=\"pdf__list__element__description\"><p><\/p><\/div><div class=\"pdf__list__element__button-container\"><a href=\"https:\/\/www.fuso-trucks.be\/wp-content\/uploads\/sites\/22\/2022\/09\/FUSO_Value_Parts_Catalogue_01.2019_EN.pdf\" class=\"pdf__list__element__button\" target=\"_blank\">Aper\u00e7u<i class=\"icon-preview\"><\/i><\/a><a href=\"https:\/\/www.fuso-trucks.be\/wp-content\/uploads\/sites\/22\/2022\/09\/FUSO_Value_Parts_Catalogue_01.2019_EN.pdf\" download class=\"pdf__list__element__button no-lightbox\" target=\"_blank\">T\u00e9l\u00e9charger<i class=\"icon-download\"><\/i><\/a><\/div><\/div><\/div>\n                    <\/div>\n                    \n                    <div class=\"pdf__pagination\">\n                        <div class=\"pdf__pagination__nav pdf__pagination__nav--left\"><i class=\"icon-chevron-left\"><\/i><\/div>\n                        <div class=\"pdf__pagination__text\">\n                            <span class=\"pdf__pagination--from\">0<\/span>\n                            <span>-<\/span>\n                            <span class=\"pdf__pagination--to\">0<\/span>\n                            <span>de<\/span>\n                            <span class=\"pdf__pagination--total\">0<\/span>\n                            <span>Fichiers<\/span>\n                        <\/div>\n                            \n                        <div class=\"pdf__pagination__nav pdf__pagination__nav--right\"><i class=\"icon-chevron-right\"><\/i><\/div>\n                    <\/div>\n                <\/section>\n                [\/vc_column][\/vc_row][vc_row][vc_column]\n                <div class=\"fusoeurope-text-image wpb_content_element bg--grey item--image--top \" >\n                    <div class=\"item item--image\">\n                        <img decoding=\"async\" class=\"layout-cover\" src=\"https:\/\/www.fuso-trucks.be\/wp-content\/uploads\/sites\/22\/2022\/08\/pi_aktuelle-nachrichten.jpg\" alt=\"\" \/>\n                    <\/div>\n                    <div class=\"item item--text wpb_text_column\">\n                        <h2>LES DERNI\u00c8RES NOUVELLES.<br \/>\nLES COMMUNIQU\u00c9S DE PRESSE FUSO.<\/h2>\n<p>Textes, photos et interlocuteurs &#8211; les communiqu\u00e9s de presse sur tous les th\u00e8mes importants concernant la marque FUSO et les produits Canter et eCanter sont archiv\u00e9s dans la newsroom officielle de Daimler Truck.<\/p>\n\n                        <div class=\"link-container link-as-button\">\n                            <a href=\"https:\/\/www.daimlertruck.com\/newsroom\/en\/\" class=\"read_more_button\">EN SAVOIR PLUS<\/a>\n                        <\/div>\n                    <\/div>\n                <\/div>[\/vc_column][\/vc_row][vc_row][vc_column]\n                <div class=\"fusoeurope-text-image wpb_content_element  item--image--top \" >\n                    <div class=\"item item--text wpb_text_column\">\n                        <h2 class=\"styles__Root-sc-15iyh5a-0 ezamoy sc-bwzfXH ilZGwB styles__Root-sc-1myek4t-0 llcYES\">BEAUCOUP D&rsquo;HISTOIRES.<br \/>\nLE BLOG CANTER.<\/h2>\n<p>Tout tourne autour du Canter &#8211; avec des informations int\u00e9ressantes, des aper\u00e7us passionnants et des histoires divertissantes sur le v\u00e9hicule, la technique et les hommes.<\/p>\n<p>#readytowork #canterstory #canterlife #canteratwork<\/p>\n\n                    <\/div>\n                <\/div>\n    <div class=\"fusoeurope-blog-preview wpb_content_element \" >\n        <div class=\"fusoeurope-blog-preview__row\">           \n            <div class=\"fusoeurope-blog-preview__row-top\">\n                <div class=\"fusoeurope-blog-preview__col-left fusoeurope-blog-preview__col-5\"> \n            <div class=\"fusoeurope-blog-preview__container no-hover\"><a href=\"https:\/\/www.fuso-trucks.be\/fr\/blog\/services-publics\/\" title=\"Utilisation communale\">\n                <div class=\"fusoeurope-blog-preview__container__inner \">\n                    <div class=\"fusoeurope-blog-preview__frontsite\">\n                        <div class=\"image\">\n                            <img decoding=\"async\" src=\"https:\/\/www.fuso-trucks.be\/wp-content\/uploads\/sites\/22\/2022\/06\/NEU-1-1-1400x998.jpg\" alt=\"\" \/>\n                        <\/div>     \n                        <h3 class=\"fusoeurope-blog-preview__label\">LES SERVICES PUBLICS. LES SERVICES TECHNIQUES DE CONSTANCE MISENT SUR LA FLEXIBILIT\u00c9 DU FUSO CANTER.<\/h3>\n                    <\/div>   \n                    <div class=\"fusoeurope-blog-preview__backsite fusoeurope-blog-preview__description\"><\/div>   \n                <\/div><\/a>\n            <\/div><\/div>\n                <div class=\"fusoeurope-blog-preview__col-right fusoeurope-blog-preview__col-7\"> \n            <div class=\"fusoeurope-blog-preview__container no-hover\"><a href=\"https:\/\/www.fuso-trucks.be\/fr\/blog\/dernier-kilometre\/\" title=\"Aller \u00e0 l&#039;article\">\n                <div class=\"fusoeurope-blog-preview__container__inner \">\n                    <div class=\"fusoeurope-blog-preview__frontsite\">\n                        <div class=\"image\">\n                            <img decoding=\"async\" src=\"https:\/\/www.fuso-trucks.be\/wp-content\/uploads\/sites\/22\/2022\/06\/NEU-2-1400x879.jpg\" alt=\"\" \/>\n                        <\/div>     \n                        <h3 class=\"fusoeurope-blog-preview__label\">DERNI\u00c8RE LIGNE. POSTNL D\u00c9VELOPPE UNE LOGISTIQUE CITOYENNE SANS \u00c9MISSION AVEC FUSO eCANTER.<\/h3>\n                    <\/div>   \n                    <div class=\"fusoeurope-blog-preview__backsite fusoeurope-blog-preview__description\"><\/div>   \n                <\/div><\/a>\n            <\/div><\/div>\n            <\/div>\n            <div class=\"fusoeurope-blog-preview__row-center\">\n                <div class=\"fusoeurope-blog-preview__col-left fusoeurope-blog-preview__col-7\"> \n            <div class=\"fusoeurope-blog-preview__container no-hover\"><a href=\"https:\/\/www.fuso-trucks.be\/fr\/blog\/boite-a-biere-durable\/\" title=\"Aller \u00e0 l&#039;article\">\n                <div class=\"fusoeurope-blog-preview__container__inner \">\n                    <div class=\"fusoeurope-blog-preview__frontsite\">\n                        <div class=\"image\">\n                            <img decoding=\"async\" src=\"https:\/\/www.fuso-trucks.be\/wp-content\/uploads\/sites\/22\/2022\/06\/NEU-1-2-1400x932.jpg\" alt=\"\" \/>\n                        <\/div>     \n                        <h3 class=\"fusoeurope-blog-preview__label\">BO\u00ceTE \u00c0 BI\u00c8RE DURABLE. LE FUSO eCANTER COMME TRANSPORT SP\u00c9CIAL POUR LES BRASSEURS HEINEKEN.<\/h3>\n                    <\/div>   \n                    <div class=\"fusoeurope-blog-preview__backsite fusoeurope-blog-preview__description\"><\/div>   \n                <\/div><\/a>\n            <\/div><\/div>\n                <div class=\"fusoeurope-blog-preview__col-right fusoeurope-blog-preview__col-5\"> \n            <div class=\"fusoeurope-blog-preview__container no-hover\"><a href=\"https:\/\/www.fuso-trucks.be\/fr\/blog\/lavenir-des-aujourdhui\/\" title=\"Aller \u00e0 l&#039;article\">\n                <div class=\"fusoeurope-blog-preview__container__inner \">\n                    <div class=\"fusoeurope-blog-preview__frontsite\">\n                        <div class=\"image\">\n                            <img decoding=\"async\" src=\"https:\/\/www.fuso-trucks.be\/wp-content\/uploads\/sites\/22\/2022\/04\/DSC8204-e1654676725279-1400x815.jpg\" alt=\"\" \/>\n                        <\/div>     \n                        <h3 class=\"fusoeurope-blog-preview__label\">L'AVENIR D\u00c8S AUJOURD'HUI. PREMIERS eCANTERS ENTI\u00c8REMENT \u00c9LECTRIQUES POUR LES LOGISTIQUES DHL, DB SCHENKER, RHENUS ET DACHSER.<\/h3>\n                    <\/div>   \n                    <div class=\"fusoeurope-blog-preview__backsite fusoeurope-blog-preview__description\"><\/div>   \n                <\/div><\/a>\n            <\/div><\/div>\n            <\/div>\n            <div class=\"fusoeurope-blog-preview__row-bottom\">\n                <div class=\"fusoeurope-blog-preview__col-left fusoeurope-blog-preview__col-5\"> \n            <div class=\"fusoeurope-blog-preview__container no-hover\"><a href=\"https:\/\/www.fuso-trucks.be\/fr\/blog\/pouce-vert-vers-le-haut\/\" title=\"Aller \u00e0 l&#039;article\">\n                <div class=\"fusoeurope-blog-preview__container__inner \">\n                    <div class=\"fusoeurope-blog-preview__frontsite\">\n                        <div class=\"image\">\n                            <img decoding=\"async\" src=\"https:\/\/www.fuso-trucks.be\/wp-content\/uploads\/sites\/22\/2022\/06\/neu_landschaft-1400x851.jpg\" alt=\"\" \/>\n                        <\/div>     \n                        <h3 class=\"fusoeurope-blog-preview__label\">POUCE VERT VERS LE HAUT. LE FUSO CANTER CONVAINC LES PROFESSIONNELS DE LA GALABAU DE LA SOCI\u00c9T\u00c9 SCHELLHEIMER GMBH.<\/h3>\n                    <\/div>   \n                    <div class=\"fusoeurope-blog-preview__backsite fusoeurope-blog-preview__description\"><\/div>   \n                <\/div><\/a>\n            <\/div><\/div>\n                <div class=\"fusoeurope-blog-preview__col-right fusoeurope-blog-preview__col-7\"> \n            <div class=\"fusoeurope-blog-preview__container no-hover\"><a href=\"https:\/\/www.fuso-trucks.be\/fr\/blog\/le-canter-en-detail\/\" title=\"PLUS PR\u00c9CIS\u00c9MENT. FUSO EUROPE ET LE CANTER EN D\u00c9TAIL\">\n                <div class=\"fusoeurope-blog-preview__container__inner \">\n                    <div class=\"fusoeurope-blog-preview__frontsite\">\n                        <div class=\"image\">\n                            <img decoding=\"async\" src=\"https:\/\/www.fuso-trucks.be\/wp-content\/uploads\/sites\/22\/2022\/09\/blog_genau_genommen.jpg\" alt=\"\" \/>\n                        <\/div>     \n                        <h3 class=\"fusoeurope-blog-preview__label\">PLUS PR\u00c9CIS\u00c9MENT. FUSO EUROPE ET LE CANTER EN D\u00c9TAIL<\/h3>\n                    <\/div>   \n                    <div class=\"fusoeurope-blog-preview__backsite fusoeurope-blog-preview__description\"><\/div>   \n                <\/div><\/a>\n            <\/div><\/div>\n            <\/div>\n        <\/div>\n    <\/div>\n                <div class=\"fusoeurope-button wpb_content_element \" >\n                <div class=\"link-container\">\n                    <a href=\"https:\/\/www.fuso-trucks.be\/fr\/blog\/\">CLIQUEZ ICI POUR ACC\u00c9DER AU BLOG DE CANTER<\/a>\n                <\/div>\n    <\/div>[\/vc_column][\/vc_row][vc_row][vc_column]\n                <div class=\"fusoeurope-text-image wpb_content_element bg--grey item--image--top \" >\n                    <div class=\"item item--image\">\n                        <img decoding=\"async\" class=\"layout-cover\" src=\"https:\/\/www.fuso-trucks.be\/wp-content\/uploads\/sites\/22\/2022\/08\/pi_bewegte-bilder.jpg\" alt=\"\" \/>\n                    <\/div>\n                    <div class=\"item item--text wpb_text_column\">\n                        <h2>DES IMAGES QUI BOUGENT.<br \/>\nLA CHA\u00ceNE FUSO EUROPE YOUTUBE.<\/h2>\n<p>Vid\u00e9os informatives et divertissantes sur l&rsquo;univers international de FUSO Trucks Europe.<\/p>\n\n                        <div class=\"link-container link-as-button\">\n                            <a href=\"https:\/\/www.youtube.com\/channel\/UCzih_LJRk795E7Tr6BgP1gg\" class=\"read_more_button\">EN SAVOIR PLUS<\/a>\n                        <\/div>\n                    <\/div>\n                <\/div>[\/vc_column][\/vc_row]<\/p>\n<\/div>","protected":false},"excerpt":{"rendered":"<\/p>\n","protected":false},"author":44,"featured_media":0,"parent":0,"menu_order":0,"comment_status":"closed","ping_status":"closed","template":"templates\/template-default-hero.php","meta":{"_acf_changed":false,"footnotes":""},"class_list":["post-21430","page","type-page","status-publish","hentry"],"acf":[],"yoast_head":"<!-- This site is optimized with the Yoast SEO plugin v27.3 - https:\/\/yoast.com\/product\/yoast-seo-wordpress\/ -->\n<title>FUSO \u2013 Presse et informations<\/title>\n<meta name=\"description\" content=\"FUSO Presse &amp; Portail d&#039;information \u2713 Derni\u00e8res nouvelles \u2713 Informations sur les produits \u2713 Portail de t\u00e9l\u00e9chargement \u25b6\ufe0e En savoir plus maintenant\" \/>\n<meta name=\"robots\" content=\"index, follow, max-snippet:-1, max-image-preview:large, max-video-preview:-1\" \/>\n<link rel=\"canonical\" href=\"https:\/\/www.fuso-trucks.be\/fr\/presse-infos\/\" \/>\n<meta property=\"og:locale\" content=\"fr_FR\" \/>\n<meta property=\"og:type\" content=\"article\" \/>\n<meta property=\"og:title\" content=\"FUSO \u2013 Presse et informations\" \/>\n<meta property=\"og:description\" content=\"FUSO Presse &amp; Portail d&#039;information \u2713 Derni\u00e8res nouvelles \u2713 Informations sur les produits \u2713 Portail de t\u00e9l\u00e9chargement \u25b6\ufe0e En savoir plus maintenant\" \/>\n<meta property=\"og:url\" content=\"https:\/\/www.fuso-trucks.be\/fr\/presse-infos\/\" \/>\n<meta property=\"og:site_name\" content=\"FUSO Trucks BE\" \/>\n<meta property=\"article:modified_time\" content=\"2024-10-22T10:13:12+00:00\" \/>\n<meta name=\"twitter:card\" content=\"summary_large_image\" \/>\n<meta name=\"twitter:label1\" content=\"Dur\u00e9e de lecture est.\" \/>\n\t<meta name=\"twitter:data1\" content=\"5 minutes\" \/>\n<script type=\"application\/ld+json\" class=\"yoast-schema-graph\">{\"@context\":\"https:\\\/\\\/schema.org\",\"@graph\":[{\"@type\":\"WebPage\",\"@id\":\"https:\\\/\\\/www.fuso-trucks.be\\\/fr\\\/presse-infos\\\/\",\"url\":\"https:\\\/\\\/www.fuso-trucks.be\\\/fr\\\/presse-infos\\\/\",\"name\":\"FUSO \u2013 Presse et informations\",\"isPartOf\":{\"@id\":\"https:\\\/\\\/www.fuso-trucks.be\\\/fr\\\/#website\"},\"datePublished\":\"2022-10-25T15:01:53+00:00\",\"dateModified\":\"2024-10-22T10:13:12+00:00\",\"description\":\"FUSO Presse & Portail d'information \u2713 Derni\u00e8res nouvelles \u2713 Informations sur les produits \u2713 Portail de t\u00e9l\u00e9chargement \u25b6\ufe0e En savoir plus maintenant\",\"breadcrumb\":{\"@id\":\"https:\\\/\\\/www.fuso-trucks.be\\\/fr\\\/presse-infos\\\/#breadcrumb\"},\"inLanguage\":\"fr-BE\",\"potentialAction\":[{\"@type\":\"ReadAction\",\"target\":[\"https:\\\/\\\/www.fuso-trucks.be\\\/fr\\\/presse-infos\\\/\"]}]},{\"@type\":\"BreadcrumbList\",\"@id\":\"https:\\\/\\\/www.fuso-trucks.be\\\/fr\\\/presse-infos\\\/#breadcrumb\",\"itemListElement\":[{\"@type\":\"ListItem\",\"position\":1,\"name\":\"Home\",\"item\":\"https:\\\/\\\/www.fuso-trucks.be\\\/fr\\\/\"},{\"@type\":\"ListItem\",\"position\":2,\"name\":\"Presse &amp; infos\"}]},{\"@type\":\"WebSite\",\"@id\":\"https:\\\/\\\/www.fuso-trucks.be\\\/fr\\\/#website\",\"url\":\"https:\\\/\\\/www.fuso-trucks.be\\\/fr\\\/\",\"name\":\"FUSO Trucks BE\",\"description\":\"\",\"potentialAction\":[{\"@type\":\"SearchAction\",\"target\":{\"@type\":\"EntryPoint\",\"urlTemplate\":\"https:\\\/\\\/www.fuso-trucks.be\\\/fr\\\/?s={search_term_string}\"},\"query-input\":{\"@type\":\"PropertyValueSpecification\",\"valueRequired\":true,\"valueName\":\"search_term_string\"}}],\"inLanguage\":\"fr-BE\"}]}<\/script>\n<!-- \/ Yoast SEO plugin. -->","yoast_head_json":{"title":"FUSO \u2013 Presse et informations","description":"FUSO Presse & Portail d'information \u2713 Derni\u00e8res nouvelles \u2713 Informations sur les produits \u2713 Portail de t\u00e9l\u00e9chargement \u25b6\ufe0e En savoir plus maintenant","robots":{"index":"index","follow":"follow","max-snippet":"max-snippet:-1","max-image-preview":"max-image-preview:large","max-video-preview":"max-video-preview:-1"},"canonical":"https:\/\/www.fuso-trucks.be\/fr\/presse-infos\/","og_locale":"fr_FR","og_type":"article","og_title":"FUSO \u2013 Presse et informations","og_description":"FUSO Presse & Portail d'information \u2713 Derni\u00e8res nouvelles \u2713 Informations sur les produits \u2713 Portail de t\u00e9l\u00e9chargement \u25b6\ufe0e En savoir plus maintenant","og_url":"https:\/\/www.fuso-trucks.be\/fr\/presse-infos\/","og_site_name":"FUSO Trucks BE","article_modified_time":"2024-10-22T10:13:12+00:00","twitter_card":"summary_large_image","twitter_misc":{"Dur\u00e9e de lecture est.":"5 minutes"},"schema":{"@context":"https:\/\/schema.org","@graph":[{"@type":"WebPage","@id":"https:\/\/www.fuso-trucks.be\/fr\/presse-infos\/","url":"https:\/\/www.fuso-trucks.be\/fr\/presse-infos\/","name":"FUSO \u2013 Presse et informations","isPartOf":{"@id":"https:\/\/www.fuso-trucks.be\/fr\/#website"},"datePublished":"2022-10-25T15:01:53+00:00","dateModified":"2024-10-22T10:13:12+00:00","description":"FUSO Presse & Portail d'information \u2713 Derni\u00e8res nouvelles \u2713 Informations sur les produits \u2713 Portail de t\u00e9l\u00e9chargement \u25b6\ufe0e En savoir plus maintenant","breadcrumb":{"@id":"https:\/\/www.fuso-trucks.be\/fr\/presse-infos\/#breadcrumb"},"inLanguage":"fr-BE","potentialAction":[{"@type":"ReadAction","target":["https:\/\/www.fuso-trucks.be\/fr\/presse-infos\/"]}]},{"@type":"BreadcrumbList","@id":"https:\/\/www.fuso-trucks.be\/fr\/presse-infos\/#breadcrumb","itemListElement":[{"@type":"ListItem","position":1,"name":"Home","item":"https:\/\/www.fuso-trucks.be\/fr\/"},{"@type":"ListItem","position":2,"name":"Presse &amp; infos"}]},{"@type":"WebSite","@id":"https:\/\/www.fuso-trucks.be\/fr\/#website","url":"https:\/\/www.fuso-trucks.be\/fr\/","name":"FUSO Trucks BE","description":"","potentialAction":[{"@type":"SearchAction","target":{"@type":"EntryPoint","urlTemplate":"https:\/\/www.fuso-trucks.be\/fr\/?s={search_term_string}"},"query-input":{"@type":"PropertyValueSpecification","valueRequired":true,"valueName":"search_term_string"}}],"inLanguage":"fr-BE"}]}},"_links":{"self":[{"href":"https:\/\/www.fuso-trucks.be\/fr\/wp-json\/wp\/v2\/pages\/21430","targetHints":{"allow":["GET"]}}],"collection":[{"href":"https:\/\/www.fuso-trucks.be\/fr\/wp-json\/wp\/v2\/pages"}],"about":[{"href":"https:\/\/www.fuso-trucks.be\/fr\/wp-json\/wp\/v2\/types\/page"}],"author":[{"embeddable":true,"href":"https:\/\/www.fuso-trucks.be\/fr\/wp-json\/wp\/v2\/users\/44"}],"replies":[{"embeddable":true,"href":"https:\/\/www.fuso-trucks.be\/fr\/wp-json\/wp\/v2\/comments?post=21430"}],"version-history":[{"count":20,"href":"https:\/\/www.fuso-trucks.be\/fr\/wp-json\/wp\/v2\/pages\/21430\/revisions"}],"predecessor-version":[{"id":28087,"href":"https:\/\/www.fuso-trucks.be\/fr\/wp-json\/wp\/v2\/pages\/21430\/revisions\/28087"}],"wp:attachment":[{"href":"https:\/\/www.fuso-trucks.be\/fr\/wp-json\/wp\/v2\/media?parent=21430"}],"curies":[{"name":"wp","href":"https:\/\/api.w.org\/{rel}","templated":true}]}}