{"id":21476,"date":"2022-10-26T09:10:27","date_gmt":"2022-10-26T07:10:27","guid":{"rendered":"https:\/\/ch.fuso-trucks.de\/distributeurs\/"},"modified":"2022-10-26T09:51:28","modified_gmt":"2022-10-26T07:51:28","slug":"distributeurs","status":"publish","type":"page","link":"https:\/\/www.fuso-trucks.be\/fr\/distributeurs\/","title":{"rendered":"Distributeurs"},"content":{"rendered":"<div class=\"wpb-content-wrapper\"><p>[vc_row full_width=\u00a0\u00bbstretch_row\u00a0\u00bb el_class=\u00a0\u00bbdealermap\u00a0\u00bb][vc_column][vc_column_text]<\/p>\n<h2>PREMI\u00c8RE ADRESSE.<br \/>\nLE R\u00c9SEAU DE CONCESSIONNAIRES ET D&rsquo;ATELIERS CANTER.<\/h2>\n<p>Le FUSO Canter est un produit de Daimler Truck AG et est disponible dans 32 pays europ\u00e9ens.<br \/>\nDans toute l&rsquo;Europe, plus de 800 points d&rsquo;appui du r\u00e9seau de service Mercedes-Benz proposent des conseils,<br \/>\nla vente, l&rsquo;entretien et la r\u00e9paration de tous les services relatifs au Canter dans la plus grande qualit\u00e9.[\/vc_column_text][vc_column_text]\r\n            \r\n            \r\n            \r\n            <a name='map1'><\/a>\r\n            <div class='wpgmza-marker-listing-category-filter' data-map-id='1' id='wpgmza_filter_1' style='text-align:left; margin-bottom:0px;'><span>Filter by<\/span><select mid=\"1\" id=\"wpgmza_filter_select\" name=\"wpgmza_filter_select\"><option value=\"0\">All \u00e8 Tous<\/option><option value=\"1\">&nbsp;Sales Canter<\/option><option value=\"5\">&nbsp;Sales eCanter<\/option><option value=\"2\">&nbsp;Service Canter<\/option><option value=\"4\">&nbsp;Service eCanter<\/option><\/select><\/div>\r\n            \r\n            <div class=\"wpgmza-store-locator wpgmza_sl_main_div\" data-id=\"1\">\r\n\t<div class=\"wpgmza-address-container wpgmza-form-field wpgmza_sl_query_div\">\r\n\t\t<label class=\"wpgmza-address wpgmza-form-field__label wpgmza-form-field__label--float\" data-name=\"addressLabel\" for=\"addressInput_1\">ZIP \/ Address:<\/label>\r\n\t\t<input class=\"wpgmza-address addressInput\" type=\"text\" placeholder=\"Entrez un lieu\" autocomplete=\"off\" data-name=\"defaultAddress\" value=\"\" id=\"addressInput_1\" size=\"20\" aria-label=\"ZIP \/ Address:\">\r\n\t<\/div>\r\n\t\r\n\t<div class=\"wpgmza-radius-container wpgmza-form-field wpgmza_sl_radius_div wpgmza-clearfix\">\r\n\t\t<label class=\"wpgmza-radius wpgmza-form-field__label wpgmza-form-field__label--float\" for=\"radiusSelect_1\">\r\n\t\t\tRadius:\t\t<\/label>\r\n\t\t<select class=\"wpgmza-radius wpgmza-form-field__input wpgmza_sl_radius_select\" id=\"radiusSelect_1\" aria-label=\"Radius:\"><option class=\"wpgmza-radius wpgmza_sl_select_option\" value=\"1\">1km<\/option><option class=\"wpgmza-radius wpgmza_sl_select_option\" value=\"5\">5km<\/option><option class=\"wpgmza-radius wpgmza_sl_select_option\" value=\"10\" selected>10km<\/option><option class=\"wpgmza-radius wpgmza_sl_select_option\" value=\"25\">25km<\/option><option class=\"wpgmza-radius wpgmza_sl_select_option\" value=\"50\">50km<\/option><option class=\"wpgmza-radius wpgmza_sl_select_option\" value=\"75\">75km<\/option><option class=\"wpgmza-radius wpgmza_sl_select_option\" value=\"100\">100km<\/option><option class=\"wpgmza-radius wpgmza_sl_select_option\" value=\"150\">150km<\/option><option class=\"wpgmza-radius wpgmza_sl_select_option\" value=\"200\">200km<\/option><option class=\"wpgmza-radius wpgmza_sl_select_option\" value=\"300\">300km<\/option><\/select>\r\n\t<\/div>\r\n\t\r\n\t<div class=\"wpgmza-search wpgmza_sl_search_button_div\"><input class=\"wpgmza-search wpgmza_sl_search_button_1\" value=\"Recherche\" type=\"button\" onclick=\"searchLocations(1)\" mid=\"1\"><\/div>\r\n\t\r\n\t<div class=\"wpgmza-reset wpgmza_sl_reset_button_div\">\r\n\t<input class=\"wpgmza-reset wpgmza_sl_reset_button_1\" type=\"button\" value=\"Reset\" mid=\"1\" onclick=\"resetLocations(1)\">\r\n<\/div><div class=\"wpgmza-no-results wpgmza-not-found-msg js-not-found-msg\" style=\"display: none;\">\r\n\t\t<p data-name=\"notFoundMessage\">No results found in this location. Please try again.<\/p>\r\n\t<\/div>\r\n<\/div>\r\n            \r\n            <div class=\"wpgmza_map \"  id=\"wpgmza_map_1\" style=\"display:block; overflow:auto; width:100%; height:600px; float:left;\" data-settings='{\"id\":\"1\",\"map_title\":\"Belgi\\u00eb\",\"map_width\":\"100\",\"map_height\":\"600\",\"map_start_lat\":\"50.57754375804764\",\"map_start_lng\":\"4.514311845543744\",\"map_start_location\":\"45.950464398418106,-109.81550500000003\",\"map_start_zoom\":\"7\",\"default_marker\":\"\",\"type\":\"1\",\"alignment\":\"4\",\"directions_enabled\":\"0\",\"styling_enabled\":\"0\",\"styling_json\":\"\",\"active\":\"0\",\"kml\":\"\",\"bicycle\":\"0\",\"traffic\":\"0\",\"dbox\":\"1\",\"dbox_width\":\"\",\"listmarkers\":\"0\",\"listmarkers_advanced\":\"0\",\"filterbycat\":\"1\",\"ugm_enabled\":\"0\",\"ugm_category_enabled\":\"0\",\"fusion\":\"\",\"map_width_type\":\"%\",\"map_height_type\":\"px\",\"mass_marker_support\":\"2\",\"ugm_access\":\"0\",\"order_markers_by\":\"7\",\"order_markers_choice\":\"1\",\"show_user_location\":\"0\",\"default_to\":\"\",\"other_settings\":{\"map_type\":1,\"sl_stroke_color\":\"#000000\",\"sl_fill_color\":\"#000000\",\"sl_stroke_opacity\":\"\",\"sl_fill_opacity\":\"\",\"transport_layer\":false,\"action\":\"wpgmza_save_map\",\"redirect_to\":\"\\\/wp-admin\\\/admin-post.php\",\"map_id\":\"1\",\"http_referer\":\"\\\/wp-admin\\\/admin.php?page=wp-google-maps-menu&amp;amp;action=edit&amp;amp;map_id=1\",\"wpgmza_id\":\"1\",\"wpgmza_start_location\":\"50.57754375804764,4.514311845543744\",\"wpgmza_start_zoom\":\"7\",\"store_locator_enabled\":true,\"store_locator_search_area\":\"radial\",\"wpgmza_store_locator_radius_style\":\"legacy\",\"wpgmza_store_locator_default_radius\":\"100\",\"store_locator_auto_area_max_zoom\":\"\",\"store_locator_distance\":false,\"wpgmza_store_locator_position\":false,\"store_locator_show_distance\":false,\"store_locator_category\":false,\"wpgmza_store_locator_use_their_location\":false,\"wpgmza_store_locator_bounce\":false,\"wpgmza_sl_animation\":\"0\",\"wpgmza_store_locator_hide_before_search\":false,\"store_locator_query_string\":\"\",\"store_locator_default_address\":\"\",\"store_locator_name_search\":false,\"store_locator_name_string\":\"\",\"store_locator_not_found_message\":\"\",\"wpgmza_map_align\":\"1\",\"jump_to_nearest_marker_on_initialization\":false,\"automatically_pan_to_users_location\":false,\"override_users_location_zoom_level\":false,\"override_users_location_zoom_levels\":\"\",\"show_distance_from_location\":false,\"map_max_zoom\":\"21\",\"map_min_zoom\":\"0\",\"click_open_link\":false,\"fit_maps_bounds_to_markers\":false,\"fit_maps_bounds_to_markers_after_filtering\":false,\"hide_point_of_interest\":true,\"wpgmza_zoom_on_marker_click\":false,\"wpgmza_zoom_on_marker_click_slider\":\"\",\"close_infowindow_on_map_click\":false,\"disable_lightbox_images\":false,\"use_Raw_Jpeg_Coordinates\":false,\"disable_polygon_info_windows\":false,\"enable_marker_ratings\":false,\"only_load_markers_within_viewport\":false,\"iw_primary_color\":\"#000000\",\"iw_accent_color\":\"#000000\",\"iw_text_color\":\"#000000\",\"wpgmza_listmarkers_by\":\"4\",\"wpgmza_marker_listing_position\":false,\"zoom_level_on_marker_listing_override\":false,\"zoom_level_on_marker_listing_click\":\"\",\"datatable_no_result_message\":\"\",\"remove_search_box_datables\":false,\"dataTable_pagination_style\":\"default\",\"datatable_search_string\":\"\",\"datatable_result_start\":\"\",\"datatable_result_of\":\"\",\"datatable_result_to\":\"\",\"datatable_result_total\":\"\",\"datatable_result_show\":\"\",\"datatable_result_entries\":\"\",\"wpgmza_savemap\":\"Save Map \\u00bb\",\"wpgmza_dbox_width_type\":\"%\",\"default_from\":\"\",\"directions_behaviour\":\"default\",\"force_google_directions_app\":false,\"directions_route_origin_icon\":\"https:\\\/\\\/wpint.fuso.meelogic.hosting\\\/wp-content\\\/plugins\\\/wp-google-maps\\\/images\\\/spotlight-poi2.png\",\"directions_origin_retina\":false,\"directions_route_destination_icon\":\"https:\\\/\\\/wpint.fuso.meelogic.hosting\\\/wp-content\\\/plugins\\\/wp-google-maps\\\/images\\\/spotlight-poi2.png\",\"directions_destination_retina\":false,\"directions_route_stroke_color\":\"#4f8df5\",\"directions_route_stroke_weight\":\"4\",\"directions_route_stroke_opacity\":\"0.8\",\"directions_fit_bounds_to_route\":false,\"wpgmza_store_locator_restrict\":\"\",\"upload_default_sl_marker\":\"\",\"upload_default_sl_marker_retina\":false,\"retina\":false,\"upload_default_ul_marker\":\"\",\"upload_default_ul_marker_retina\":false,\"enable_advanced_custom_fields_integration\":false,\"enable_toolset_woocommerce_integration\":false,\"shortcodeAttributes\":{\"id\":\"1\"},\"wpgmza_theme\":\"3\",\"wpgmza_theme_data\":\"[{\\\"featureType\\\":\\\"landscape.man_made\\\",\\\"elementType\\\":\\\"geometry\\\",\\\"stylers\\\":[{\\\"color\\\":\\\"#f7f1df\\\"}]},{\\\"featureType\\\":\\\"landscape.natural\\\",\\\"elementType\\\":\\\"geometry\\\",\\\"stylers\\\":[{\\\"color\\\":\\\"#d0e3b4\\\"}]},{\\\"featureType\\\":\\\"landscape.natural.terrain\\\",\\\"elementType\\\":\\\"geometry\\\",\\\"stylers\\\":[{\\\"visibility\\\":\\\"off\\\"}]},{\\\"featureType\\\":\\\"poi\\\",\\\"elementType\\\":\\\"labels\\\",\\\"stylers\\\":[{\\\"visibility\\\":\\\"off\\\"}]},{\\\"featureType\\\":\\\"poi.business\\\",\\\"elementType\\\":\\\"all\\\",\\\"stylers\\\":[{\\\"visibility\\\":\\\"off\\\"}]},{\\\"featureType\\\":\\\"poi.medical\\\",\\\"elementType\\\":\\\"geometry\\\",\\\"stylers\\\":[{\\\"color\\\":\\\"#fbd3da\\\"}]},{\\\"featureType\\\":\\\"poi.park\\\",\\\"elementType\\\":\\\"geometry\\\",\\\"stylers\\\":[{\\\"color\\\":\\\"#bde6ab\\\"}]},{\\\"featureType\\\":\\\"road\\\",\\\"elementType\\\":\\\"geometry.stroke\\\",\\\"stylers\\\":[{\\\"visibility\\\":\\\"off\\\"}]},{\\\"featureType\\\":\\\"road\\\",\\\"elementType\\\":\\\"labels\\\",\\\"stylers\\\":[{\\\"visibility\\\":\\\"off\\\"}]},{\\\"featureType\\\":\\\"road.highway\\\",\\\"elementType\\\":\\\"geometry.fill\\\",\\\"stylers\\\":[{\\\"color\\\":\\\"#ffe15f\\\"}]},{\\\"featureType\\\":\\\"road.highway\\\",\\\"elementType\\\":\\\"geometry.stroke\\\",\\\"stylers\\\":[{\\\"color\\\":\\\"#efd151\\\"}]},{\\\"featureType\\\":\\\"road.arterial\\\",\\\"elementType\\\":\\\"geometry.fill\\\",\\\"stylers\\\":[{\\\"color\\\":\\\"#ffffff\\\"}]},{\\\"featureType\\\":\\\"road.local\\\",\\\"elementType\\\":\\\"geometry.fill\\\",\\\"stylers\\\":[{\\\"color\\\":\\\"black\\\"}]},{\\\"featureType\\\":\\\"transit.station.airport\\\",\\\"elementType\\\":\\\"geometry.fill\\\",\\\"stylers\\\":[{\\\"color\\\":\\\"#cfb2db\\\"}]},{\\\"featureType\\\":\\\"water\\\",\\\"elementType\\\":\\\"geometry\\\",\\\"stylers\\\":[{\\\"color\\\":\\\"#a2daf2\\\"}]}]\",\"polygon_labels\":false,\"wpgmza_push_in_map\":true,\"wpgmza_push_in_map_placement\":\"4\",\"wpgmza_push_in_map_width\":\"30%\",\"wpgmza_push_in_map_height\":\"80%\",\"wpgmza_iw_type\":\"0\",\"marker_listing_component_anchor\":10,\"enable_advanced_custom_fields_integration_type\":\"\",\"enable_woo_product_integration\":false,\"store_locator_location_placeholder\":\"\",\"marker_listing_disable_zoom\":false,\"enable_filter_custom_field_1\":false,\"enable_filter_custom_field_2\":false,\"enable_filter_custom_field_3\":false,\"enable_marker_labels\":false,\"zoom_level_mobile_override_enabled\":false,\"zoom_level_mobile_override\":\"\"}}' data-map-id='1' data-shortcode-attributes='{\"id\":\"1\"}'> <\/div>\r\n            \r\n            <div data-wpgmza-table data-wpgmza-php-class=\"WPGMZA\\MarkerListing\\BasicList\" data-wpgmza-rest-api-route=\"\/marker-listing\/\" data-wpgmza-marker-listing=\"true\" class=\"wpgmza_marker_list_class\" style=\"width:100%;\" data-wpgmza-ajax-parameters='{\"map_id\":\"1\"}' id=\"wpgmza_marker_list_1\"><\/div>   \r\n        [\/vc_column_text][\/vc_column][\/vc_row][vc_row][vc_column]\n                <div class=\"fusoeurope-text-image wpb_content_element bg--grey item--image--right \" >\n                    <div class=\"item item--image\">\n                        <img decoding=\"async\" class=\"layout-cover\" src=\"https:\/\/www.fuso-trucks.be\/wp-content\/uploads\/sites\/22\/2022\/05\/hero_home-e1654258634413.png\" alt=\"Home-Mobile\" \/>\n                    <\/div>\n                    <div class=\"item item--text wpb_text_column\">\n                        <h3>INSPECTION OBLIGATOIRE.<br \/>\nCANTER TOP ENTRETENU.<\/h3>\n<p>Sur un Canter neuf, les travaux d&rsquo;entretien doivent \u00eatre effectu\u00e9s soit tous les 40.000 kilom\u00e8tres, soit au moins une fois par an, selon le cas qui se pr\u00e9sente en premier. Une visite \u00e0 l&rsquo;atelier permet de maintenir le Canter en pleine forme gr\u00e2ce \u00e0 un entretien professionnel &#8211; et ce, \u00e0 un prix raisonnable gr\u00e2ce aux pi\u00e8ces d&rsquo;origine FUSO. Le Canter est soumis \u00e0 une inspection approfondie et les r\u00e9parations n\u00e9cessaires font \u00e9galement partie du service apr\u00e8s-vente.<\/p>\n\n                    <\/div>\n                <\/div>[\/vc_column][\/vc_row][vc_row][vc_column]\n                <div class=\"fusoeurope-text-image wpb_content_element bg--grey item--image--left \" >\n                    <div class=\"item item--image\">\n                        <img decoding=\"async\" class=\"layout-cover\" src=\"https:\/\/www.fuso-trucks.be\/wp-content\/uploads\/sites\/22\/2022\/06\/7C18-7.5T-1400x933.jpg\" alt=\"\" \/>\n                    <\/div>\n                    <div class=\"item item--text wpb_text_column\">\n                        <h3>GARANTIE DU FABRICANT FUSO.<br \/>\nCANTER COUVERT PENDANT 3 ANS.<\/h3>\n<p>Le Canter est robuste &#8211; et ce pendant des ann\u00e9es. Gr\u00e2ce \u00e0 la peinture par immersion cataphor\u00e9tique de la cabine du conducteur, au cadre rev\u00eatu par poudre ainsi qu&rsquo;\u00e0 un traitement de conservation des cavit\u00e9s de haute qualit\u00e9, il poss\u00e8de une protection anticorrosion \u00e0 long terme de tr\u00e8s haut niveau. C&rsquo;est pourquoi FUSO accorde \u00e9galement une garantie sur v\u00e9hicule neuf (1) qui n&rsquo;a pas son pareil dans la concurrence europ\u00e9enne :<\/p>\n<ul>\n<li>3 ans de garantie sur v\u00e9hicule neuf.<\/li>\n<li>jusqu&rsquo;au 12e mois \u00e0 partir de la livraison, sans limitation de distance parcourue.**<\/li>\n<li>du 13e au 36e mois \u00e0 partir de la livraison, jusqu&rsquo;\u00e0 100.000 kilom\u00e8tres maximum.*\/**<\/li>\n<li>Pour tous les Canter de 3,5 t \u00e0 8,55 t.<\/li>\n<li>Sur le ch\u00e2ssis, la cha\u00eene cin\u00e9matique et pour les composants propos\u00e9s d\u00e9part usine.<\/li>\n<li>36 mois ou jusqu&rsquo;\u00e0 100.000 kilom\u00e8tres maximum pour les carrosseries d&rsquo;usine.<\/li>\n<\/ul>\n<p>&nbsp;<\/p>\n<p id=\"note1\"><sup>(1)<\/sup> Une liste d\u00e9taill\u00e9e des composants, ainsi que des indications sur la p\u00e9riode pendant laquelle les composants sont couverts par la garantie, peuvent \u00eatre consult\u00e9es dans le certificat de garantie du constructeur. Le certificat peut \u00eatre consult\u00e9 sur le portail ASCENT ou dans le manuel de service valable pour le v\u00e9hicule concern\u00e9.<\/p>\n<p id=\"note1\"><sup>*<\/sup>Apr\u00e8s les 12 premiers mois suivant la premi\u00e8re immatriculation, l&rsquo;option \u00ab\u00a0ou\u00a0\u00bb s&rsquo;applique, selon ce qui est atteint en premier.<\/p>\n<p id=\"note1\"><sup>**<\/sup>A l&rsquo;exception des r\u00e9parations d&rsquo;usure, des pi\u00e8ces d&rsquo;entretien et des volumes selon la liste du certificat de garantie du constructeur.<\/p>\n\n                    <\/div>\n                <\/div>[\/vc_column][\/vc_row][vc_row][vc_column]\n                <div class=\"fusoeurope-text-image wpb_content_element bg--grey item--image--right \" >\n                    <div class=\"item item--image\">\n                        <img decoding=\"async\" class=\"layout-cover\" src=\"https:\/\/www.fuso-trucks.be\/wp-content\/uploads\/sites\/22\/2022\/06\/D769663-1400x933.jpg\" alt=\"\" \/>\n                    <\/div>\n                    <div class=\"item item--text wpb_text_column\">\n                        <h3>SERVICE \u00c9CONOMIQUE.<br \/>\nCANTER AU MEILLEUR DE SA FORME.<\/h3>\n<p>Le service FUSO Economy est une offre sp\u00e9ciale pour les Canter un peu vieillissants. Il aide leurs propri\u00e9taires \u00e0 \u00e9viter des co\u00fbts inattendus, car ils connaissent d\u00e9j\u00e0 \u00e0 l&rsquo;avance le prix total de la r\u00e9paration.<\/p>\n<ul>\n<li>Travaux d&rsquo;atelier et services pr\u00e9d\u00e9finis, y compris pi\u00e8ces FUSO autoris\u00e9es, \u00e0 un prix fixe et attractif.<\/li>\n<li>Un service professionnel dans les ateliers FUSO avec les bons outils et les bonnes comp\u00e9tences techniques.<\/li>\n<li>Valable pour tous les Canter TD (EURO 3, 4, 5) et TB (Euro 3).<\/li>\n<\/ul>\n<p>&nbsp;<\/p>\n<p>Le service Economy est propos\u00e9 par les ateliers agr\u00e9\u00e9s FUSO &#8211; le meilleur choix pour l&rsquo;entretien et les r\u00e9parations.<\/p>\n\n                    <\/div>\n                <\/div>[\/vc_column][\/vc_row][vc_row][vc_column]\n    <div class=\"wpb_content_element tiles fusoeurope-tiles\" ><div class=\"wpb_text_column\"><h2 class=\"tiles__title\">PLUS D'INFORMATIONS. PLUS DE CANTER.<\/h2><\/div><div class=\"wpb_text_column\">\n            <ul class=\"tiles__list no_slick flex-3\">\n                [fusoeurope_linked_image_element title=\u00a0\u00bbBO\u00ceTE \u00c0 BI\u00c8RE DURABLE. LE FUSO eCANTER COMME TRANSPORT SP\u00c9CIAL POUR LES BRASSEURS HEINEKEN.\u00a0\u00bb image=\u00a0\u00bb13438&Prime; link=\u00a0\u00bburl:https%3A%2F%2Fwww.fuso-trucks.be%2Ffr%2Fblog%2Fboite-a-biere-durable%2F|title:EN%20SAVOIR%20PLUS|\u00a0\u00bb][fusoeurope_linked_image_element title=\u00a0\u00bbDERNI\u00c8RE LIGNE. POSTNL D\u00c9VELOPPE UNE LOGISTIQUE CITOYENNE SANS \u00c9MISSION AVEC FUSO eCANTER.\u00a0\u00bb image=\u00a0\u00bb13447&Prime; link=\u00a0\u00bburl:https%3A%2F%2Fwww.fuso-trucks.be%2Ffr%2Fblog%2Fdernier-kilometre%2F|title:EN%20SAVOIR%20PLUS|\u00a0\u00bb][fusoeurope_linked_image_element title=\u00a0\u00bbPREMIERS eCANTERS ENTI\u00c8REMENT \u00c9LECTRIQUES POUR LES LOGISTIQUES DHL, DB SCHENKER, RHENUS ET DACHSER.\u00a0\u00bb image=\u00a0\u00bb13382&Prime; link=\u00a0\u00bburl:https%3A%2F%2Fwww.fuso-trucks.be%2Ffr%2Fblog%2Flavenir-des-aujourdhui%2F|title:L%27AVENIR%20D%C3%88S%20AUJOURD%27HUI.%20PREMIERS%20eCANTERS%20ENTI%C3%88REMENT%20%C3%89LECTRIQUES%20POUR%20LES%20LOGISTIQUES%20DHL%2C%20DB%20SCHENKER%2C%20RHENUS%20ET%20DACHSER.|\u00a0\u00bb]\n            <\/ul>\n        <\/div>\n    <\/div>\n[\/vc_column][\/vc_row]<\/p>\n<\/div>","protected":false},"excerpt":{"rendered":"<\/p>\n","protected":false},"author":44,"featured_media":0,"parent":0,"menu_order":0,"comment_status":"closed","ping_status":"closed","template":"templates\/template-default-hero.php","meta":{"_acf_changed":false,"footnotes":""},"class_list":["post-21476","page","type-page","status-publish","hentry"],"acf":[],"yoast_head":"<!-- This site is optimized with the Yoast SEO plugin v27.3 - https:\/\/yoast.com\/product\/yoast-seo-wordpress\/ -->\n<title>FUSO \u2013 Recherche de revendeurs<\/title>\n<meta name=\"description\" content=\"Concessionnaires FUSO \u00e0 proximit\u00e9 \u2713 Atelier &amp; service dans la r\u00e9gion \u2713 Service Canter &amp; eCanter \u25ba Trouver un concessionnaire maintenant !\" \/>\n<meta name=\"robots\" content=\"index, follow, max-snippet:-1, max-image-preview:large, max-video-preview:-1\" \/>\n<link rel=\"canonical\" href=\"https:\/\/www.fuso-trucks.be\/fr\/distributeurs\/\" \/>\n<meta property=\"og:locale\" content=\"fr_FR\" \/>\n<meta property=\"og:type\" content=\"article\" \/>\n<meta property=\"og:title\" content=\"FUSO \u2013 Recherche de revendeurs\" \/>\n<meta property=\"og:description\" content=\"Concessionnaires FUSO \u00e0 proximit\u00e9 \u2713 Atelier &amp; service dans la r\u00e9gion \u2713 Service Canter &amp; eCanter \u25ba Trouver un concessionnaire maintenant !\" \/>\n<meta property=\"og:url\" content=\"https:\/\/www.fuso-trucks.be\/fr\/distributeurs\/\" \/>\n<meta property=\"og:site_name\" content=\"FUSO Trucks BE\" \/>\n<meta property=\"article:modified_time\" content=\"2022-10-26T07:51:28+00:00\" \/>\n<meta name=\"twitter:card\" content=\"summary_large_image\" \/>\n<meta name=\"twitter:label1\" content=\"Dur\u00e9e de lecture est.\" \/>\n\t<meta name=\"twitter:data1\" content=\"4 minutes\" \/>\n<script type=\"application\/ld+json\" class=\"yoast-schema-graph\">{\"@context\":\"https:\\\/\\\/schema.org\",\"@graph\":[{\"@type\":\"WebPage\",\"@id\":\"https:\\\/\\\/www.fuso-trucks.be\\\/fr\\\/distributeurs\\\/\",\"url\":\"https:\\\/\\\/www.fuso-trucks.be\\\/fr\\\/distributeurs\\\/\",\"name\":\"FUSO \u2013 Recherche de revendeurs\",\"isPartOf\":{\"@id\":\"https:\\\/\\\/www.fuso-trucks.be\\\/fr\\\/#website\"},\"datePublished\":\"2022-10-26T07:10:27+00:00\",\"dateModified\":\"2022-10-26T07:51:28+00:00\",\"description\":\"Concessionnaires FUSO \u00e0 proximit\u00e9 \u2713 Atelier & service dans la r\u00e9gion \u2713 Service Canter & eCanter \u25ba Trouver un concessionnaire maintenant !\",\"breadcrumb\":{\"@id\":\"https:\\\/\\\/www.fuso-trucks.be\\\/fr\\\/distributeurs\\\/#breadcrumb\"},\"inLanguage\":\"fr-BE\",\"potentialAction\":[{\"@type\":\"ReadAction\",\"target\":[\"https:\\\/\\\/www.fuso-trucks.be\\\/fr\\\/distributeurs\\\/\"]}]},{\"@type\":\"BreadcrumbList\",\"@id\":\"https:\\\/\\\/www.fuso-trucks.be\\\/fr\\\/distributeurs\\\/#breadcrumb\",\"itemListElement\":[{\"@type\":\"ListItem\",\"position\":1,\"name\":\"Home\",\"item\":\"https:\\\/\\\/www.fuso-trucks.be\\\/fr\\\/\"},{\"@type\":\"ListItem\",\"position\":2,\"name\":\"Distributeurs\"}]},{\"@type\":\"WebSite\",\"@id\":\"https:\\\/\\\/www.fuso-trucks.be\\\/fr\\\/#website\",\"url\":\"https:\\\/\\\/www.fuso-trucks.be\\\/fr\\\/\",\"name\":\"FUSO Trucks BE\",\"description\":\"\",\"potentialAction\":[{\"@type\":\"SearchAction\",\"target\":{\"@type\":\"EntryPoint\",\"urlTemplate\":\"https:\\\/\\\/www.fuso-trucks.be\\\/fr\\\/?s={search_term_string}\"},\"query-input\":{\"@type\":\"PropertyValueSpecification\",\"valueRequired\":true,\"valueName\":\"search_term_string\"}}],\"inLanguage\":\"fr-BE\"}]}<\/script>\n<!-- \/ Yoast SEO plugin. -->","yoast_head_json":{"title":"FUSO \u2013 Recherche de revendeurs","description":"Concessionnaires FUSO \u00e0 proximit\u00e9 \u2713 Atelier & service dans la r\u00e9gion \u2713 Service Canter & eCanter \u25ba Trouver un concessionnaire maintenant !","robots":{"index":"index","follow":"follow","max-snippet":"max-snippet:-1","max-image-preview":"max-image-preview:large","max-video-preview":"max-video-preview:-1"},"canonical":"https:\/\/www.fuso-trucks.be\/fr\/distributeurs\/","og_locale":"fr_FR","og_type":"article","og_title":"FUSO \u2013 Recherche de revendeurs","og_description":"Concessionnaires FUSO \u00e0 proximit\u00e9 \u2713 Atelier & service dans la r\u00e9gion \u2713 Service Canter & eCanter \u25ba Trouver un concessionnaire maintenant !","og_url":"https:\/\/www.fuso-trucks.be\/fr\/distributeurs\/","og_site_name":"FUSO Trucks BE","article_modified_time":"2022-10-26T07:51:28+00:00","twitter_card":"summary_large_image","twitter_misc":{"Dur\u00e9e de lecture est.":"4 minutes"},"schema":{"@context":"https:\/\/schema.org","@graph":[{"@type":"WebPage","@id":"https:\/\/www.fuso-trucks.be\/fr\/distributeurs\/","url":"https:\/\/www.fuso-trucks.be\/fr\/distributeurs\/","name":"FUSO \u2013 Recherche de revendeurs","isPartOf":{"@id":"https:\/\/www.fuso-trucks.be\/fr\/#website"},"datePublished":"2022-10-26T07:10:27+00:00","dateModified":"2022-10-26T07:51:28+00:00","description":"Concessionnaires FUSO \u00e0 proximit\u00e9 \u2713 Atelier & service dans la r\u00e9gion \u2713 Service Canter & eCanter \u25ba Trouver un concessionnaire maintenant !","breadcrumb":{"@id":"https:\/\/www.fuso-trucks.be\/fr\/distributeurs\/#breadcrumb"},"inLanguage":"fr-BE","potentialAction":[{"@type":"ReadAction","target":["https:\/\/www.fuso-trucks.be\/fr\/distributeurs\/"]}]},{"@type":"BreadcrumbList","@id":"https:\/\/www.fuso-trucks.be\/fr\/distributeurs\/#breadcrumb","itemListElement":[{"@type":"ListItem","position":1,"name":"Home","item":"https:\/\/www.fuso-trucks.be\/fr\/"},{"@type":"ListItem","position":2,"name":"Distributeurs"}]},{"@type":"WebSite","@id":"https:\/\/www.fuso-trucks.be\/fr\/#website","url":"https:\/\/www.fuso-trucks.be\/fr\/","name":"FUSO Trucks BE","description":"","potentialAction":[{"@type":"SearchAction","target":{"@type":"EntryPoint","urlTemplate":"https:\/\/www.fuso-trucks.be\/fr\/?s={search_term_string}"},"query-input":{"@type":"PropertyValueSpecification","valueRequired":true,"valueName":"search_term_string"}}],"inLanguage":"fr-BE"}]}},"_links":{"self":[{"href":"https:\/\/www.fuso-trucks.be\/fr\/wp-json\/wp\/v2\/pages\/21476","targetHints":{"allow":["GET"]}}],"collection":[{"href":"https:\/\/www.fuso-trucks.be\/fr\/wp-json\/wp\/v2\/pages"}],"about":[{"href":"https:\/\/www.fuso-trucks.be\/fr\/wp-json\/wp\/v2\/types\/page"}],"author":[{"embeddable":true,"href":"https:\/\/www.fuso-trucks.be\/fr\/wp-json\/wp\/v2\/users\/44"}],"replies":[{"embeddable":true,"href":"https:\/\/www.fuso-trucks.be\/fr\/wp-json\/wp\/v2\/comments?post=21476"}],"version-history":[{"count":6,"href":"https:\/\/www.fuso-trucks.be\/fr\/wp-json\/wp\/v2\/pages\/21476\/revisions"}],"predecessor-version":[{"id":21483,"href":"https:\/\/www.fuso-trucks.be\/fr\/wp-json\/wp\/v2\/pages\/21476\/revisions\/21483"}],"wp:attachment":[{"href":"https:\/\/www.fuso-trucks.be\/fr\/wp-json\/wp\/v2\/media?parent=21476"}],"curies":[{"name":"wp","href":"https:\/\/api.w.org\/{rel}","templated":true}]}}